
{"id":10047062,"date":"2025-03-24T21:40:34","date_gmt":"2025-03-24T20:40:34","guid":{"rendered":"https:\/\/sovalab.pl\/?post_type=product&#038;p=10047062"},"modified":"2025-12-22T23:39:36","modified_gmt":"2025-12-22T22:39:36","slug":"mini-panel-magnetyczny-z-wyprowadzeniem","status":"publish","type":"product","link":"https:\/\/sovalab.pl\/en\/mini-panel-magnetyczny-z-wyprowadzeniem\/","title":{"rendered":"MINI magnetyczny panel monta\u017cowy. Do w\u0119\u017cy ss\u0105cych, pr\u00f3\u017cniowych"},"content":{"rendered":"<div class=\"mpof_ki myre_zn myre_8v_l m389_6m_l\">\n<div class=\"mp4t_16_s mryx_16_s mr3m_1 mli2_1 mh85_56 mh85_0_l\">\n<div class=\"mgn2_16 _0d3bd_am0a-\">\n<p>Wszechstronny, magnetyczny panel monta\u017cowy, zaprojektowany z my\u015bl\u0105 o elastycznym i skutecznym pod\u0142\u0105czaniu system\u00f3w odci\u0105gu py\u0142u. Idealnie sprawdza si\u0119 w indywidualnych konfiguracjach, umo\u017cliwiaj\u0105c \u0142atwe po\u0142\u0105czenie w\u0119\u017cy odci\u0105gowych z niestandardowymi maszynami, takimi jak frezarki sto\u0142owe, szlifierki, pi\u0142y czy skrzynie robocze.<\/p>\n<p>Panel mo\u017cna \u0142atwo przykr\u0119ci\u0107 do dowolnej p\u0142askiej powierzchni, tworz\u0105c stabilny i <b>wygodny<\/b> punkt do pod\u0142\u0105czania w\u0119\u017cy o mniejszych \u015brednicach. To doskona\u0142e rozwi\u0105zanie do utrzymania porz\u0105dku i czysto\u015bci w ka\u017cdym warsztacie.<\/p>\n<p>Ta wersja przeznaczona jest do instalacji <b>gwintowanych w\u0119\u017cy pr\u00f3\u017cniowych<\/b>, takich jak przy odkurzaczach warsztatowy. Wersja <b>SPIRO<\/b> dost\u0119pna na innych naszych aukcjach.<\/p>\n<p><b>Panel wyposa\u017cony jest w lewostronny gwint.<\/b><\/p>\n<\/div>\n<\/div>\n<div class=\"mp4t_16_s mryx_16_s mr3m_1 mli2_1 mh85_56 mh85_0_l\">\n<div class=\"mg9e_8 mj7a_8 mg9e_0_s mvrt_0_s mj7a_0_s mh36_0_s mzmg_6m munh_16_l m3h2_16_l\">\n<div class=\"mp4t_0 mryx_0 munh_56 m3h2_56\">\n<div class=\"mp7g_oh\"><\/div>\n<\/div>\n<\/div>\n<\/div>\n<\/div>\n<div class=\"mpof_ki myre_zn myre_8v_l m389_6m_l\">\n<div class=\"mp4t_16_s mryx_16_s mr3m_1 mli2_1 mh85_56 mh85_0_l\">\n<div class=\"mgn2_16 _0d3bd_am0a-\">\n<p><b>Zalety produktu<\/b><\/p>\n<ul>\n<li><b>B\u0142yskawiczne pod\u0142\u0105czanie:<\/b> Silne magnesy neodymowe pozwalaj\u0105 na natychmiastowe i pewne po\u0142\u0105czenie w\u0119\u017ca, bez u\u017cycia narz\u0119dzi.<\/li>\n<li><b>Wszechstronny monta\u017c:<\/b> Mo\u017cliwo\u015b\u0107 przykr\u0119cenia panelu do dowolnej powierzchni \u2013 maszyn, sto\u0142\u00f3w roboczych czy dedykowanych skrzy\u0144.<\/li>\n<li><b>Pe\u0142na kompatybilno\u015b\u0107:<\/b> Dzi\u0119ki zastosowaniu dwukierunkowych magnes\u00f3w, z\u0142\u0105cza s\u0105 w pe\u0142ni uniwersalne i pasuj\u0105 do siebie niezale\u017cnie od po\u0142o\u017cenia.<\/li>\n<li><b>Modu\u0142owy system:<\/b> Jedna baza magnetyczna mo\u017ce by\u0107 u\u017cywana ze z\u0142\u0105czami o r\u00f3\u017cnych \u015brednicach, co pozwala na \u0142atw\u0105 rozbudow\u0119 systemu.<\/li>\n<li><b>Wyj\u0105tkowa trwa\u0142o\u015b\u0107:<\/b> Wykonanie z materia\u0142u PETG gwarantuje wysok\u0105 odporno\u015b\u0107 na uderzenia, temperatur\u0119 i promieniowanie UV, sprawdzaj\u0105c si\u0119 w wymagaj\u0105cych warunkach.<\/li>\n<\/ul>\n<p><b>Cechy produktu<\/b><\/p>\n<ul>\n<li><b>\u015arednica przy\u0142\u0105cza:<\/b> <strong>Do wyboru przy zam\u00f3wieniu<\/strong> (dostosowane do <b>ZEWN\u0118TRZNEJ<\/b> \u015brednicy gwintowanego w\u0119\u017ca pr\u00f3\u017cniowego).<\/li>\n<li><b>Materia\u0142:<\/b> Wytrzyma\u0142e tworzywo PETG.<\/li>\n<li><b>Magnesy:<\/b> 8 silnych magnes\u00f3w neodymowych w jednym panelu.<\/li>\n<li><b>Konstrukcja:<\/b> Sto\u017ckowy kr\u00f3ciec u\u0142atwiaj\u0105cy bezproblemowe wkr\u0119cenia i uszczelnienia w\u0119\u017ca.<\/li>\n<li><b>Technologia wykonania:<\/b> Precyzyjny druk 3D w technologii FDM.<\/li>\n<li><b>Cena:<\/b> Dotyczy 1 sztuki panelu monta\u017cowego.<\/li>\n<\/ul>\n<\/div>\n<\/div>\n<\/div>\n","protected":false},"excerpt":{"rendered":"<p>Wszechstronny, magnetyczny panel monta\u017cowy, zaprojektowany z my\u015bl\u0105 o elastycznym i skutecznym pod\u0142\u0105czaniu system\u00f3w odci\u0105gu py\u0142u. Idealnie sprawdza si\u0119 w indywidualnych konfiguracjach, umo\u017cliwiaj\u0105c \u0142atwe po\u0142\u0105czenie w\u0119\u017cy odci\u0105gowych z niestandardowymi maszynami, takimi jak frezarki sto\u0142owe, szlifierki, pi\u0142y czy skrzynie robocze. Panel mo\u017cna&#8230;<\/p>\n","protected":false},"featured_media":10050324,"comment_status":"closed","ping_status":"closed","template":"","meta":[],"product_brand":[390],"product_cat":[342,196,254],"product_tag":[],"class_list":{"0":"post-10047062","1":"product","2":"type-product","3":"status-publish","4":"has-post-thumbnail","6":"product_brand-sovalab","7":"product_cat-magsnap-mini","8":"product_cat-odciagi","9":"product_cat-zlacza-magnetyczne","10":"product_shipping_class-male","12":"first","13":"instock","14":"featured","15":"taxable","16":"shipping-taxable","17":"purchasable","18":"product-type-variable"},"_links":{"self":[{"href":"https:\/\/sovalab.pl\/en\/wp-json\/wp\/v2\/product\/10047062","targetHints":{"allow":["GET"]}}],"collection":[{"href":"https:\/\/sovalab.pl\/en\/wp-json\/wp\/v2\/product"}],"about":[{"href":"https:\/\/sovalab.pl\/en\/wp-json\/wp\/v2\/types\/product"}],"replies":[{"embeddable":true,"href":"https:\/\/sovalab.pl\/en\/wp-json\/wp\/v2\/comments?post=10047062"}],"wp:featuredmedia":[{"embeddable":true,"href":"https:\/\/sovalab.pl\/en\/wp-json\/wp\/v2\/media\/10050324"}],"wp:attachment":[{"href":"https:\/\/sovalab.pl\/en\/wp-json\/wp\/v2\/media?parent=10047062"}],"wp:term":[{"taxonomy":"product_brand","embeddable":true,"href":"https:\/\/sovalab.pl\/en\/wp-json\/wp\/v2\/product_brand?post=10047062"},{"taxonomy":"product_cat","embeddable":true,"href":"https:\/\/sovalab.pl\/en\/wp-json\/wp\/v2\/product_cat?post=10047062"},{"taxonomy":"product_tag","embeddable":true,"href":"https:\/\/sovalab.pl\/en\/wp-json\/wp\/v2\/product_tag?post=10047062"}],"curies":[{"name":"wp","href":"https:\/\/api.w.org\/{rel}","templated":true}]}}