
{"id":10047085,"date":"2025-03-25T08:25:20","date_gmt":"2025-03-25T07:25:20","guid":{"rendered":"https:\/\/sovalab.pl\/?post_type=product&#038;p=10047085"},"modified":"2026-01-15T08:43:54","modified_gmt":"2026-01-15T07:43:54","slug":"skladany-kolowrotek-na-wloczke-yarn-spinner-for-crochet-knitting","status":"publish","type":"product","link":"https:\/\/sovalab.pl\/en\/skladany-kolowrotek-na-wloczke-yarn-spinner-for-crochet-knitting\/","title":{"rendered":"Sk\u0142adany ko\u0142owrotek na w\u0142\u00f3czk\u0119 | Yarn spinner for Crochet \/ Knitting"},"content":{"rendered":"[vc_row type=&#8221;in_container&#8221; full_screen_row_position=&#8221;middle&#8221; column_margin=&#8221;default&#8221; column_direction=&#8221;default&#8221; column_direction_tablet=&#8221;default&#8221; column_direction_phone=&#8221;default&#8221; scene_position=&#8221;center&#8221; text_color=&#8221;dark&#8221; text_align=&#8221;left&#8221; row_border_radius=&#8221;none&#8221; row_border_radius_applies=&#8221;bg&#8221; overflow=&#8221;visible&#8221; overlay_strength=&#8221;0.3&#8243; gradient_direction=&#8221;left_to_right&#8221; shape_divider_position=&#8221;bottom&#8221; bg_image_animation=&#8221;none&#8221;][vc_column column_padding=&#8221;no-extra-padding&#8221; column_padding_tablet=&#8221;inherit&#8221; column_padding_phone=&#8221;inherit&#8221; column_padding_position=&#8221;all&#8221; column_element_direction_desktop=&#8221;default&#8221; column_element_spacing=&#8221;default&#8221; desktop_text_alignment=&#8221;default&#8221; tablet_text_alignment=&#8221;default&#8221; phone_text_alignment=&#8221;default&#8221; background_color_opacity=&#8221;1&#8243; background_hover_color_opacity=&#8221;1&#8243; column_backdrop_filter=&#8221;none&#8221; column_shadow=&#8221;none&#8221; column_border_radius=&#8221;none&#8221; column_link_target=&#8221;_self&#8221; column_position=&#8221;default&#8221; gradient_direction=&#8221;left_to_right&#8221; overlay_strength=&#8221;0.3&#8243; width=&#8221;1\/1&#8243; tablet_width_inherit=&#8221;default&#8221; animation_type=&#8221;default&#8221; bg_image_animation=&#8221;none&#8221; border_type=&#8221;simple&#8221; column_border_width=&#8221;none&#8221; column_border_style=&#8221;solid&#8221;][vc_column_text]\n<h1>Obrotowy stojak na w\u0142\u00f3czk\u0119<\/h1>\n<h3>Zadbaj o komfort podczas dziergania dzi\u0119ki praktycznemu stojakowi, kt\u00f3ry umo\u017cliwia swobodne rozwijanie w\u0142\u00f3czki bez pl\u0105tania, turlania si\u0119 motka czy konieczno\u015bci ci\u0105g\u0142ego poprawiania go r\u0119cznie. Sk\u0142adany ko\u0142owrotek na w\u0142\u00f3czk\u0119, to funkcjonalny gad\u017cet usprawni ka\u017cd\u0105 rob\u00f3tk\u0119 r\u0119czn\u0105, pozwalaj\u0105c Ci skupi\u0107 si\u0119 wy\u0142\u0105cznie na tworzeniu.<\/h3>\n<h3>Co go wyr\u00f3\u017cnia?<\/h3>\n<h3><\/h3>\n<ul>\n<li>\n<h3>Obrotowa podstawa dzi\u0119ki zainstalowanemu wewn\u0105trz <strong>\u0142o\u017cysku mechanicznemu<\/strong> \u2013 motek rozwija si\u0119<strong> p\u0142ynnie<\/strong> w rytm Twojej pracy, bez oporu i szarpania.<\/h3>\n<\/li>\n<li>\n<h3>Szybki system monta\u017cu \u2013 dzi\u0119ki magnetycznemu trzpieniowi w\u0142\u00f3czk\u0119 zamocujesz i zdejmiesz jednym ruchem, bez konieczno\u015bci rozkr\u0119cania.<\/h3>\n<\/li>\n<li>\n<h3>\u00a0Zabezpieczenie przed uszkodzeniem \u2013 w przypadku nag\u0142ego szarpni\u0119cia mechanizm sam si\u0119 roz\u0142\u0105cza, chroni\u0105c ca\u0142o\u015b\u0107 przed uszkodzeniem.<\/h3>\n<\/li>\n<li>\n<h3>Kompaktowa konstrukcja \u2013 stojak mo\u017cna \u0142atwo z\u0142o\u017cy\u0107 i zabra\u0107 ze sob\u0105 \u2013 sprawdzi si\u0119 zar\u00f3wno w domowym k\u0105ciku rob\u00f3tek, jak i w podr\u00f3\u017cy.<\/h3>\n<\/li>\n<li>\n<h3>Dzi\u0119ki antypo\u015blizgowym stopkom trzyma si\u0119 stabilnie na ka\u017cdej powierzchni, zapobiegaj\u0105c przesuwaniu<\/h3>\n<\/li>\n<li>\n<h3>Ko\u0142owrotek posiada delikatnie teksturowan\u0105 powierzchni\u0119, kt\u00f3ra nadaje mu subtelny, estetyczny charakter i wyj\u0105tkowy wygl\u0105d, \u00a0i poprawia komfort u\u017cytkowania<\/h3>\n<\/li>\n<\/ul>\n<h3><strong>Minimalistyczny, starannie wykonany<\/strong> i stworzony z my\u015bl\u0105 o wygodzie, i spokoju pracy \u2013 to idealne uzupe\u0142nienie ka\u017cdego zestawu dziewiarskiego.<\/h3>\n<h3><\/h3>\n<h3><strong>Rozmiar:<\/strong><\/h3>\n<h3><strong>Baza: 125x25mm | Trzpie\u0144: 140 mm\u00a0<\/strong><\/h3>\n<p>&nbsp;<\/p>\n<p>Staramy si\u0119, aby zdj\u0119cia naszych produkt\u00f3w wiernie oddawa\u0142y rzeczywisty kolor przedmiotu. Jednak\u017ce, ze wzgl\u0119du na r\u00f3\u017cnice w ustawieniach monitor\u00f3w i urz\u0105dze\u0144 (jasno\u015b\u0107, kontrast, nasycenie, itp.) mo\u017ce wyst\u0105pi\u0107 niewielka r\u00f3\u017cnica w kolorze mi\u0119dzy tym, co jest pokazane na stronie, a produktem finalnym. Je\u015bli potrzebujesz dok\u0142adnego dopasowania koloru, skontaktuj si\u0119 z nami, aby\u015bmy mogli przygotowa\u0107 pr\u00f3bk\u0119 koloru, kt\u00f3ry chcesz dopasowa\u0107. Mo\u017ce to wi\u0105za\u0107 si\u0119 z dodatkow\u0105 op\u0142at\u0105, o kt\u00f3rej poinformujemy Ci\u0119 przed z\u0142o\u017ceniem zam\u00f3wienia<\/p>\n<p>&nbsp;<\/p>\n<blockquote class=\"instagram-media\" style=\"background: #FFF; border: 0; border-radius: 3px; box-shadow: 0 0 1px 0 rgba(0,0,0,0.5),0 1px 10px 0 rgba(0,0,0,0.15); margin: 1px; max-width: 540px; min-width: 326px; padding: 0; width: calc(100% - 2px);\" data-instgrm-captioned=\"\" data-instgrm-permalink=\"https:\/\/www.instagram.com\/reel\/DIt8a5aoGFJ\/?utm_source=ig_embed&#038;utm_campaign=loading\" data-instgrm-version=\"14\">\n<div style=\"padding: 16px;\">\n<p>&nbsp;<\/p>\n<div style=\"display: flex; flex-direction: row; align-items: center;\">\n<div style=\"background-color: #f4f4f4; border-radius: 50%; flex-grow: 0; height: 40px; margin-right: 14px; width: 40px;\"><\/div>\n<div style=\"display: flex; flex-direction: column; flex-grow: 1; justify-content: center;\">\n<div style=\"background-color: #f4f4f4; border-radius: 4px; flex-grow: 0; height: 14px; margin-bottom: 6px; width: 100px;\"><\/div>\n<div style=\"background-color: #f4f4f4; border-radius: 4px; flex-grow: 0; height: 14px; width: 60px;\"><\/div>\n<\/div>\n<\/div>\n<div style=\"padding: 19% 0;\"><\/div>\n<div style=\"display: block; height: 50px; margin: 0 auto 12px; width: 50px;\"><\/div>\n<div style=\"padding-top: 8px;\">\n<div style=\"color: #3897f0; font-family: Arial,sans-serif; font-size: 14px; font-style: normal; font-weight: 550; line-height: 18px;\">Wy\u015bwietl ten post na Instagramie<\/div>\n<\/div>\n<div style=\"padding: 12.5% 0;\"><\/div>\n<div style=\"display: flex; flex-direction: row; margin-bottom: 14px; align-items: center;\">\n<div>\n<div style=\"background-color: #f4f4f4; border-radius: 50%; height: 12.5px; width: 12.5px; transform: translateX(0px) translateY(7px);\"><\/div>\n<div style=\"background-color: #f4f4f4; height: 12.5px; transform: rotate(-45deg) translateX(3px) translateY(1px); width: 12.5px; flex-grow: 0; margin-right: 14px; margin-left: 2px;\"><\/div>\n<div style=\"background-color: #f4f4f4; border-radius: 50%; height: 12.5px; width: 12.5px; transform: translateX(9px) translateY(-18px);\"><\/div>\n<\/div>\n<div style=\"margin-left: 8px;\">\n<div style=\"background-color: #f4f4f4; border-radius: 50%; flex-grow: 0; height: 20px; width: 20px;\"><\/div>\n<div style=\"width: 0; height: 0; border-top: 2px solid transparent; border-left: 6px solid #f4f4f4; border-bottom: 2px solid transparent; transform: translateX(16px) translateY(-4px) rotate(30deg);\"><\/div>\n<\/div>\n<div style=\"margin-left: auto;\">\n<div style=\"width: 0px; border-top: 8px solid #F4F4F4; border-right: 8px solid transparent; transform: translateY(16px);\"><\/div>\n<div style=\"background-color: #f4f4f4; flex-grow: 0; height: 12px; width: 16px; transform: translateY(-4px);\"><\/div>\n<div style=\"width: 0; height: 0; border-top: 8px solid #F4F4F4; border-left: 8px solid transparent; transform: translateY(-4px) translateX(8px);\"><\/div>\n<\/div>\n<\/div>\n<div style=\"display: flex; flex-direction: column; flex-grow: 1; justify-content: center; margin-bottom: 24px;\">\n<div style=\"background-color: #f4f4f4; border-radius: 4px; flex-grow: 0; height: 14px; margin-bottom: 6px; width: 224px;\"><\/div>\n<div style=\"background-color: #f4f4f4; border-radius: 4px; flex-grow: 0; height: 14px; width: 144px;\"><\/div>\n<\/div>\n<p>&nbsp;<\/p>\n<p style=\"color: #c9c8cd; font-family: Arial,sans-serif; font-size: 14px; line-height: 17px; margin-bottom: 0; margin-top: 8px; overflow: hidden; padding: 8px 0 7px; text-align: center; text-overflow: ellipsis; white-space: nowrap;\"><a style=\"color: #c9c8cd; font-family: Arial,sans-serif; font-size: 14px; font-style: normal; font-weight: normal; line-height: 17px; text-decoration: none;\" href=\"https:\/\/www.instagram.com\/reel\/DIt8a5aoGFJ\/?utm_source=ig_embed&amp;utm_campaign=loading\" target=\"_blank\" rel=\"noopener\">Post udost\u0119pniony przez s o v a l a b DRUK 3D (@sovalab.pl)<\/a><\/p>\n<\/div>\n<\/blockquote>\n<p><script async src=\"\/\/www.instagram.com\/embed.js\"><\/script><\/p>\n[\/vc_column_text][\/vc_column][\/vc_row]\n","protected":false},"excerpt":{"rendered":"<p><strong>Podstawa spinnera wyposa\u017cona \u00a0jest w metalowe wype\u0142nienie, kt\u00f3re zosta\u0142o osadzone podczas procesu drukowania, co zapewnia mu doci\u0105\u017cenie, stabilno\u015b\u0107 oraz zapobiega przesuwaniu si\u0119 na \u015bliskiej powierzchni.<\/strong><\/p>\n","protected":false},"featured_media":10047096,"comment_status":"open","ping_status":"closed","template":"","meta":[],"product_brand":[390],"product_cat":[434],"product_tag":[],"class_list":{"0":"post-10047085","1":"product","2":"type-product","3":"status-publish","4":"has-post-thumbnail","6":"product_brand-sovalab","7":"product_cat-stojaki-na-wloczke","8":"product_shipping_class-male","10":"first","11":"instock","12":"taxable","13":"shipping-taxable","14":"purchasable","15":"product-type-variable"},"_links":{"self":[{"href":"https:\/\/sovalab.pl\/en\/wp-json\/wp\/v2\/product\/10047085","targetHints":{"allow":["GET"]}}],"collection":[{"href":"https:\/\/sovalab.pl\/en\/wp-json\/wp\/v2\/product"}],"about":[{"href":"https:\/\/sovalab.pl\/en\/wp-json\/wp\/v2\/types\/product"}],"replies":[{"embeddable":true,"href":"https:\/\/sovalab.pl\/en\/wp-json\/wp\/v2\/comments?post=10047085"}],"wp:featuredmedia":[{"embeddable":true,"href":"https:\/\/sovalab.pl\/en\/wp-json\/wp\/v2\/media\/10047096"}],"wp:attachment":[{"href":"https:\/\/sovalab.pl\/en\/wp-json\/wp\/v2\/media?parent=10047085"}],"wp:term":[{"taxonomy":"product_brand","embeddable":true,"href":"https:\/\/sovalab.pl\/en\/wp-json\/wp\/v2\/product_brand?post=10047085"},{"taxonomy":"product_cat","embeddable":true,"href":"https:\/\/sovalab.pl\/en\/wp-json\/wp\/v2\/product_cat?post=10047085"},{"taxonomy":"product_tag","embeddable":true,"href":"https:\/\/sovalab.pl\/en\/wp-json\/wp\/v2\/product_tag?post=10047085"}],"curies":[{"name":"wp","href":"https:\/\/api.w.org\/{rel}","templated":true}]}}