
{"id":10047120,"date":"2025-03-26T14:40:16","date_gmt":"2025-03-26T13:40:16","guid":{"rendered":"https:\/\/sovalab.pl\/?post_type=product&#038;p=10047120"},"modified":"2026-05-06T16:36:43","modified_gmt":"2026-05-06T14:36:43","slug":"adapter-do-oslony-gornej-do-dewalt-dwe7492-40mm-skrecane","status":"publish","type":"product","link":"https:\/\/sovalab.pl\/en\/adapter-do-oslony-gornej-do-dewalt-dwe7492-40mm-skrecane\/","title":{"rendered":"Adapter do os\u0142ony g\u00f3rnej DeWALT DWE 7492. Przy\u0142\u0105cze w\u0119\u017ca odkurzacza warsztatowego, skr\u0119cane"},"content":{"rendered":"<h2 data-start=\"137\" data-end=\"182\">Adapter do os&#322;ony g&oacute;rnej DeWALT DWE 7492<\/h2>\n<h3 data-start=\"183\" data-end=\"237\">Przy&#322;&#261;cze w&#281;&#380;a odkurzacza warsztatowego, skr&#281;cane<\/h3>\n<p data-start=\"239\" data-end=\"415\">Ten adapter umo&#380;liwia <strong data-start=\"261\" data-end=\"329\">bezpo&#347;rednie pod&#322;&#261;czenie w&#281;&#380;a odkurzacza do os&#322;ony g&oacute;rnej tarczy<\/strong> w pilarce sto&#322;owej <strong data-start=\"349\" data-end=\"368\">DeWALT DWE 7492<\/strong>, dok&#322;adnie tam, gdzie powstaje najwi&#281;cej py&#322;u.<\/p>\n<p data-start=\"417\" data-end=\"534\">Efekt? <strong data-start=\"424\" data-end=\"512\">Skuteczniejsze odsysanie, lepsza widoczno&#347;&#263; linii ci&#281;cia i czystsze stanowisko pracy<\/strong> ju&#380; w trakcie ci&#281;cia.<\/p>\n<p data-start=\"536\" data-end=\"657\">Adapter zosta&#322; <strong data-start=\"551\" data-end=\"599\">zaprojektowany specjalnie pod model DWE 7492;<\/strong> bez luz&oacute;w, prowizorycznych przej&#347;ci&oacute;wek i niedopasowa&#324;. Ale pasuje do wszystkich z&#322;&#261;czy DeWalt AirLock.<\/p>\n<p data-start=\"659\" data-end=\"869\">Zastosowany <strong data-start=\"671\" data-end=\"703\">gwint lewoskr&#281;tny (standard)<\/strong> pozwala wkr&#281;ci&#263; elastyczny w&#261;&#380; bezpo&#347;rednio w adapter. Wystarczy przyci&#261;&#263; w&#261;&#380; i wkr&#281;ca&#263; go w lewo. Takie po&#322;&#261;czenie jest <strong data-start=\"825\" data-end=\"868\">stabilne, szczelne i odporne na drgania<\/strong>.<\/p>\n<p data-start=\"871\" data-end=\"1056\">Adapter sk&#322;ada si&#281; z <strong data-start=\"892\" data-end=\"922\">dw&oacute;ch skr&#281;canych element&oacute;w<\/strong>, co zapewnia trwa&#322;o&#347;&#263; i pewne mocowanie podczas pracy.<br data-start=\"977\" data-end=\"980\">Mo&#380;liwa integracja z <strong data-start=\"1001\" data-end=\"1055\">systemami odci&#261;gu py&#322;u oraz z&#322;&#261;czami magnetycznymi<\/strong>.<\/p>\n<p data-start=\"1058\" data-end=\"1079\"><strong data-start=\"1058\" data-end=\"1077\">Zestaw zawiera:<\/strong><\/p>\n<ul data-start=\"1080\" data-end=\"1167\">\n<li data-start=\"1080\" data-end=\"1105\">\n<p data-start=\"1082\" data-end=\"1105\">adapter (2 elementy),<\/p>\n<\/li>\n<li data-start=\"1106\" data-end=\"1134\">\n<p data-start=\"1108\" data-end=\"1134\">komplet &#347;rub i nakr&#281;tek,<\/p>\n<\/li>\n<li data-start=\"1135\" data-end=\"1167\">\n<p data-start=\"1137\" data-end=\"1167\">produkt dost&#281;pny w wariantach.<\/p>\n<\/li>\n<\/ul>\n","protected":false},"excerpt":{"rendered":"<p>Adapter do os&#322;ony g&oacute;rnej DeWALT DWE 7492 Przy&#322;&#261;cze w&#281;&#380;a odkurzacza warsztatowego, skr&#281;cane Ten adapter umo&#380;liwia bezpo&#347;rednie pod&#322;&#261;czenie w&#281;&#380;a odkurzacza do os&#322;ony g&oacute;rnej tarczy w pilarce sto&#322;owej DeWALT DWE 7492, dok&#322;adnie tam, gdzie powstaje najwi&#281;cej py&#322;u. Efekt? Skuteczniejsze odsysanie, lepsza widoczno&#347;&#263;&#8230;<\/p>\n","protected":false},"featured_media":10048959,"comment_status":"open","ping_status":"closed","template":"","meta":[],"product_brand":[390],"product_cat":[196,431,386],"product_tag":[],"class_list":{"0":"post-10047120","1":"product","2":"type-product","3":"status-publish","4":"has-post-thumbnail","6":"product_brand-sovalab","7":"product_cat-odciagi","8":"product_cat-adapter-dewalt","9":"product_cat-adaptery-redukcje","10":"product_shipping_class-male","12":"first","13":"instock","14":"taxable","15":"shipping-taxable","16":"purchasable","17":"product-type-variable"},"_links":{"self":[{"href":"https:\/\/sovalab.pl\/en\/wp-json\/wp\/v2\/product\/10047120","targetHints":{"allow":["GET"]}}],"collection":[{"href":"https:\/\/sovalab.pl\/en\/wp-json\/wp\/v2\/product"}],"about":[{"href":"https:\/\/sovalab.pl\/en\/wp-json\/wp\/v2\/types\/product"}],"replies":[{"embeddable":true,"href":"https:\/\/sovalab.pl\/en\/wp-json\/wp\/v2\/comments?post=10047120"}],"wp:featuredmedia":[{"embeddable":true,"href":"https:\/\/sovalab.pl\/en\/wp-json\/wp\/v2\/media\/10048959"}],"wp:attachment":[{"href":"https:\/\/sovalab.pl\/en\/wp-json\/wp\/v2\/media?parent=10047120"}],"wp:term":[{"taxonomy":"product_brand","embeddable":true,"href":"https:\/\/sovalab.pl\/en\/wp-json\/wp\/v2\/product_brand?post=10047120"},{"taxonomy":"product_cat","embeddable":true,"href":"https:\/\/sovalab.pl\/en\/wp-json\/wp\/v2\/product_cat?post=10047120"},{"taxonomy":"product_tag","embeddable":true,"href":"https:\/\/sovalab.pl\/en\/wp-json\/wp\/v2\/product_tag?post=10047120"}],"curies":[{"name":"wp","href":"https:\/\/api.w.org\/{rel}","templated":true}]}}