
{"id":10047177,"date":"2025-04-01T09:04:25","date_gmt":"2025-04-01T07:04:25","guid":{"rendered":"https:\/\/sovalab.pl\/?post_type=product&#038;p=10047177"},"modified":"2026-05-06T16:37:45","modified_gmt":"2026-05-06T14:37:45","slug":"magnetyczne-zlacze-adapter-dewalt-dwe7492-odciag-z-oslony-spiro-50mm","status":"publish","type":"product","link":"https:\/\/sovalab.pl\/en\/magnetyczne-zlacze-adapter-dewalt-dwe7492-odciag-z-oslony-spiro-50mm\/","title":{"rendered":"Magnetyczne z\u0142\u0105cze adapter DeWalt DWE7492 + odci\u0105g z os\u0142ony SPIRO 50mm"},"content":{"rendered":"<p>Magnetyczne z&#322;&#261;cze, adapter odci&#261;gu DeWalt DWE7492 +SPIRO od os&#322;ony, &nbsp;umo&#380;liwia bezpo&#347;rednie pod&#322;&#261;czenie elastycznego w&#281;&#380;a SPIRO odci&#261;gu trocin do PORT&Oacute;W stosowanych w maszynach DeWalt ( na zdj&#281;ciu DeWalt DWE7492 66mm ), ale te&#380; znajd&#261; zastosowanie przy wszelkich maszynach zawieraj&#261;cych porty do pod&#322;&#261;czenia odci&#261;g&oacute;w o <strong>&#347;rednich 66mm. To z&#322;&#261;cze dodatkowo zawiera mo&#380;liwo&#347;&#263; podpi&#281;cia odci&#261;gu z os&#322;ony tarczy. Dostosowane do w&#281;&#380;a SPIRO 50mm z lewostronnym gwintem<\/strong><\/p>\n<p><a href=\"https:\/\/sovalab.pl\/magsnap-magnetyczny-system-zlacz-odciagu-trocin\/\"><strong>Pasuje z naszym SYSTEMEM MAGNETYCZNYM.<\/strong><\/a><\/p>\n<p>Dzi&#281;ki zainstalowanym wewn&#261;trz magnesom, przepinanie w&#281;&#380;a z jednej maszyny do drugiej jest &#322;atwe, szybkie, bezproblemowe. Dzi&#281;ki dwukierunkowym magnesom, z&#322;&#261;cza s&#261; uniwersalne i zawsze b&#281;d&#261; do siebie pasowa&#263;, bez wzgl&#281;du na to, w jakim po&#322;o&#380;eniu je b&#281;dziesz stosowa&#263;. Tu nie ma stron + i -.<\/p>\n<p>Ta wersja z&#322;&#261;cza dedykowana jest do <strong>STANDARDOWYCH<\/strong> z&#322;&#261;czy, i nie pasuje do WERSJI MINI \/ MAX &nbsp;systemu oferowanego na naszych pozosta&#322;ych aukcjach.<\/p>\n<p>Elementy drukowane w technologii druku 3D, z wysokim wsp&oacute;&#322;czynnikiem wype&#322;nienia, aby zapewni&#263; wytrzyma&#322;o&#347;&#263; i trwa&#322;o&#347;&#263; w &#347;rodowisku warsztatowym.<br \/>\nCechy:<br \/>\n&ndash; Z&#322;&#261;cze na swoim ko&#324;cu ma naci&#281;cia oraz grzbiet dzi&#281;ki czemu adapter mo&#380;na nasun&#261;&#263; na port w maszynie a nast&#281;pnie zablokowa&#263; opaskami. Uniwersalne rozwi&#261;zanie do zastosowania przy r&oacute;&#380;nych maszynach.<br \/>\n&ndash; Wysokiej jako&#347;ci konstrukcja wykonana z trwa&#322;ych materia&#322;&oacute;w, kt&oacute;re s&#261; w stanie sprosta&#263; wymaganiom &#347;rodowiska warsztatu stolarskiego.<br \/>\n&ndash; &#346;ciany wykonane z lekkim skosem &ndash; a wi&#281;c u&#322;atwiaj&#261; instalacj&#281;.<br \/>\n&ndash; Baza magnetyczna zawsze jest taka sama, dzi&#281;ki czemu bez problemu istnieje mo&#380;liwo&#347;&#263; przepinania pomi&#281;dzy &#347;rednicami.<br \/>\nZ&#322;&#261;cza i adaptery s&#261; wykonane z odpornego na uderzenia materia&#322;u PETG przy u&#380;yciu najnowocze&#347;niejszych proces&oacute;w produkcji FDM o wysokiej dok&#322;adno&#347;ci. PETG oferuje wysok&#261; odporno&#347;&#263; na uderzenia, wy&#380;sz&#261; odporno&#347;&#263; termiczn&#261; i chemiczna oraz jest materia&#322;em odpornym na promieniowanie UV. Chocia&#380; PETG jest trudniejszy i dro&#380;szy w obs&#322;udze, ale uwa&#380;amy, &#380;e jest to lepszy materia&#322; do tego zastosowania.<\/p>\n<p>Produkty wykonywane s&#261; na indywidualne zam&oacute;wienie, co oznacza &#380;e nie s&#261; to produkty kt&oacute;re le&#380;&#261; na p&oacute;&#322;ce. Tworzone s&#261; na podstawie przes&#322;anych wytycznych. Dlatego przy takich zam&oacute;wieniach bardzo istotne jest dok&#322;adne podawanie wymiar&oacute;w, gdy&#380; nie ma mo&#380;liwo&#347;ci wymiany \/ zwrotu. W zale&#380;no&#347;ci od dok&#322;adno&#347;ci pomiaru &ndash; z&#322;&#261;cze b&#281;dzie pasowa&#263; idealnie, lub w skrajnych przypadkach mo&#380;e by&#263; za ciasne\/za lu&#378;ne. Prosz&#281; nie wbija&#263; na si&#322;&#281;. Niewielkie rozbie&#380;no&#347;ci w wymiarach mo&#380;na poprawi&#263; zanurzaj&#261;c we wrz&#261;tku &ndash; materia&#322; stanie si&#281; podatny na rozci&#261;ganie, ale nie b&#281;dzie elastyczny. Je&#380;eli chcesz zaadoptowa&#263; nasze z&#322;&#261;cza do niestandardowych rozwi&#261;za&#324; zastosowanych w Twoim warsztacie &ndash; poinformuj nas aby&#347;my mogli dostosowa&#263; nasze z&#322;&#261;cza magnetyczne.<\/p>\n<p>Jedno z&#322;&#261;cze zawiera 8 magnes&oacute;w neodymowych.<br \/>\nCena dotyczy 1 sztuki.<br \/>\nDane techniczne:<br \/>\n&ndash; &#346;rednica portu: <strong>&Oslash; 66mm<\/strong><\/p>\n<p>&ndash; &#346;rednica portu bocznego: <strong>&Oslash; 50mm<\/strong><\/p>\n<p>&ndash; Materia&#322;: <strong>PETG<\/strong>**This product is only a connector and does not include the tool or the dust extraction hose.**<\/p>\n<p>**If you haven&rsquo;t found the item you&rsquo;re looking for, contact me and I&rsquo;ll design one especially for you!**<\/p>\n<p>**Note: As this is a 3D-printed item, each print may sometimes have imperfections. I make every effort to minimize any issues, both in the design and construction.**<strong>KOLOR PRODUKTU: matowa ciemna ziele&#324;. <\/strong><strong>OPCJONALNIE mo&#380;liwe zastosowanie koloru CZARNY MAT.<\/strong><\/p>\n<p>&nbsp;\n<\/p>\n<blockquote class=\"instagram-media\" style=\"background: #FFF; border: 0; border-radius: 3px; box-shadow: 0 0 1px 0 rgba(0,0,0,0.5),0 1px 10px 0 rgba(0,0,0,0.15); margin: 1px; max-width: 540px; min-width: 326px; padding: 0; width: calc(100% - 2px);\" data-instgrm-permalink=\"https:\/\/www.instagram.com\/reel\/C7r7WQyo9sE\/?amp;utm_campaign=loading\" data-instgrm-version=\"14\">\n<div style=\"padding: 16px;\">\n<p>&nbsp;<\/p>\n<div style=\"display: flex; flex-direction: row; align-items: center;\">\n<div style=\"background-color: #f4f4f4; border-radius: 50%; flex-grow: 0; height: 40px; margin-right: 14px; width: 40px;\"><\/div>\n<div style=\"display: flex; flex-direction: column; flex-grow: 1; justify-content: center;\">\n<div style=\"background-color: #f4f4f4; border-radius: 4px; flex-grow: 0; height: 14px; margin-bottom: 6px; width: 100px;\"><\/div>\n<div style=\"background-color: #f4f4f4; border-radius: 4px; flex-grow: 0; height: 14px; width: 60px;\"><\/div>\n<\/div>\n<\/div>\n<div style=\"padding: 19% 0;\"><\/div>\n<div style=\"display: block; height: 50px; margin: 0 auto 12px; width: 50px;\"><\/div>\n<div style=\"padding-top: 8px;\">\n<div style=\"color: #3897f0; font-family: Arial,sans-serif; font-size: 14px; font-style: normal; font-weight: 550; line-height: 18px;\">Wy&#347;wietl ten post na Instagramie<\/div>\n<\/div>\n<div style=\"padding: 12.5% 0;\"><\/div>\n<div style=\"display: flex; flex-direction: row; margin-bottom: 14px; align-items: center;\">\n<div>\n<div style=\"background-color: #f4f4f4; border-radius: 50%; height: 12.5px; width: 12.5px; transform: translateX(0px) translateY(7px);\"><\/div>\n<div style=\"background-color: #f4f4f4; height: 12.5px; transform: rotate(-45deg) translateX(3px) translateY(1px); width: 12.5px; flex-grow: 0; margin-right: 14px; margin-left: 2px;\"><\/div>\n<div style=\"background-color: #f4f4f4; border-radius: 50%; height: 12.5px; width: 12.5px; transform: translateX(9px) translateY(-18px);\"><\/div>\n<\/div>\n<div style=\"margin-left: 8px;\">\n<div style=\"background-color: #f4f4f4; border-radius: 50%; flex-grow: 0; height: 20px; width: 20px;\"><\/div>\n<div style=\"width: 0; height: 0; border-top: 2px solid transparent; border-left: 6px solid #f4f4f4; border-bottom: 2px solid transparent; transform: translateX(16px) translateY(-4px) rotate(30deg);\"><\/div>\n<\/div>\n<div style=\"margin-left: auto;\">\n<div style=\"width: 0px; border-top: 8px solid #F4F4F4; border-right: 8px solid transparent; transform: translateY(16px);\"><\/div>\n<div style=\"background-color: #f4f4f4; flex-grow: 0; height: 12px; width: 16px; transform: translateY(-4px);\"><\/div>\n<div style=\"width: 0; height: 0; border-top: 8px solid #F4F4F4; border-left: 8px solid transparent; transform: translateY(-4px) translateX(8px);\"><\/div>\n<\/div>\n<\/div>\n<div style=\"display: flex; flex-direction: column; flex-grow: 1; justify-content: center; margin-bottom: 24px;\">\n<div style=\"background-color: #f4f4f4; border-radius: 4px; flex-grow: 0; height: 14px; margin-bottom: 6px; width: 224px;\"><\/div>\n<div style=\"background-color: #f4f4f4; border-radius: 4px; flex-grow: 0; height: 14px; width: 144px;\"><\/div>\n<\/div>\n<p>&nbsp;<\/p>\n<p style=\"color: #c9c8cd; font-family: Arial,sans-serif; font-size: 14px; line-height: 17px; margin-bottom: 0; margin-top: 8px; overflow: hidden; padding: 8px 0 7px; text-align: center; text-overflow: ellipsis; white-space: nowrap;\"><a style=\"color: #c9c8cd; font-family: Arial,sans-serif; font-size: 14px; font-style: normal; font-weight: normal; line-height: 17px; text-decoration: none;\" href=\"https:\/\/www.instagram.com\/reel\/C7r7WQyo9sE\/?amp;utm_campaign=loading\" target=\"_blank\" rel=\"noopener\">Post udost&#281;pniony przez s o v a l a b DRUK 3D (@sovalab.pl)<\/a><\/p>\n<\/div>\n<\/blockquote>\n<p><script async src=\"\/\/www.instagram.com\/embed.js\"><\/script><\/p>\n","protected":false},"excerpt":{"rendered":"<p>Magnetyczne z&#322;&#261;cze, adapter odci&#261;gu DeWalt DWE7492 +SPIRO od os&#322;ony, &nbsp;umo&#380;liwia bezpo&#347;rednie pod&#322;&#261;czenie elastycznego w&#281;&#380;a SPIRO odci&#261;gu trocin do PORT&Oacute;W stosowanych w maszynach DeWalt ( na zdj&#281;ciu DeWalt DWE7492 66mm ), ale te&#380; znajd&#261; zastosowanie przy wszelkich maszynach zawieraj&#261;cych porty do&#8230;<\/p>\n","protected":false},"featured_media":10047179,"comment_status":"closed","ping_status":"closed","template":"","meta":[],"product_brand":[390],"product_cat":[254,341],"product_tag":[],"class_list":{"0":"post-10047177","1":"product","2":"type-product","3":"status-publish","4":"has-post-thumbnail","6":"product_brand-sovalab","7":"product_cat-zlacza-magnetyczne","8":"product_cat-magsnap-standard","9":"product_shipping_class-male","11":"first","12":"instock","13":"sale","14":"taxable","15":"shipping-taxable","16":"purchasable","17":"product-type-simple"},"_links":{"self":[{"href":"https:\/\/sovalab.pl\/en\/wp-json\/wp\/v2\/product\/10047177","targetHints":{"allow":["GET"]}}],"collection":[{"href":"https:\/\/sovalab.pl\/en\/wp-json\/wp\/v2\/product"}],"about":[{"href":"https:\/\/sovalab.pl\/en\/wp-json\/wp\/v2\/types\/product"}],"replies":[{"embeddable":true,"href":"https:\/\/sovalab.pl\/en\/wp-json\/wp\/v2\/comments?post=10047177"}],"wp:featuredmedia":[{"embeddable":true,"href":"https:\/\/sovalab.pl\/en\/wp-json\/wp\/v2\/media\/10047179"}],"wp:attachment":[{"href":"https:\/\/sovalab.pl\/en\/wp-json\/wp\/v2\/media?parent=10047177"}],"wp:term":[{"taxonomy":"product_brand","embeddable":true,"href":"https:\/\/sovalab.pl\/en\/wp-json\/wp\/v2\/product_brand?post=10047177"},{"taxonomy":"product_cat","embeddable":true,"href":"https:\/\/sovalab.pl\/en\/wp-json\/wp\/v2\/product_cat?post=10047177"},{"taxonomy":"product_tag","embeddable":true,"href":"https:\/\/sovalab.pl\/en\/wp-json\/wp\/v2\/product_tag?post=10047177"}],"curies":[{"name":"wp","href":"https:\/\/api.w.org\/{rel}","templated":true}]}}