
{"id":10047231,"date":"2025-04-07T09:21:16","date_gmt":"2025-04-07T07:21:16","guid":{"rendered":"https:\/\/sovalab.pl\/?post_type=product&#038;p=10047231"},"modified":"2025-09-17T10:46:42","modified_gmt":"2025-09-17T08:46:42","slug":"przeciwpylowe-zlacze-magnetyczne-festool-cs-70","status":"publish","type":"product","link":"https:\/\/sovalab.pl\/en\/przeciwpylowe-zlacze-magnetyczne-festool-cs-70\/","title":{"rendered":"Przeciwpy\u0142owe z\u0142\u0105cze magnetyczne Festool CS-70"},"content":{"rendered":"<h3 class=\"\" data-start=\"159\" data-end=\"231\">Magnetyczne z\u0142\u0105cze przeciwpy\u0142owe do <strong data-start=\"199\" data-end=\"216\">Festool CS 70<\/strong> \u2013 wersja SPIRO<\/h3>\n<p class=\"\" data-start=\"233\" data-end=\"736\">Dedykowane z\u0142\u0105cze przeciwpy\u0142owe zaprojektowane specjalnie z my\u015bl\u0105 o <strong data-start=\"301\" data-end=\"338\">pilarkach sto\u0142owych Festool CS 70<\/strong>. Umo\u017cliwia b\u0142yskawiczne, beznarz\u0119dziowe pod\u0142\u0105czanie i od\u0142\u0105czanie w\u0119\u017ca odsysaj\u0105cego pomi\u0119dzy r\u00f3\u017cnymi maszynami wyposa\u017conymi w kompatybilne z\u0142\u0105cza magnetyczne (wersja <strong data-start=\"504\" data-end=\"512\">PORT<\/strong> lub <strong data-start=\"517\" data-end=\"526\">SPIRO<\/strong>). Dzi\u0119ki zastosowaniu mocnych magnes\u00f3w neodymowych zapewnia szczelne i pewne po\u0142\u0105czenie \u2013 wystarczaj\u0105co mocne, by utrzyma\u0107 ci\u0119\u017car pod\u0142\u0105czonego w\u0119\u017ca przeciwpy\u0142owego nawet w intensywnych warunkach warsztatowych.<\/p>\n<p class=\"\" data-start=\"233\" data-end=\"736\">\u26a0\ufe0f To z\u0142\u0105cze pasuje wy\u0142\u0105cznie do wersji <strong data-start=\"780\" data-end=\"792\">STANDARD<\/strong> (\u015brednica zewn\u0119trzna 60\u2013150 mm). Nie jest kompatybilne z wersjami <strong data-start=\"863\" data-end=\"871\">MINI<\/strong> ani <strong data-start=\"876\" data-end=\"883\">MAX<\/strong> dost\u0119pnymi w innych naszych ofertach.<\/p>\n<hr class=\"\" data-start=\"923\" data-end=\"926\" \/>\n<h3 class=\"\" data-start=\"928\" data-end=\"952\">Najwa\u017cniejsze cechy:<\/h3>\n<ul data-start=\"954\" data-end=\"1601\">\n<li class=\"\" data-start=\"954\" data-end=\"1042\">\n<p class=\"\" data-start=\"956\" data-end=\"1042\"><strong data-start=\"956\" data-end=\"990\">Kompatybilno\u015b\u0107 z Festool CS 70<\/strong> \u2013 idealne dopasowanie do portu odci\u0105gu tej pilarki.<\/p>\n<\/li>\n<li class=\"\" data-start=\"1043\" data-end=\"1135\">\n<p class=\"\" data-start=\"1045\" data-end=\"1135\"><strong data-start=\"1045\" data-end=\"1074\">B\u0142yskawiczna wymiana w\u0119\u017ca<\/strong> \u2013 szybkie prze\u0142\u0105czanie mi\u0119dzy maszynami bez u\u017cycia narz\u0119dzi.<\/p>\n<\/li>\n<li class=\"\" data-start=\"1136\" data-end=\"1222\">\n<p class=\"\" data-start=\"1138\" data-end=\"1222\"><strong data-start=\"1138\" data-end=\"1164\">8 magnes\u00f3w neodymowych<\/strong> \u2013 gwarantuj\u0105 natychmiastowe i silne, szczelne po\u0142\u0105czenie.<\/p>\n<\/li>\n<li class=\"\" data-start=\"1223\" data-end=\"1295\">\n<p class=\"\" data-start=\"1225\" data-end=\"1295\"><strong data-start=\"1225\" data-end=\"1251\">Wbudowane ograniczniki<\/strong> \u2013 zapobiegaj\u0105 zsuwaniu si\u0119 w\u0119\u017ca typu SPIRO.<\/p>\n<\/li>\n<li class=\"\" data-start=\"1296\" data-end=\"1391\">\n<p class=\"\" data-start=\"1298\" data-end=\"1391\"><strong data-start=\"1298\" data-end=\"1330\">Uniwersalna baza magnetyczna<\/strong> \u2013 pozwala na stosowanie r\u00f3\u017cnych \u015brednic (np. 80 mm, 120 mm).<\/p>\n<\/li>\n<li class=\"\" data-start=\"1392\" data-end=\"1489\">\n<p class=\"\" data-start=\"1394\" data-end=\"1489\"><strong data-start=\"1394\" data-end=\"1417\">Wysoka wytrzyma\u0142o\u015b\u0107<\/strong> \u2013 odporno\u015b\u0107 na uderzenia i typowe obci\u0105\u017cenia w \u015brodowisku przemys\u0142owym.<\/p>\n<\/li>\n<li class=\"\" data-start=\"1490\" data-end=\"1601\">\n<p class=\"\" data-start=\"1492\" data-end=\"1601\"><strong data-start=\"1492\" data-end=\"1524\">Optymalny przep\u0142yw powietrza<\/strong> \u2013 g\u0142adki otw\u00f3r wewn\u0119trzny minimalizuje opory i poprawia efektywno\u015b\u0107 odci\u0105gu.<\/p>\n<\/li>\n<\/ul>\n<hr class=\"\" data-start=\"1603\" data-end=\"1606\" \/>\n<h3 class=\"\" data-start=\"1608\" data-end=\"1637\">Przyk\u0142adowe konfiguracje:<\/h3>\n<ul data-start=\"1638\" data-end=\"1700\">\n<li class=\"\" data-start=\"1638\" data-end=\"1655\">\n<p class=\"\" data-start=\"1640\" data-end=\"1655\">SPIRO \u2013 SPIRO<\/p>\n<\/li>\n<li class=\"\" data-start=\"1656\" data-end=\"1672\">\n<p class=\"\" data-start=\"1658\" data-end=\"1672\">PORT \u2013 SPIRO<\/p>\n<\/li>\n<li class=\"\" data-start=\"1673\" data-end=\"1700\">\n<p class=\"\" data-start=\"1675\" data-end=\"1700\">SPIRO \u2013 Panel \/ pier\u015bcie\u0144<\/p>\n<\/li>\n<\/ul>\n<blockquote data-start=\"1702\" data-end=\"1787\">\n<p class=\"\" data-start=\"1704\" data-end=\"1787\">Do poprawnego dzia\u0142ania systemu wymagane s\u0105 <strong data-start=\"1748\" data-end=\"1786\">co najmniej dwa z\u0142\u0105cza magnetyczne<\/strong>.<\/p>\n<\/blockquote>\n<hr class=\"\" data-start=\"1789\" data-end=\"1792\" \/>\n<p class=\"\" data-start=\"1794\" data-end=\"1888\"><strong data-start=\"1794\" data-end=\"1813\">Kolor produktu:<\/strong> matowa ciemna ziele\u0144.<br data-start=\"1835\" data-end=\"1838\" \/><strong data-start=\"1838\" data-end=\"1888\">Opcjonalnie dost\u0119pna wersja w kolorze czarnym.<\/strong><\/p>\n","protected":false},"excerpt":{"rendered":"<p>Magnetyczne z\u0142\u0105cze przeciwpy\u0142owe do Festool CS 70 \u2013 wersja SPIRO Dedykowane z\u0142\u0105cze przeciwpy\u0142owe zaprojektowane specjalnie z my\u015bl\u0105 o pilarkach sto\u0142owych Festool CS 70. Umo\u017cliwia b\u0142yskawiczne, beznarz\u0119dziowe pod\u0142\u0105czanie i od\u0142\u0105czanie w\u0119\u017ca odsysaj\u0105cego pomi\u0119dzy r\u00f3\u017cnymi maszynami wyposa\u017conymi w kompatybilne z\u0142\u0105cza magnetyczne (wersja&#8230;<\/p>\n","protected":false},"featured_media":10047247,"comment_status":"open","ping_status":"closed","template":"","meta":[],"product_brand":[390],"product_cat":[432,341,196,254],"product_tag":[],"class_list":{"0":"post-10047231","1":"product","2":"type-product","3":"status-publish","4":"has-post-thumbnail","6":"product_brand-sovalab","7":"product_cat-adapter-festool","8":"product_cat-magsnap-standard","9":"product_cat-odciagi","10":"product_cat-zlacza-magnetyczne","11":"product_shipping_class-srednie","13":"first","14":"instock","15":"featured","16":"taxable","17":"shipping-taxable","18":"purchasable","19":"product-type-simple"},"_links":{"self":[{"href":"https:\/\/sovalab.pl\/en\/wp-json\/wp\/v2\/product\/10047231","targetHints":{"allow":["GET"]}}],"collection":[{"href":"https:\/\/sovalab.pl\/en\/wp-json\/wp\/v2\/product"}],"about":[{"href":"https:\/\/sovalab.pl\/en\/wp-json\/wp\/v2\/types\/product"}],"replies":[{"embeddable":true,"href":"https:\/\/sovalab.pl\/en\/wp-json\/wp\/v2\/comments?post=10047231"}],"wp:featuredmedia":[{"embeddable":true,"href":"https:\/\/sovalab.pl\/en\/wp-json\/wp\/v2\/media\/10047247"}],"wp:attachment":[{"href":"https:\/\/sovalab.pl\/en\/wp-json\/wp\/v2\/media?parent=10047231"}],"wp:term":[{"taxonomy":"product_brand","embeddable":true,"href":"https:\/\/sovalab.pl\/en\/wp-json\/wp\/v2\/product_brand?post=10047231"},{"taxonomy":"product_cat","embeddable":true,"href":"https:\/\/sovalab.pl\/en\/wp-json\/wp\/v2\/product_cat?post=10047231"},{"taxonomy":"product_tag","embeddable":true,"href":"https:\/\/sovalab.pl\/en\/wp-json\/wp\/v2\/product_tag?post=10047231"}],"curies":[{"name":"wp","href":"https:\/\/api.w.org\/{rel}","templated":true}]}}