
{"id":10047321,"date":"2025-04-17T16:32:13","date_gmt":"2025-04-17T14:32:13","guid":{"rendered":"https:\/\/sovalab.pl\/?post_type=product&#038;p=10047321"},"modified":"2026-05-06T16:46:23","modified_gmt":"2026-05-06T14:46:23","slug":"adapter-weza-do-oslony-przeciwpylowej-pily-stolowej-dewalt-dwe7492-40mm-wewnetrzny","status":"publish","type":"product","link":"https:\/\/sovalab.pl\/en\/adapter-weza-do-oslony-przeciwpylowej-pily-stolowej-dewalt-dwe7492-40mm-wewnetrzny\/","title":{"rendered":"Adapter w\u0119\u017ca do os\u0142ony przeciwpy\u0142owej pi\u0142y sto\u0142owej Dewalt DWE7492 | 40mm"},"content":{"rendered":"<p class=\"\" data-start=\"67\" data-end=\"129\"><strong data-start=\"67\" data-end=\"129\">Adapter w&#281;&#380;a do os&#322;ony przeciwpy&#322;owej pi&#322;y sto&#322;owej Dewalt &#8211; &nbsp;do instalacji wewn&#261;trz adaptera os&#322;ony.&nbsp;<\/strong><\/p>\n<p class=\"\" data-start=\"131\" data-end=\"378\">Adapter umo&#380;liwia pod&#322;&#261;czenie w&#281;&#380;a odpylacza do portu os&#322;ony ostrza w pi&#322;ach sto&#322;owych Dewalt, zapewniaj&#261;c skuteczne usuwanie py&#322;u bezpo&#347;rednio u &#378;r&oacute;d&#322;a. To praktyczne akcesorium zwi&#281;ksza efektywno&#347;&#263; pracy oraz dba o czysto&#347;&#263; stanowiska roboczego.<\/p>\n<p class=\"\" data-start=\"380\" data-end=\"399\"><strong data-start=\"380\" data-end=\"399\">Cechy produktu:<\/strong><\/p>\n<ul data-start=\"400\" data-end=\"756\">\n<li class=\"\" data-start=\"400\" data-end=\"457\">\n<p class=\"\" data-start=\"402\" data-end=\"457\">Kompatybilny z os&#322;on&#261; brzeszczotu pi&#322;y sto&#322;owej Dewalt.<\/p>\n<\/li>\n<li data-start=\"400\" data-end=\"457\">Do bezpo&#347;redniego pod&#322;&#261;czenia w&#281;&#380;a. Adapter instalujemy wewn&#261;trz ( jak np w&#281;&#380;e elastyczne SPIRO )<\/li>\n<li data-start=\"400\" data-end=\"457\">Umo&#380;liwia bezpo&#347;rednie pod&#322;&#261;czenie standardowego w&#281;&#380;a odkurzacza warsztatowego. Adapter wyposa&#380;ony jest w gwint lewostronny<\/li>\n<li class=\"\" data-start=\"527\" data-end=\"629\">\n<p class=\"\" data-start=\"529\" data-end=\"629\">Wykonany z wytrzyma&#322;ego tworzywa sztucznego o wysokiej g&#281;sto&#347;ci, co zapewnia d&#322;ug&#261; &#380;ywotno&#347;&#263;.<\/p>\n<\/li>\n<\/ul>\n<p class=\"\" data-start=\"758\" data-end=\"870\">\n","protected":false},"excerpt":{"rendered":"<p>Adapter w&#281;&#380;a do os&#322;ony przeciwpy&#322;owej pi&#322;y sto&#322;owej Dewalt &#8211; &nbsp;do instalacji wewn&#261;trz adaptera os&#322;ony.&nbsp; Adapter umo&#380;liwia pod&#322;&#261;czenie w&#281;&#380;a odpylacza do portu os&#322;ony ostrza w pi&#322;ach sto&#322;owych Dewalt, zapewniaj&#261;c skuteczne usuwanie py&#322;u bezpo&#347;rednio u &#378;r&oacute;d&#322;a. To praktyczne akcesorium zwi&#281;ksza efektywno&#347;&#263; pracy&#8230;<\/p>\n","protected":false},"featured_media":10047324,"comment_status":"open","ping_status":"closed","template":"","meta":[],"product_brand":[390],"product_cat":[431,196],"product_tag":[],"class_list":{"0":"post-10047321","1":"product","2":"type-product","3":"status-publish","4":"has-post-thumbnail","6":"product_brand-sovalab","7":"product_cat-adapter-dewalt","8":"product_cat-odciagi","10":"first","11":"instock","12":"taxable","13":"shipping-taxable","14":"purchasable","15":"product-type-simple"},"_links":{"self":[{"href":"https:\/\/sovalab.pl\/en\/wp-json\/wp\/v2\/product\/10047321","targetHints":{"allow":["GET"]}}],"collection":[{"href":"https:\/\/sovalab.pl\/en\/wp-json\/wp\/v2\/product"}],"about":[{"href":"https:\/\/sovalab.pl\/en\/wp-json\/wp\/v2\/types\/product"}],"replies":[{"embeddable":true,"href":"https:\/\/sovalab.pl\/en\/wp-json\/wp\/v2\/comments?post=10047321"}],"wp:featuredmedia":[{"embeddable":true,"href":"https:\/\/sovalab.pl\/en\/wp-json\/wp\/v2\/media\/10047324"}],"wp:attachment":[{"href":"https:\/\/sovalab.pl\/en\/wp-json\/wp\/v2\/media?parent=10047321"}],"wp:term":[{"taxonomy":"product_brand","embeddable":true,"href":"https:\/\/sovalab.pl\/en\/wp-json\/wp\/v2\/product_brand?post=10047321"},{"taxonomy":"product_cat","embeddable":true,"href":"https:\/\/sovalab.pl\/en\/wp-json\/wp\/v2\/product_cat?post=10047321"},{"taxonomy":"product_tag","embeddable":true,"href":"https:\/\/sovalab.pl\/en\/wp-json\/wp\/v2\/product_tag?post=10047321"}],"curies":[{"name":"wp","href":"https:\/\/api.w.org\/{rel}","templated":true}]}}