
{"id":10047330,"date":"2025-04-18T11:11:03","date_gmt":"2025-04-18T09:11:03","guid":{"rendered":"https:\/\/sovalab.pl\/?post_type=product&#038;p=10047330"},"modified":"2026-05-06T16:46:39","modified_gmt":"2026-05-06T14:46:39","slug":"adapter-katowy-odsysania-do-festool-kapex-120-o-srednicy-wewnetrznej-35mm","status":"publish","type":"product","link":"https:\/\/sovalab.pl\/en\/adapter-katowy-odsysania-do-festool-kapex-120-o-srednicy-wewnetrznej-35mm\/","title":{"rendered":"Adapter k\u0105towy odsysania do Festool KAPEX 120 o \u015brednicy wewn\u0119trznej 35mm"},"content":{"rendered":"<h2 data-start=\"328\" data-end=\"686\">Adapter k&#261;towy odsysania do Festool KAPEX 120 o &#347;rednicy wewn&#281;trznej 35mm<\/h2>\n<p class=\"\" data-start=\"328\" data-end=\"686\">Ultrakompaktowe kolanko odpylaj&#261;ce 90 stopni do pi&#322; ukosowych Festool Kapex 120, &nbsp;to idealne rozwi&#261;zanie dla os&oacute;b, kt&oacute;re chc&#261; ustawi&#263; swoj&#261; pi&#322;&#281; blisko &#347;ciany, jednocze&#347;nie zachowuj&#261;c skuteczne odprowadzanie py&#322;u. Dzi&#281;ki precyzyjnemu dopasowaniu do port&oacute;w przeciwpy&#322;owych i szerokiej kompatybilno&#347;ci z w&#281;&#380;ami odkurzaczy, to akcesorium doskonale sprawdzi si&#281; w ka&#380;dym warsztacie.<\/p>\n<h4 class=\"\" data-start=\"688\" data-end=\"721\">&#9989; <strong data-start=\"695\" data-end=\"721\">G&#322;&oacute;wne cechy produktu:<\/strong><\/h4>\n<ul data-start=\"722\" data-end=\"1220\">\n<li class=\"\" data-start=\"722\" data-end=\"800\">\n<p class=\"\" data-start=\"724\" data-end=\"800\"><strong data-start=\"724\" data-end=\"750\">Kolanko odsysaj&#261;ce 90&deg;<\/strong> &ndash; pozwala ustawi&#263; pi&#322;&#281; niemal przy samej &#347;cianie.<\/p>\n<\/li>\n<li class=\"\" data-start=\"801\" data-end=\"883\">\n<p class=\"\" data-start=\"803\" data-end=\"883\"><strong data-start=\"803\" data-end=\"842\">Kompatybilne z pi&#322;ami Festool Kapex<\/strong> (port przeciwpy&#322;owy 1-5\/8&#8243; \/ ok. 41 mm).<\/p>\n<\/li>\n<li class=\"\" data-start=\"884\" data-end=\"1054\">\n<p class=\"\" data-start=\"886\" data-end=\"973\"><strong data-start=\"886\" data-end=\"932\">Pasuje do w&#281;&#380;y odkurzaczy o &#347;rednicy 35 mm<\/strong> &ndash; m.in. Festool, Makita, Bosch.<\/p>\n<\/li>\n<li class=\"\" data-start=\"1055\" data-end=\"1142\">\n<p class=\"\" data-start=\"1057\" data-end=\"1142\">Zw&#281;&#380;ane z&#322;&#261;cza wewn&#281;trzne &ndash; lepsze i szczelniejsze dopasowanie do r&oacute;&#380;nych typ&oacute;w w&#281;&#380;y.<\/p>\n<\/li>\n<li class=\"\" data-start=\"1143\" data-end=\"1220\">\n<p class=\"\" data-start=\"1145\" data-end=\"1220\"><strong data-start=\"1145\" data-end=\"1173\">Solidne wykonanie z PETG<\/strong> &ndash; odporny na uderzenia i temperatur&#281;, druk 3D.<\/p>\n<\/li>\n<\/ul>\n<h4 class=\"\" data-start=\"1222\" data-end=\"1256\">&#128736;&#65039; <strong data-start=\"1231\" data-end=\"1256\">Dodatkowe informacje:<\/strong><\/h4>\n<ul data-start=\"1257\" data-end=\"1643\">\n<li class=\"\" data-start=\"1257\" data-end=\"1368\">\n<p class=\"\" data-start=\"1259\" data-end=\"1368\">W zestawie znajduje si&#281; adapter do starszych modeli pi&#322; (znajduje si&#281; wewn&#261;trz kolanka od strony odkurzacza).<\/p>\n<\/li>\n<li class=\"\" data-start=\"1369\" data-end=\"1484\">\n<p class=\"\" data-start=\"1371\" data-end=\"1484\">W razie potrzeby kolanko mo&#380;na dodatkowo uszczelni&#263; ta&#347;m&#261;, szczeg&oacute;lnie w przypadku kr&oacute;tszych port&oacute;w odpylaj&#261;cych.<\/p>\n<\/li>\n<\/ul>\n","protected":false},"excerpt":{"rendered":"<p>Adapter k&#261;towy odsysania do Festool KAPEX 120 o &#347;rednicy wewn&#281;trznej 35mm Ultrakompaktowe kolanko odpylaj&#261;ce 90 stopni do pi&#322; ukosowych Festool Kapex 120, &nbsp;to idealne rozwi&#261;zanie dla os&oacute;b, kt&oacute;re chc&#261; ustawi&#263; swoj&#261; pi&#322;&#281; blisko &#347;ciany, jednocze&#347;nie zachowuj&#261;c skuteczne odprowadzanie py&#322;u. Dzi&#281;ki&#8230;<\/p>\n","protected":false},"featured_media":10047333,"comment_status":"open","ping_status":"closed","template":"","meta":[],"product_brand":[390],"product_cat":[196,432],"product_tag":[],"class_list":{"0":"post-10047330","1":"product","2":"type-product","3":"status-publish","4":"has-post-thumbnail","6":"product_brand-sovalab","7":"product_cat-odciagi","8":"product_cat-adapter-festool","10":"first","11":"instock","12":"taxable","13":"shipping-taxable","14":"purchasable","15":"product-type-simple"},"_links":{"self":[{"href":"https:\/\/sovalab.pl\/en\/wp-json\/wp\/v2\/product\/10047330","targetHints":{"allow":["GET"]}}],"collection":[{"href":"https:\/\/sovalab.pl\/en\/wp-json\/wp\/v2\/product"}],"about":[{"href":"https:\/\/sovalab.pl\/en\/wp-json\/wp\/v2\/types\/product"}],"replies":[{"embeddable":true,"href":"https:\/\/sovalab.pl\/en\/wp-json\/wp\/v2\/comments?post=10047330"}],"wp:featuredmedia":[{"embeddable":true,"href":"https:\/\/sovalab.pl\/en\/wp-json\/wp\/v2\/media\/10047333"}],"wp:attachment":[{"href":"https:\/\/sovalab.pl\/en\/wp-json\/wp\/v2\/media?parent=10047330"}],"wp:term":[{"taxonomy":"product_brand","embeddable":true,"href":"https:\/\/sovalab.pl\/en\/wp-json\/wp\/v2\/product_brand?post=10047330"},{"taxonomy":"product_cat","embeddable":true,"href":"https:\/\/sovalab.pl\/en\/wp-json\/wp\/v2\/product_cat?post=10047330"},{"taxonomy":"product_tag","embeddable":true,"href":"https:\/\/sovalab.pl\/en\/wp-json\/wp\/v2\/product_tag?post=10047330"}],"curies":[{"name":"wp","href":"https:\/\/api.w.org\/{rel}","templated":true}]}}