
{"id":10047454,"date":"2025-05-03T14:16:33","date_gmt":"2025-05-03T12:16:33","guid":{"rendered":"https:\/\/sovalab.pl\/?post_type=product&#038;p=10047454"},"modified":"2025-09-17T10:46:33","modified_gmt":"2025-09-17T08:46:33","slug":"adapter-starmix-do-weza-prozniowego-45-mm-z-blokada-skretna","status":"publish","type":"product","link":"https:\/\/sovalab.pl\/en\/adapter-starmix-do-weza-prozniowego-45-mm-z-blokada-skretna\/","title":{"rendered":"Adapter Starmix do w\u0119\u017ca pr\u00f3\u017cniowego 45 mm \u2013 z blokad\u0105 skr\u0119tn\u0105"},"content":{"rendered":"<p>&nbsp;<\/p>\n<hr \/>\n<h3>Adapter Starmix do w\u0119\u017ca pr\u00f3\u017cniowego 45 mm \u2013 z blokad\u0105 skr\u0119tn\u0105, druk 3D<\/h3>\n<p><strong>Praktyczny i solidny adapter do odkurzaczy STARMIX, wykonany w technologii druku 3D. Umo\u017cliwia \u0142atwe i stabilne pod\u0142\u0105czenie w\u0119\u017ca pr\u00f3\u017cniowego o \u015brednicy zewn\u0119trznej 45 mm.<\/strong><\/p>\n<p>Adapter zosta\u0142 zaprojektowany z my\u015bl\u0105 o kompatybilno\u015bci z systemem blokady skr\u0119tnej stosowanej w oryginalnych w\u0119\u017cach Starmix. Dzi\u0119ki temu zapewnia pewne i bezpieczne po\u0142\u0105czenie, eliminuj\u0105c ryzyko przypadkowego roz\u0142\u0105czenia si\u0119 w\u0119\u017ca podczas pracy.<\/p>\n<h4>Cechy produktu:<\/h4>\n<ul>\n<li>\u2705 <strong>Kompatybilno\u015b\u0107<\/strong> \u2013 pasuje do w\u0119\u017cy pr\u00f3\u017cniowych o \u015brednicy zewn\u0119trznej 45 mm<\/li>\n<li>\u2705 <strong>Zgodno\u015b\u0107 z STARMIX<\/strong> \u2013 blokada skr\u0119tna identyczna z orygina\u0142em<\/li>\n<li>\u2705 <strong>Solidna konstrukcja<\/strong> \u2013 wykonany z wytrzyma\u0142ego materia\u0142u w technologii druku 3D<\/li>\n<li>\u2705 <strong>Dost\u0119pne kolory<\/strong> \u2013 ciemnozielony lub czarny matowy (w zale\u017cno\u015bci od dost\u0119pno\u015bci)<\/li>\n<li>\u2705 <strong>Precyzja wykonania<\/strong> \u2013 dok\u0142adne dopasowanie do gniazda odkurzacza<\/li>\n<li>\u2705\u00a0<strong>Lewostronny Gwint <\/strong>\u00a0\u2013 adapter zawiera <strong>LEWOSTRONNY<\/strong> gwint umo\u017cliwiaj\u0105cy bezproblemowa instalacj\u0119 w\u0119\u017ca.<\/li>\n<\/ul>\n<p>Adapter \u015bwietnie sprawdzi si\u0119 w warsztatach stolarskich, modelarskich, przy pracy z elektronarz\u0119dziami oraz wsz\u0119dzie tam, gdzie niezb\u0119dne jest efektywne odprowadzanie py\u0142u i zanieczyszcze\u0144.<\/p>\n<hr \/>\n<p>&nbsp;<\/p>\n","protected":false},"excerpt":{"rendered":"<p>&nbsp; Adapter Starmix do w\u0119\u017ca pr\u00f3\u017cniowego 45 mm \u2013 z blokad\u0105 skr\u0119tn\u0105, druk 3D Praktyczny i solidny adapter do odkurzaczy STARMIX, wykonany w technologii druku 3D. Umo\u017cliwia \u0142atwe i stabilne pod\u0142\u0105czenie w\u0119\u017ca pr\u00f3\u017cniowego o \u015brednicy zewn\u0119trznej 45 mm. Adapter zosta\u0142&#8230;<\/p>\n","protected":false},"featured_media":10047458,"comment_status":"open","ping_status":"closed","template":"","meta":[],"product_brand":[390],"product_cat":[435,196],"product_tag":[],"class_list":{"0":"post-10047454","1":"product","2":"type-product","3":"status-publish","4":"has-post-thumbnail","6":"product_brand-sovalab","7":"product_cat-adapter-stamix","8":"product_cat-odciagi","10":"first","11":"instock","12":"taxable","13":"shipping-taxable","14":"purchasable","15":"product-type-simple"},"_links":{"self":[{"href":"https:\/\/sovalab.pl\/en\/wp-json\/wp\/v2\/product\/10047454","targetHints":{"allow":["GET"]}}],"collection":[{"href":"https:\/\/sovalab.pl\/en\/wp-json\/wp\/v2\/product"}],"about":[{"href":"https:\/\/sovalab.pl\/en\/wp-json\/wp\/v2\/types\/product"}],"replies":[{"embeddable":true,"href":"https:\/\/sovalab.pl\/en\/wp-json\/wp\/v2\/comments?post=10047454"}],"wp:featuredmedia":[{"embeddable":true,"href":"https:\/\/sovalab.pl\/en\/wp-json\/wp\/v2\/media\/10047458"}],"wp:attachment":[{"href":"https:\/\/sovalab.pl\/en\/wp-json\/wp\/v2\/media?parent=10047454"}],"wp:term":[{"taxonomy":"product_brand","embeddable":true,"href":"https:\/\/sovalab.pl\/en\/wp-json\/wp\/v2\/product_brand?post=10047454"},{"taxonomy":"product_cat","embeddable":true,"href":"https:\/\/sovalab.pl\/en\/wp-json\/wp\/v2\/product_cat?post=10047454"},{"taxonomy":"product_tag","embeddable":true,"href":"https:\/\/sovalab.pl\/en\/wp-json\/wp\/v2\/product_tag?post=10047454"}],"curies":[{"name":"wp","href":"https:\/\/api.w.org\/{rel}","templated":true}]}}