
{"id":10047667,"date":"2025-05-21T22:37:09","date_gmt":"2025-05-21T20:37:09","guid":{"rendered":"https:\/\/sovalab.pl\/?post_type=product&#038;p=10047667"},"modified":"2026-05-06T17:00:44","modified_gmt":"2026-05-06T15:00:44","slug":"zaslepka-gwintowana-do-zlacza-magnetycznego-magsnap-dewalt-dwe7492","status":"publish","type":"product","link":"https:\/\/sovalab.pl\/en\/zaslepka-gwintowana-do-zlacza-magnetycznego-magsnap-dewalt-dwe7492\/","title":{"rendered":"Za\u015blepka gwintowana do z\u0142\u0105cza magnetycznego MAGSNAP \u2013 DeWALT DWE7492"},"content":{"rendered":"<h2>Za&#347;lepka gwintowana do z&#322;&#261;cza magnetycznego MAGSNAP &ndash; DeWALT DWE7492<\/h2>\n<p>\nZa&#347;lepka gwintowana przeznaczona do systemu z&#322;&#261;czy magnetycznych MAGSNAP, kompatybilna z adapterem do pi&#322;y sto&#322;owej <a href=\"https:\/\/sovalab.pl\/magnetyczne-zlacze-adapter-dewalt-dwe7492-odciag-z-oslony\/\">DeWALT DWE7492 w wersji z odci&#261;giem z os&#322;ony g&oacute;rnej<\/a>. Umo&#380;liwia szybkie i szczelne zamkni&#281;cie portu odci&#261;gowego, gdy nie jest on aktualnie u&#380;ywany.<\/p>\n<p>&#9989; Precyzyjne dopasowanie &ndash; pasuje do gwintowanej ko&#324;c&oacute;wki adaptera MAGSNAP montowanego przy pile DWE7492.<br \/>\n&#9989; Szybki monta&#380; i demonta&#380; &ndash; dzi&#281;ki gwintowi zakr&#281;cisz j&#261; jednym ruchem.<br \/>\n&#9989; Bezpy&#322;owa praca &ndash; zapobiega przypadkowemu zasysaniu powietrza lub py&#322;u do systemu odci&#261;gowego.<\/p>\n<p>&nbsp;<\/p>\n","protected":false},"excerpt":{"rendered":"<p>Za&#347;lepka gwintowana do z&#322;&#261;cza magnetycznego MAGSNAP &ndash; DeWALT DWE7492 Za&#347;lepka gwintowana przeznaczona do systemu z&#322;&#261;czy magnetycznych MAGSNAP, kompatybilna z adapterem do pi&#322;y sto&#322;owej DeWALT DWE7492 w wersji z odci&#261;giem z os&#322;ony g&oacute;rnej. Umo&#380;liwia szybkie i szczelne zamkni&#281;cie portu odci&#261;gowego, gdy&#8230;<\/p>\n","protected":false},"featured_media":10048595,"comment_status":"closed","ping_status":"closed","template":"","meta":[],"product_brand":[],"product_cat":[438,254],"product_tag":[],"class_list":{"0":"post-10047667","1":"product","2":"type-product","3":"status-publish","4":"has-post-thumbnail","6":"product_cat-akcesoria","7":"product_cat-zlacza-magnetyczne","9":"first","10":"instock","11":"taxable","12":"shipping-taxable","13":"purchasable","14":"product-type-simple"},"_links":{"self":[{"href":"https:\/\/sovalab.pl\/en\/wp-json\/wp\/v2\/product\/10047667","targetHints":{"allow":["GET"]}}],"collection":[{"href":"https:\/\/sovalab.pl\/en\/wp-json\/wp\/v2\/product"}],"about":[{"href":"https:\/\/sovalab.pl\/en\/wp-json\/wp\/v2\/types\/product"}],"replies":[{"embeddable":true,"href":"https:\/\/sovalab.pl\/en\/wp-json\/wp\/v2\/comments?post=10047667"}],"wp:featuredmedia":[{"embeddable":true,"href":"https:\/\/sovalab.pl\/en\/wp-json\/wp\/v2\/media\/10048595"}],"wp:attachment":[{"href":"https:\/\/sovalab.pl\/en\/wp-json\/wp\/v2\/media?parent=10047667"}],"wp:term":[{"taxonomy":"product_brand","embeddable":true,"href":"https:\/\/sovalab.pl\/en\/wp-json\/wp\/v2\/product_brand?post=10047667"},{"taxonomy":"product_cat","embeddable":true,"href":"https:\/\/sovalab.pl\/en\/wp-json\/wp\/v2\/product_cat?post=10047667"},{"taxonomy":"product_tag","embeddable":true,"href":"https:\/\/sovalab.pl\/en\/wp-json\/wp\/v2\/product_tag?post=10047667"}],"curies":[{"name":"wp","href":"https:\/\/api.w.org\/{rel}","templated":true}]}}