
{"id":10047677,"date":"2025-05-22T13:28:26","date_gmt":"2025-05-22T11:28:26","guid":{"rendered":"https:\/\/sovalab.pl\/?post_type=product&#038;p=10047677"},"modified":"2026-05-06T17:00:59","modified_gmt":"2026-05-06T15:00:59","slug":"mini-szybkozlacze-magnetyczne-do-odciagu-trocin-i-wiorow-z-uchwytem-montazowym","status":"publish","type":"product","link":"https:\/\/sovalab.pl\/en\/mini-szybkozlacze-magnetyczne-do-odciagu-trocin-i-wiorow-z-uchwytem-montazowym\/","title":{"rendered":"MINI szybkoz\u0142\u0105cze magnetyczne do odci\u0105gu trocin i wi\u00f3r\u00f3w z uchwytem monta\u017cowym"},"content":{"rendered":"<p>MINI szybkoz&#322;&#261;cze magnetyczne do odci&#261;gu trocin i wi&oacute;r&oacute;w z uchwytem monta&#380;owym&ndash; pe&#322;na kontrola nad odci&#261;giem w ka&#380;dej konfiguracji warsztatu<\/p>\n<p>Maszyna zabudowana, trudny dost&#281;p do portu odci&#261;gu, brak miejsca na manewry? MAGSNAP SPIRO z uchwytem monta&#380;owym to odpowied&#378; na potrzeby warsztat&oacute;w, gdzie liczy si&#281; funkcjonalno&#347;&#263; i szybki dost&#281;p do urz&#261;dze&#324;.<\/p>\n<p>To nie tylko szybkoz&#322;&#261;cze &ndash; to element systemu, kt&oacute;ry mo&#380;esz zamontowa&#263; np. do rega&#322;u, &#347;ciany warsztatowej lub korpusu szafki. Dzi&#281;ki temu zyskujesz wygodne, stabilne i b&#322;yskawicznie dost&#281;pne przy&#322;&#261;cze nawet wtedy, gdy maszyna jest schowana w zabudowie lub trudno dost&#281;pna.<\/p>\n<p>Dlaczego warto?<\/p>\n<p>&#9989; Swoboda monta&#380;u<br \/>\nZamontuj z&#322;&#261;cze na sta&#322;e do rega&#322;u, sto&#322;u roboczego, obudowy pi&#322;y lub innej konstrukcji. Korzystaj z odci&#261;gu dok&#322;adnie tam, gdzie Ci wygodnie &ndash; nawet je&#347;li maszyna nie ma &#322;atwo dost&#281;pnego portu.<\/p>\n<p>&#9989; B&#322;yskawiczne po&#322;&#261;czenie i od&#322;&#261;czenie<br \/>\nMagnesy neodymowe zapewniaj&#261; natychmiastowe przyci&#261;gni&#281;cie i stabilne trzymanie w&#281;&#380;a. Bez opasek, bez szarpania &ndash; tylko jedno klikni&#281;cie.<\/p>\n<p>&#9989; Kompatybilno&#347;&#263; z r&oacute;&#380;nymi &#347;rednicami<br \/>\n&#321;&#261;cz z&#322;&#261;cza SPIRO o r&oacute;&#380;nych &#347;rednicach (np. 100 mm z 120 mm), bez konieczno&#347;ci stosowania przej&#347;ci&oacute;wek.<\/p>\n<p>&#9989; Modularny system<br \/>\nRozbuduj sw&oacute;j system &ndash; pod&#322;&#261;cz r&oacute;&#380;ne maszyny do jednej linii odci&#261;gowej, montuj&#261;c dodatkowe uchwyty w strategicznych punktach warsztatu.<\/p>\n<p>Zastosowanie:<\/p>\n<p>Pi&#322;y sto&#322;owe w zabudowie warsztatowej<br \/>\nFrezarki i CNC z ograniczonym dost&#281;pem<br \/>\nMaszyny osadzone w rega&#322;ach i sto&#322;ach<br \/>\nPracownie, gdzie liczy si&#281; ergonomia, mobilno&#347;&#263; i porz&#261;dek<\/p>\n<p><strong>Dane techniczne:<\/strong><\/p>\n<p>Monta&#380;: mo&#380;liwo&#347;&#263; przykr&#281;cenia z&#322;&#261;cza do dowolnej p&#322;askiej powierzchni (rega&#322;, blat, bok szafki)<br \/>\nKompatybilno&#347;&#263;: system MAGSNAP SPIRO (wersja MINI)<br \/>\nJednostka sprzeda&#380;y: 1 sztuka\n<\/p>\n<h2><strong>Zbuduj warsztat pod siebie!<\/strong><\/h2>\n","protected":false},"excerpt":{"rendered":"<p>MINI szybkoz&#322;&#261;cze magnetyczne do odci&#261;gu trocin i wi&oacute;r&oacute;w z uchwytem monta&#380;owym&ndash; pe&#322;na kontrola nad odci&#261;giem w ka&#380;dej konfiguracji warsztatu Maszyna zabudowana, trudny dost&#281;p do portu odci&#261;gu, brak miejsca na manewry? MAGSNAP SPIRO z uchwytem monta&#380;owym to odpowied&#378; na potrzeby warsztat&oacute;w,&#8230;<\/p>\n","protected":false},"featured_media":10047699,"comment_status":"closed","ping_status":"closed","template":"","meta":[],"product_brand":[390],"product_cat":[342,196,254],"product_tag":[],"class_list":{"0":"post-10047677","1":"product","2":"type-product","3":"status-publish","4":"has-post-thumbnail","6":"product_brand-sovalab","7":"product_cat-magsnap-mini","8":"product_cat-odciagi","9":"product_cat-zlacza-magnetyczne","10":"product_shipping_class-male","12":"first","13":"instock","14":"featured","15":"taxable","16":"shipping-taxable","17":"purchasable","18":"product-type-variable"},"_links":{"self":[{"href":"https:\/\/sovalab.pl\/en\/wp-json\/wp\/v2\/product\/10047677","targetHints":{"allow":["GET"]}}],"collection":[{"href":"https:\/\/sovalab.pl\/en\/wp-json\/wp\/v2\/product"}],"about":[{"href":"https:\/\/sovalab.pl\/en\/wp-json\/wp\/v2\/types\/product"}],"replies":[{"embeddable":true,"href":"https:\/\/sovalab.pl\/en\/wp-json\/wp\/v2\/comments?post=10047677"}],"wp:featuredmedia":[{"embeddable":true,"href":"https:\/\/sovalab.pl\/en\/wp-json\/wp\/v2\/media\/10047699"}],"wp:attachment":[{"href":"https:\/\/sovalab.pl\/en\/wp-json\/wp\/v2\/media?parent=10047677"}],"wp:term":[{"taxonomy":"product_brand","embeddable":true,"href":"https:\/\/sovalab.pl\/en\/wp-json\/wp\/v2\/product_brand?post=10047677"},{"taxonomy":"product_cat","embeddable":true,"href":"https:\/\/sovalab.pl\/en\/wp-json\/wp\/v2\/product_cat?post=10047677"},{"taxonomy":"product_tag","embeddable":true,"href":"https:\/\/sovalab.pl\/en\/wp-json\/wp\/v2\/product_tag?post=10047677"}],"curies":[{"name":"wp","href":"https:\/\/api.w.org\/{rel}","templated":true}]}}