
{"id":10047770,"date":"2025-05-28T21:07:14","date_gmt":"2025-05-28T19:07:14","guid":{"rendered":"https:\/\/sovalab.pl\/?post_type=product&#038;p=10047770"},"modified":"2025-12-22T23:38:03","modified_gmt":"2025-12-22T22:38:03","slug":"mini-magnetyczne-szybkozlacze-do-maszyny-dewalt-dwe7492-zestaw-z-adapterem-bocznym","status":"publish","type":"product","link":"https:\/\/sovalab.pl\/en\/mini-magnetyczne-szybkozlacze-do-maszyny-dewalt-dwe7492-zestaw-z-adapterem-bocznym\/","title":{"rendered":"MINI Magnetyczne szybkoz\u0142\u0105cze do maszyny DeWalt DWE7492 &#8211; zestaw z adapterem bocznym"},"content":{"rendered":"<h2><strong>MINI Z\u0142\u0105cze do maszyny DeWalt DWE7492 &#8211; zestaw z adapterem bocznym<\/strong><\/h2>\n<p>B\u0142yskawiczne, bezpieczne i szybkie po\u0142\u0105czenie do Twojego odci\u0105gu trocin. Masz do\u015b\u0107 walki z opaskami przy ci\u0105g\u0142ym przypinaniu w\u0119\u017ca? Nasze rozwi\u0105zanie to jest to czego potrzebujesz!<\/p>\n<p>MAGSNAP to szybkoz\u0142\u0105cze, kt\u00f3re ca\u0142kowicie zmienia spos\u00f3b pracy z systemem odci\u0105gowym. Wystarczy jedno klikni\u0119cie \u2013 dos\u0142ownie. Magnesy neodymowe automatycznie przyci\u0105gaj\u0105 i blokuj\u0105 po\u0142\u0105czenie, zapewniaj\u0105c szczelno\u015b\u0107 i stabilno\u015b\u0107 nawet przy du\u017cym przep\u0142ywie powietrza.<\/p>\n<p>Zmieniasz maszyn\u0119? Od\u0142\u0105cz i podepnij do kolejnej \u2013 bez wysi\u0142ku, bez marnowania czasu.<\/p>\n<p><strong>Dedykowane rozwi\u0105zanie dla DeWalt DWE7492. <em>Wybierz wariat pod\u0142\u0105czenia w\u0119za do os\u0142ony.<\/em><\/strong><\/p>\n<p>Z\u0142\u0105cze zosta\u0142o specjalnie zaprojektowane dla pi\u0142y sto\u0142owej<strong> DeWalt DWE7492<\/strong> i wyposa\u017cone w boczne z\u0142\u0105cze do pod\u0142\u0105czenia odci\u0105gu z os\u0142ony tarczy. Ta innowacyjna funkcja umo\u017cliwia jednoczesne odprowadzanie trocin z g\u0142\u00f3wnego kana\u0142u oraz bezpo\u015brednio z os\u0142ony tarczy, zapewniaj\u0105c maksymaln\u0105 skuteczno\u015b\u0107 odpylania.<\/p>\n<p>Adapter boczny posiada szybkoz\u0142\u0105cze umo\u017cliwiaj\u0105ce od\u0142\u0105czenie w\u0119\u017ca i za\u015blepienie portu bocznego \u2013 idealne rozwi\u0105zanie, gdy potrzebujesz szybko prze\u0142\u0105czy\u0107 si\u0119 mi\u0119dzy r\u00f3\u017cnymi konfiguracjami odpylania lub czasowo od\u0142\u0105czy\u0107 system.<\/p>\n<p><strong>Zestaw zawiera:<\/strong><br \/>\n&#8211; Z\u0142\u0105cze g\u0142\u00f3wne SPIRO<br \/>\n&#8211; Adapter boczny do os\u0142ony tarczy z szybkoz\u0142\u0105czem<br \/>\n&#8211; Za\u015blepk\u0119 do portu bocznego<\/p>\n<p><strong>Dlaczego szybkoz\u0142\u0105cze MAGSNAP SPIRO to gamechanger w warsztacie?<\/strong><\/p>\n<p>&#8211; Ultraszybkie po\u0142\u0105czenie i roz\u0142\u0105czenie rur do odci\u0105gu \u2013 oszcz\u0119dzasz czas i nerwy<br \/>\n&#8211; Silne magnesy neodymowe \u2013 stabilne trzymanie, nawet przy du\u017cym przep\u0142ywie powietrza<br \/>\n&#8211; Wytrzyma\u0142y wydruk FDM \u2013 odporny na uszkodzenia i \u015brodowisko warsztatowe<br \/>\n&#8211; Mo\u017cliwo\u015b\u0107 rozbudowy \u2013 tw\u00f3rz w\u0142asny system modularny z dodatkowymi z\u0142\u0105czami SPIRO lub PORT<br \/>\n&#8211; Gotowy do dzia\u0142ania zaraz po wyj\u0119ciu z opakowania<\/p>\n<p><strong>Kompatybilno\u015b\u0107 mi\u0119dzy r\u00f3\u017cnymi \u015brednicami<\/strong><\/p>\n<p>Dzi\u0119ki zunifikowanej bazie magnetycznej, z\u0142\u0105cza SPIRO w r\u00f3\u017cnych rozmiarach (np. 100 mm, 120 mm, 140 mm) mo\u017cna ze sob\u0105 swobodnie \u0142\u0105czy\u0107. To rozwi\u0105zanie pozwala na \u0142\u0105czenie kilku \u017ar\u00f3de\u0142 o r\u00f3\u017cnych \u015brednicach w jednym systemie \u2013 bez potrzeby stosowania przej\u015bci\u00f3wek.<\/p>\n<p><strong>Idealne dla:<\/strong><br \/>\n&#8211; stolarzy i majsterkowicz\u00f3w korzystaj\u0105cych z odci\u0105g\u00f3w trocin<br \/>\n&#8211; u\u017cytkownik\u00f3w pi\u0142 sto\u0142owych DeWalt DWE7492<br \/>\n&#8211; u\u017cytkownik\u00f3w CNC, frezarek, innych pi\u0142 tarczowych<br \/>\n&#8211; domowych pracowni DIY<br \/>\n&#8211; os\u00f3b, kt\u00f3re ceni\u0105 porz\u0105dek i ergonomi\u0119 w warsztacie<\/p>\n<p><strong>Dlaczego warto?<\/strong><br \/>\nZ\u0142\u0105cze SPIRO zosta\u0142o zaprojektowane z my\u015bl\u0105 o praktyczno\u015bci i trwa\u0142o\u015bci. To nie jest gad\u017cet \u2013 to realne u\u0142atwienie pracy, kt\u00f3re pozwala Ci skupi\u0107 si\u0119 na projektach, zamiast walczy\u0107 z w\u0119\u017cami i mocowaniami.<\/p>\n<p><strong>Konfiguracje po\u0142\u0105cze\u0144:<\/strong><br \/>\nDo poprawnego dzia\u0142ania systemu wymagane s\u0105 co najmniej dwa z\u0142\u0105cza magnetyczne. Przyk\u0142ady zastosowania:<br \/>\n&#8211; SPIRO \u2013 SPIRO (dwa ko\u0144ce tego samego przewodu)<br \/>\n&#8211; SPIRO \u2013 PANEL (np. pier\u015bcie\u0144 monta\u017cowy w maszynie)<br \/>\n&#8211; PORT \u2013 SPIRO (zmienne \u017ar\u00f3d\u0142a odci\u0105gu)<\/p>\n<p><strong>Zapewniamy mo\u017cliwo\u015b\u0107 personalizacji \u2013 wykonujemy z\u0142\u0105cza w innych \u015brednicach.<\/strong><\/p>\n<p>To z\u0142\u0105cze pasuje wy\u0142\u0105cznie do wersji STANDARD. Nie jest kompatybilne z wersjami MINI ani MAX dost\u0119pnymi w innych naszych ofertach.<\/p>\n<p><strong>Dlaczego warto wybra\u0107 MAGSNAP?<\/strong><br \/>\nOd 2020 roku nasz autorski system magnetycznych z\u0142\u0105czy MAGSNAP pomaga profesjonalistom i pasjonatom skraca\u0107 przestoje, usprawnia\u0107 codzienn\u0105 prac\u0119 i dba\u0107 o czysto\u015b\u0107 w miejscu pracy. Wykorzystujemy do\u015bwiadczenie z produkcji oraz opinie naszych klient\u00f3w, aby stale ulepsza\u0107 nasze rozwi\u0105zania.<\/p>\n<p>&nbsp;<\/p>\n<p>To z\u0142\u0105cze przeznaczone jest wy\u0142\u0105cznie do wersji <strong><a href=\"https:\/\/sovalab.pl\/magsnap-standard\/\">STANDARD<\/a><\/strong> (\u00d8 60\u2013150 mm) i nie jest kompatybilne z wersjami MINI ani MAX dost\u0119pnymi w naszych pozosta\u0142ych ofertach.<\/p>\n<p>&nbsp;<\/p>\n","protected":false},"excerpt":{"rendered":"<p>MINI Z\u0142\u0105cze do maszyny DeWalt DWE7492 &#8211; zestaw z adapterem bocznym B\u0142yskawiczne, bezpieczne i szybkie po\u0142\u0105czenie do Twojego odci\u0105gu trocin. Masz do\u015b\u0107 walki z opaskami przy ci\u0105g\u0142ym przypinaniu w\u0119\u017ca? Nasze rozwi\u0105zanie to jest to czego potrzebujesz! MAGSNAP to szybkoz\u0142\u0105cze, kt\u00f3re&#8230;<\/p>\n","protected":false},"featured_media":10047795,"comment_status":"closed","ping_status":"closed","template":"","meta":[],"product_brand":[390],"product_cat":[254,342],"product_tag":[],"class_list":{"0":"post-10047770","1":"product","2":"type-product","3":"status-publish","4":"has-post-thumbnail","6":"product_brand-sovalab","7":"product_cat-zlacza-magnetyczne","8":"product_cat-magsnap-mini","9":"product_shipping_class-male","11":"first","12":"instock","13":"taxable","14":"shipping-taxable","15":"purchasable","16":"product-type-variable"},"_links":{"self":[{"href":"https:\/\/sovalab.pl\/en\/wp-json\/wp\/v2\/product\/10047770","targetHints":{"allow":["GET"]}}],"collection":[{"href":"https:\/\/sovalab.pl\/en\/wp-json\/wp\/v2\/product"}],"about":[{"href":"https:\/\/sovalab.pl\/en\/wp-json\/wp\/v2\/types\/product"}],"replies":[{"embeddable":true,"href":"https:\/\/sovalab.pl\/en\/wp-json\/wp\/v2\/comments?post=10047770"}],"wp:featuredmedia":[{"embeddable":true,"href":"https:\/\/sovalab.pl\/en\/wp-json\/wp\/v2\/media\/10047795"}],"wp:attachment":[{"href":"https:\/\/sovalab.pl\/en\/wp-json\/wp\/v2\/media?parent=10047770"}],"wp:term":[{"taxonomy":"product_brand","embeddable":true,"href":"https:\/\/sovalab.pl\/en\/wp-json\/wp\/v2\/product_brand?post=10047770"},{"taxonomy":"product_cat","embeddable":true,"href":"https:\/\/sovalab.pl\/en\/wp-json\/wp\/v2\/product_cat?post=10047770"},{"taxonomy":"product_tag","embeddable":true,"href":"https:\/\/sovalab.pl\/en\/wp-json\/wp\/v2\/product_tag?post=10047770"}],"curies":[{"name":"wp","href":"https:\/\/api.w.org\/{rel}","templated":true}]}}