
{"id":10047814,"date":"2025-06-01T15:53:03","date_gmt":"2025-06-01T13:53:03","guid":{"rendered":"https:\/\/sovalab.pl\/?post_type=product&#038;p=10047814"},"modified":"2025-09-17T10:44:36","modified_gmt":"2025-09-17T08:44:36","slug":"wytrzymaly-zacisk-klips-do-weza-odkurzacza-festool","status":"publish","type":"product","link":"https:\/\/sovalab.pl\/en\/wytrzymaly-zacisk-klips-do-weza-odkurzacza-festool\/","title":{"rendered":"Wytrzyma\u0142y zacisk Klips do w\u0119\u017ca odkurzacza Festool"},"content":{"rendered":"<p>Cechy produktu:<\/p>\n<p>Zestaw 8 zacisk\u00f3w kompatybilnych z w\u0119\u017cem o \u015brednicy 27 mm<br \/>\nStabilne mocowanie kabla plug-it do w\u0119\u017ca \u2013 zapobiega roz\u0142\u0105czaniu podczas pracy<br \/>\nSpiralna konstrukcja minimalizuj\u0105ca ryzyko zaczepiania oraz niekontrolowanego przesuwania si\u0119 w\u0119\u017ca<\/p>\n<p><strong>Druk 3D.<\/strong><br \/>\n<strong>Wykonany z trwa\u0142ego materia\u0142u &#8211; nie p\u0119ka przy zak\u0142adaniu!<\/strong><\/p>\n","protected":false},"excerpt":{"rendered":"<p>Cechy produktu: Zestaw 8 zacisk\u00f3w kompatybilnych z w\u0119\u017cem o \u015brednicy 27 mm Stabilne mocowanie kabla plug-it do w\u0119\u017ca \u2013 zapobiega roz\u0142\u0105czaniu podczas pracy Spiralna konstrukcja minimalizuj\u0105ca ryzyko zaczepiania oraz niekontrolowanego przesuwania si\u0119 w\u0119\u017ca Druk 3D. Wykonany z trwa\u0142ego materia\u0142u &#8211;&#8230;<\/p>\n","protected":false},"featured_media":10047815,"comment_status":"closed","ping_status":"closed","template":"","meta":[],"product_brand":[390],"product_cat":[182],"product_tag":[],"class_list":{"0":"post-10047814","1":"product","2":"type-product","3":"status-publish","4":"has-post-thumbnail","6":"product_brand-sovalab","7":"product_cat-narzedzia","8":"product_shipping_class-male","10":"first","11":"instock","12":"taxable","13":"shipping-taxable","14":"purchasable","15":"product-type-simple"},"_links":{"self":[{"href":"https:\/\/sovalab.pl\/en\/wp-json\/wp\/v2\/product\/10047814","targetHints":{"allow":["GET"]}}],"collection":[{"href":"https:\/\/sovalab.pl\/en\/wp-json\/wp\/v2\/product"}],"about":[{"href":"https:\/\/sovalab.pl\/en\/wp-json\/wp\/v2\/types\/product"}],"replies":[{"embeddable":true,"href":"https:\/\/sovalab.pl\/en\/wp-json\/wp\/v2\/comments?post=10047814"}],"wp:featuredmedia":[{"embeddable":true,"href":"https:\/\/sovalab.pl\/en\/wp-json\/wp\/v2\/media\/10047815"}],"wp:attachment":[{"href":"https:\/\/sovalab.pl\/en\/wp-json\/wp\/v2\/media?parent=10047814"}],"wp:term":[{"taxonomy":"product_brand","embeddable":true,"href":"https:\/\/sovalab.pl\/en\/wp-json\/wp\/v2\/product_brand?post=10047814"},{"taxonomy":"product_cat","embeddable":true,"href":"https:\/\/sovalab.pl\/en\/wp-json\/wp\/v2\/product_cat?post=10047814"},{"taxonomy":"product_tag","embeddable":true,"href":"https:\/\/sovalab.pl\/en\/wp-json\/wp\/v2\/product_tag?post=10047814"}],"curies":[{"name":"wp","href":"https:\/\/api.w.org\/{rel}","templated":true}]}}