
{"id":10048652,"date":"2025-06-23T20:44:22","date_gmt":"2025-06-23T18:44:22","guid":{"rendered":"https:\/\/sovalab.pl\/?post_type=product&#038;p=10048652"},"modified":"2026-05-06T17:11:39","modified_gmt":"2026-05-06T15:11:39","slug":"pierscien-magnetyczny-z-gwintem-montazowym-do-obudowy-panel-gwintowany","status":"publish","type":"product","link":"https:\/\/sovalab.pl\/en\/pierscien-magnetyczny-z-gwintem-montazowym-do-obudowy-panel-gwintowany\/","title":{"rendered":"Pier\u015bcie\u0144 magnetyczny z gwintem monta\u017cowym do obudowy, panel gwintowany"},"content":{"rendered":"<p><b>MAGSNAP &nbsp;&ndash; Szybkoz&#322;&#261;cze magnetyczne z gwintem monta&#380;owym do obudowy, panel magnetyczny<\/b><b>B&#322;yskawiczne i szczelne po&#322;&#261;czenie Twojego systemu odci&#261;gowego &ndash; bez opasek, bez kompromis&oacute;w.<\/b><\/p>\n<p>Z&#322;&#261;cze <b>MAGSNAP<\/b>&nbsp;to cz&#281;&#347;&#263; innowacyjnego systemu szybkiego &#322;&#261;czenia przewod&oacute;w odpylaj&#261;cych. Ten wariant wyposa&#380;ony jest w <b>gwint monta&#380;owy<\/b>, kt&oacute;ry umo&#380;liwia trwa&#322;e i estetyczne wkr&#281;cenie z&#322;&#261;cza w &#347;ciank&#281; separatora, cyklonu, zbiornika na wi&oacute;ry <b>czy innej obudowy<\/b>. Z drugiej strony z&#322;&#261;cze wyposa&#380;one jest w <b>magnetyczn&#261; baz&#281;<\/b>, kt&oacute;ra wsp&oacute;&#322;pracuje ze wszystkimi elementami systemu <b>MAGSNAP Standard<\/b> .<\/p>\n<p><b>Cechy produktu:<\/b>\n<\/p>\n<ul>\n<li><b>Gwint zewn&#281;trzny monta&#380;owy<\/b>&ndash; do wkr&#281;cenia w &#347;ciank&#281; urz&#261;dzenia (np. separator, pojemnik).<\/li>\n<li><b>Szybkoz&#322;&#261;cze magnetyczne<\/b> &ndash; neodymowe magnesy zapewniaj&#261; silne, samoblokuj&#261;ce po&#322;&#261;czenie.<\/li>\n<li><b>Uniwersalna kompatybilno&#347;&#263;<\/b> &ndash; pasuje do ka&#380;dego innego z&#322;&#261;cza MAGSNAP Standard<\/li>\n<\/ul>\n<p><b>Dlaczego warto wybra&#263; z&#322;&#261;cza magnetyczne MAGSNAP<\/b><\/p>\n<ul>\n<li><b>Bez narz&#281;dzi, bez opasek, bez strat czasu<\/b> &ndash; po&#322;&#261;czenie i roz&#322;&#261;czenie jedn&#261; r&#281;k&#261;.<\/li>\n<li><b>Modularno&#347;&#263; systemu<\/b> &ndash; wszystkie z&#322;&#261;cza r&oacute;&#380;nych &#347;rednic (100, 120, 140 mm) mo&#380;na ze sob&#261; &#322;&#261;czy&#263; bez przej&#347;ci&oacute;wek.<\/li>\n<li><b>Elastyczna rozbudowa<\/b> &ndash; &#322;&#261;cz SPIRO z PORT, PANEL lub innymi komponentami systemu.<\/li>\n<li><b>Gotowe do dzia&#322;ania od razu po monta&#380;u.<\/b><\/li>\n<\/ul>\n<p><b>Dane techniczne:<\/b><\/p>\n<ul>\n<li><b>Typ mocowania:<\/b> gwint monta&#380;owy do obudowy (np. zbiornik, separator)<\/li>\n<li><b>Kompatybilno&#347;&#263;:<\/b> tylko z seri&#261; MAGSNAP STANDARD<\/li>\n<li><b>Jednostka sprzeda&#380;y:<\/b> 1 sztuka, plus nakr&#281;tka.<\/li>\n<\/ul>\n<p><b>MAGSNAP &ndash; rozwi&#261;zania tworzone z praktyki<\/b><\/p>\n<p>Od 2020 roku rozwijamy autorski system szybkich z&#322;&#261;czy magnetycznych, kt&oacute;re zwi&#281;kszaj&#261; efektywno&#347;&#263; pracy i komfort u&#380;ytkownik&oacute;w. MAGSNAP to nie tylko wygoda &ndash; to narz&#281;dzie do codziennego u&#380;ytku, kt&oacute;re naprawd&#281; zmienia spos&oacute;b pracy z odci&#261;giem trocin.<\/p>\n<p><b>Chcesz dopasowa&#263; gwint, kolor lub &#347;rednic&#281;? Realizujemy tak&#380;e wersje na zam&oacute;wienie<\/b><\/p>\n","protected":false},"excerpt":{"rendered":"<p>MAGSNAP &nbsp;&ndash; Szybkoz&#322;&#261;cze magnetyczne z gwintem monta&#380;owym do obudowy, panel magnetycznyB&#322;yskawiczne i szczelne po&#322;&#261;czenie Twojego systemu odci&#261;gowego &ndash; bez opasek, bez kompromis&oacute;w. Z&#322;&#261;cze MAGSNAP&nbsp;to cz&#281;&#347;&#263; innowacyjnego systemu szybkiego &#322;&#261;czenia przewod&oacute;w odpylaj&#261;cych. Ten wariant wyposa&#380;ony jest w gwint monta&#380;owy, kt&oacute;ry umo&#380;liwia&#8230;<\/p>\n","protected":false},"featured_media":10048656,"comment_status":"open","ping_status":"closed","template":"","meta":[],"product_brand":[390],"product_cat":[341,254],"product_tag":[],"class_list":{"0":"post-10048652","1":"product","2":"type-product","3":"status-publish","4":"has-post-thumbnail","6":"product_brand-sovalab","7":"product_cat-magsnap-standard","8":"product_cat-zlacza-magnetyczne","10":"first","11":"instock","12":"taxable","13":"shipping-taxable","14":"purchasable","15":"product-type-simple"},"_links":{"self":[{"href":"https:\/\/sovalab.pl\/en\/wp-json\/wp\/v2\/product\/10048652","targetHints":{"allow":["GET"]}}],"collection":[{"href":"https:\/\/sovalab.pl\/en\/wp-json\/wp\/v2\/product"}],"about":[{"href":"https:\/\/sovalab.pl\/en\/wp-json\/wp\/v2\/types\/product"}],"replies":[{"embeddable":true,"href":"https:\/\/sovalab.pl\/en\/wp-json\/wp\/v2\/comments?post=10048652"}],"wp:featuredmedia":[{"embeddable":true,"href":"https:\/\/sovalab.pl\/en\/wp-json\/wp\/v2\/media\/10048656"}],"wp:attachment":[{"href":"https:\/\/sovalab.pl\/en\/wp-json\/wp\/v2\/media?parent=10048652"}],"wp:term":[{"taxonomy":"product_brand","embeddable":true,"href":"https:\/\/sovalab.pl\/en\/wp-json\/wp\/v2\/product_brand?post=10048652"},{"taxonomy":"product_cat","embeddable":true,"href":"https:\/\/sovalab.pl\/en\/wp-json\/wp\/v2\/product_cat?post=10048652"},{"taxonomy":"product_tag","embeddable":true,"href":"https:\/\/sovalab.pl\/en\/wp-json\/wp\/v2\/product_tag?post=10048652"}],"curies":[{"name":"wp","href":"https:\/\/api.w.org\/{rel}","templated":true}]}}