
{"id":10048780,"date":"2025-07-07T20:15:06","date_gmt":"2025-07-07T18:15:06","guid":{"rendered":"https:\/\/sovalab.pl\/?post_type=product&#038;p=10048780"},"modified":"2026-05-06T17:12:48","modified_gmt":"2026-05-06T15:12:48","slug":"gwintowany-lacznik-wezy-prozniowych-wezy-odkurzacza-konfigurator","status":"publish","type":"product","link":"https:\/\/sovalab.pl\/en\/gwintowany-lacznik-wezy-prozniowych-wezy-odkurzacza-konfigurator\/","title":{"rendered":"Gwintowany \u0142\u0105cznik w\u0119\u017cy pr\u00f3\u017cniowych, w\u0119\u017cy odkurzacza | Konfigurator"},"content":{"rendered":"<p>Gwintowany \u0142\u0105cznik do w\u0119\u017cy pr\u00f3\u017cniowych odkurzaczy, wykonany w technologii druku 3D. Umo\u017cliwia trwa\u0142e i szczelne po\u0142\u0105czenie w\u0119\u017cy o dopasowanej \u015brednicy zewn\u0119trznej \u2014 kluczowe jest dobranie odpowiedniego wymiaru dla prawid\u0142owego monta\u017cu.<\/p>\n","protected":false},"excerpt":{"rendered":"<p>Gwintowany \u0142\u0105cznik do w\u0119\u017cy pr\u00f3\u017cniowych odkurzaczy, wykonany w technologii druku 3D. Umo\u017cliwia trwa\u0142e i szczelne po\u0142\u0105czenie w\u0119\u017cy o dopasowanej \u015brednicy zewn\u0119trznej \u2014 kluczowe jest dobranie odpowiedniego wymiaru dla prawid\u0142owego monta\u017cu.<\/p>\n","protected":false},"featured_media":10048988,"comment_status":"open","ping_status":"closed","template":"","meta":[],"product_brand":[390],"product_cat":[196,386],"product_tag":[],"class_list":{"0":"post-10048780","1":"product","2":"type-product","3":"status-publish","4":"has-post-thumbnail","6":"product_brand-sovalab","7":"product_cat-odciagi","8":"product_cat-adaptery-redukcje","10":"first","11":"instock","12":"taxable","13":"shipping-taxable","14":"purchasable","15":"product-type-variable"},"_links":{"self":[{"href":"https:\/\/sovalab.pl\/en\/wp-json\/wp\/v2\/product\/10048780","targetHints":{"allow":["GET"]}}],"collection":[{"href":"https:\/\/sovalab.pl\/en\/wp-json\/wp\/v2\/product"}],"about":[{"href":"https:\/\/sovalab.pl\/en\/wp-json\/wp\/v2\/types\/product"}],"replies":[{"embeddable":true,"href":"https:\/\/sovalab.pl\/en\/wp-json\/wp\/v2\/comments?post=10048780"}],"wp:featuredmedia":[{"embeddable":true,"href":"https:\/\/sovalab.pl\/en\/wp-json\/wp\/v2\/media\/10048988"}],"wp:attachment":[{"href":"https:\/\/sovalab.pl\/en\/wp-json\/wp\/v2\/media?parent=10048780"}],"wp:term":[{"taxonomy":"product_brand","embeddable":true,"href":"https:\/\/sovalab.pl\/en\/wp-json\/wp\/v2\/product_brand?post=10048780"},{"taxonomy":"product_cat","embeddable":true,"href":"https:\/\/sovalab.pl\/en\/wp-json\/wp\/v2\/product_cat?post=10048780"},{"taxonomy":"product_tag","embeddable":true,"href":"https:\/\/sovalab.pl\/en\/wp-json\/wp\/v2\/product_tag?post=10048780"}],"curies":[{"name":"wp","href":"https:\/\/api.w.org\/{rel}","templated":true}]}}