
{"id":10048961,"date":"2025-07-08T13:11:00","date_gmt":"2025-07-08T11:11:00","guid":{"rendered":"https:\/\/sovalab.pl\/?post_type=product&#038;p=10048961"},"modified":"2025-12-22T23:43:12","modified_gmt":"2025-12-22T22:43:12","slug":"magnetyczne-szybkozlacze-adapter-zlacze-port-scheppach-hms-850","status":"publish","type":"product","link":"https:\/\/sovalab.pl\/en\/magnetyczne-szybkozlacze-adapter-zlacze-port-scheppach-hms-850\/","title":{"rendered":"MAGNETIC QUICK CONNECTOR &#8211; PORT Adapter for Scheppach HMS 850"},"content":{"rendered":"<h2>Magnetyczne szybkoz\u0142\u0105cze, adapter z\u0142\u0105cze PORT Scheppach HMS 850<\/h2>\n<h4><b>Masz do\u015b\u0107 walki z opaskami przy ci\u0105g\u0142ym przypinaniu w\u0119\u017ca? Nasze rozwi\u0105zanie to jest to czego potrzebujesz!<\/b><\/h4>\n<p>Z\u0142\u0105cze magnetyczne do monta\u017cu na port odci\u0105gowy w <strong>Scheppach HMS 850.\u00a0Od\u0142\u0105cz i podepnij do kolejnej \u2013 bez wysi\u0142ku, bez marnowania czasu! \u00a0<\/strong>Dzi\u0119ki zastosowaniu tego z\u0142\u0105cza bez problemowo pod\u0142\u0105czysz odci\u0105g do maszyny bez stosowania dodatkowych przej\u015bci\u00f3wek. Z\u0142\u0105cze staje si\u0119 &#8220;redukcj\u0105&#8221; i pozwala na \u0142\u0105czenie r\u00f3\u017cnych \u015brednic.<\/p>\n<p>Wystarczy nasun\u0105\u0107 na kr\u00f3ciec wystaj\u0105cy z maszyny i delikatnie dopchn\u0105\u0107. <strong>Alternatywnie<\/strong> &#8211; w zale\u017cno\u015bci od zu\u017cycia maszyny, mo\u017cna pos\u0142u\u017cy\u0107 si\u0119 np ta\u015bm\u0105 do uszczelnienia.<\/p>\n<h4><b>Dlaczego szybkoz\u0142\u0105cze MAGSNAP to gamechanger w warsztacie?<\/b><\/h4>\n<ul>\n<li aria-level=\"1\">\n<h4>Ultraszybkie po\u0142\u0105czenie i roz\u0142\u0105czenie rur do odci\u0105gu \u2013 oszcz\u0119dzasz <strong>czas<\/strong> i nerwy.<\/h4>\n<\/li>\n<li aria-level=\"1\">\n<h4>Silne magnesy neodymowe \u2013 stabilne trzymanie, nawet przy du\u017cym przep\u0142ywie powietrza.<\/h4>\n<\/li>\n<li aria-level=\"1\">\n<h4>Gotowy do dzia\u0142ania zaraz po wyj\u0119ciu z opakowania.<\/h4>\n<\/li>\n<\/ul>\n<p><b>Kompatybilno\u015b\u0107 mi\u0119dzy r\u00f3\u017cnymi \u015brednicami!<\/b><\/p>\n<p>Zintegrowana baza magnetyczna umo\u017cliwia pod\u0142\u0105czanie do jednej maszyny w\u0119\u017cy o r\u00f3\u017cnych \u015brednicach, co eliminuje konieczno\u015b\u0107 stosowania adapter\u00f3w i upraszcza konfiguracj\u0119 systemu odci\u0105gowego.<\/p>\n<h4>\u2013<b>\u00a0Dlaczego warto?<\/b><\/h4>\n<h4>Z\u0142\u0105cze zosta\u0142o zaprojektowane z my\u015bl\u0105 o praktyczno\u015bci i trwa\u0142o\u015bci. To nie jest gad\u017cet \u2013 to realne u\u0142atwienie pracy, kt\u00f3re pozwala Ci skupi\u0107 si\u0119 na projektach, zamiast walczy\u0107 z w\u0119\u017cami i opaskami.<\/h4>\n<h4>\u2013 <b>Konfiguracje po\u0142\u0105cze\u0144: <\/b>Do poprawnego dzia\u0142ania systemu wymagane s\u0105 <b>co najmniej dwa z\u0142\u0105cza magnetyczne<\/b>. Przyk\u0142ady zastosowania:<\/h4>\n<p><strong><a href=\"https:\/\/sovalab.pl\/magnetyczne-zlacze-przeciwpylowe-zlacze-magnetyczne-spiro-o60-150mm\/\">SPIRO<\/a> \u2013 SPIRO<\/strong> (dwa ko\u0144ce tego samego przewodu)<br \/>\n<strong>SPIRO \u2013 <a href=\"https:\/\/sovalab.pl\/pierscien-magnetyczny-do-odciagu\/\">PANEL<\/a><\/strong> (np. pier\u015bcie\u0144 monta\u017cowy w maszynie)<br \/>\n<strong><a href=\"https:\/\/sovalab.pl\/magnetyczne-przylacze-felder-hammer-120-100-spiro\/\">PORT<\/a> \u2013 SPIRO<\/strong> (zmienne \u017ar\u00f3d\u0142a odci\u0105gu)<\/p>\n<p>Z uwagi na r\u00f3\u017cnorodno\u015b\u0107 system\u00f3w odpylania, produkt sprzedawany jest pojedynczo, co pozwala klientom elastycznie dopasowa\u0107 zam\u00f3wienie do swoich potrzeb<br \/>\nZapewniamy mo\u017cliwo\u015b\u0107 personalizacji \u2013 wykonujemy z\u0142\u0105cza w innych \u015brednicach.<\/p>\n<p>To z\u0142\u0105cze pasuje wy\u0142\u0105cznie do wersji <a href=\"https:\/\/sovalab.pl\/magsnap-standard\/\"><b>STANDARD<\/b><\/a>. Nie jest kompatybilne z wersjami <a href=\"https:\/\/sovalab.pl\/magsnap-mini\/\"><b>MINI<\/b><\/a> ani <a href=\"https:\/\/sovalab.pl\/magsnap-max\/\"><b>MAX<\/b><\/a> dost\u0119pnymi w innych naszych ofertach.<\/p>\n<h3>\u2013 <b>Dlaczego warto wybra\u0107 szybkoz\u0142\u0105cze magnetyczne MAGSNAP?<\/b><\/h3>\n<p>Od 2020 roku nasz autorski system magnetycznych z\u0142\u0105czy MAGSNAP pomaga profesjonalistom i pasjonatom skraca\u0107 przestoje, usprawnia\u0107 codzienn\u0105 prac\u0119 i dba\u0107 o czysto\u015b\u0107 w miejscu pracy. Wykorzystujemy do\u015bwiadczenie z produkcji oraz opinie naszych klient\u00f3w, aby stale ulepsza\u0107 nasze rozwi\u0105zania.<\/p>\n<p><b><\/b>Jednostka sprzeda\u017cy: 1 sztuka (produkt sprzedawany pojedynczo).<\/p>\n","protected":false},"excerpt":{"rendered":"<p>Magnetyczne szybkoz\u0142\u0105cze, adapter z\u0142\u0105cze PORT Scheppach HMS 850 Masz do\u015b\u0107 walki z opaskami przy ci\u0105g\u0142ym przypinaniu w\u0119\u017ca? Nasze rozwi\u0105zanie to jest to czego potrzebujesz! Z\u0142\u0105cze magnetyczne do monta\u017cu na port odci\u0105gowy w Scheppach HMS 850.\u00a0Od\u0142\u0105cz i podepnij do kolejnej \u2013&#8230;<\/p>\n","protected":false},"featured_media":10048962,"comment_status":"closed","ping_status":"closed","template":"","meta":[],"product_brand":[390],"product_cat":[254,341],"product_tag":[],"class_list":{"0":"post-10048961","1":"product","2":"type-product","3":"status-publish","4":"has-post-thumbnail","6":"product_brand-sovalab","7":"product_cat-zlacza-magnetyczne","8":"product_cat-magsnap-standard","9":"product_shipping_class-male","11":"first","12":"instock","13":"taxable","14":"shipping-taxable","15":"purchasable","16":"product-type-simple"},"_links":{"self":[{"href":"https:\/\/sovalab.pl\/en\/wp-json\/wp\/v2\/product\/10048961","targetHints":{"allow":["GET"]}}],"collection":[{"href":"https:\/\/sovalab.pl\/en\/wp-json\/wp\/v2\/product"}],"about":[{"href":"https:\/\/sovalab.pl\/en\/wp-json\/wp\/v2\/types\/product"}],"replies":[{"embeddable":true,"href":"https:\/\/sovalab.pl\/en\/wp-json\/wp\/v2\/comments?post=10048961"}],"wp:featuredmedia":[{"embeddable":true,"href":"https:\/\/sovalab.pl\/en\/wp-json\/wp\/v2\/media\/10048962"}],"wp:attachment":[{"href":"https:\/\/sovalab.pl\/en\/wp-json\/wp\/v2\/media?parent=10048961"}],"wp:term":[{"taxonomy":"product_brand","embeddable":true,"href":"https:\/\/sovalab.pl\/en\/wp-json\/wp\/v2\/product_brand?post=10048961"},{"taxonomy":"product_cat","embeddable":true,"href":"https:\/\/sovalab.pl\/en\/wp-json\/wp\/v2\/product_cat?post=10048961"},{"taxonomy":"product_tag","embeddable":true,"href":"https:\/\/sovalab.pl\/en\/wp-json\/wp\/v2\/product_tag?post=10048961"}],"curies":[{"name":"wp","href":"https:\/\/api.w.org\/{rel}","templated":true}]}}