
{"id":10049055,"date":"2025-07-20T12:27:02","date_gmt":"2025-07-20T10:27:02","guid":{"rendered":"https:\/\/sovalab.pl\/?post_type=product&#038;p=10049055"},"modified":"2025-09-17T10:44:21","modified_gmt":"2025-09-17T08:44:21","slug":"zestaw-uchwytow-do-narzedzi-pneumatycznych-4-szt","status":"publish","type":"product","link":"https:\/\/sovalab.pl\/en\/zestaw-uchwytow-do-narzedzi-pneumatycznych-4-szt\/","title":{"rendered":"Zestaw uchwyt\u00f3w do narz\u0119dzi pneumatycznych (4 szt.)"},"content":{"rendered":"<p>Wprowad\u017a porz\u0105dek do swojego warsztatu dzi\u0119ki niestandardowym uchwytom, zaprojektowanym specjalnie do przechowywania narz\u0119dzi pneumatycznych. Koniec z narz\u0119dziami porozrzucanymi po szufladach &#8211; teraz ka\u017cde z nich ma swoje miejsce.<\/p>\n<p>Nasze uchwyty to przemy\u015blane i trwa\u0142e rozwi\u0105zanie, kt\u00f3re:<\/p>\n<ul>\n<li>chroni Twoje narz\u0119dzia przed uszkodzeniami,<\/li>\n<li>przed\u0142u\u017ca ich \u017cywotno\u015b\u0107,<\/li>\n<li>minimalizuje zu\u017cycie wynikaj\u0105ce z niew\u0142a\u015bciwego przechowywania,<\/li>\n<li>pomaga utrzyma\u0107 porz\u0105dek i lepsz\u0105 organizacj\u0119 przestrzeni roboczej.|<\/li>\n<\/ul>\n<p>Uchwyty maj\u0105 p\u0142ynny ogranicznik &#8211; idealny da miejsc, w kt\u00f3rych wibracje mog\u0105 spowodowa\u0107, \u017ce narz\u0119dzia mog\u0142y ny wypada\u0107 \u00a0si\u0119 ze wspornika.<\/p>\n<p>&nbsp;<\/p>\n<p>Uchwyty zosta\u0142y wykonane metod\u0105 druku 3D.<\/p>\n<p>Uwaga:<br \/>\n<strong>Monta\u017c i u\u017cytkowanie uchwyt\u00f3w powinno odbywa\u0107 si\u0119 z odpowiedni\u0105 si\u0142\u0105.<\/strong><br \/>\nKolor rzeczywisty mo\u017ce nieznacznie r\u00f3\u017cni\u0107 si\u0119 od przedstawionego na zdj\u0119ciach \u2013 wynika to z ustawie\u0144 ekranu i warunk\u00f3w o\u015bwietleniowych.<\/p>\n<p>&nbsp;<\/p>\n","protected":false},"excerpt":{"rendered":"<p>Wprowad\u017a porz\u0105dek do swojego warsztatu dzi\u0119ki niestandardowym uchwytom, zaprojektowanym specjalnie do przechowywania narz\u0119dzi pneumatycznych. Koniec z narz\u0119dziami porozrzucanymi po szufladach &#8211; teraz ka\u017cde z nich ma swoje miejsce. Nasze uchwyty to przemy\u015blane i trwa\u0142e rozwi\u0105zanie, kt\u00f3re: chroni Twoje narz\u0119dzia przed&#8230;<\/p>\n","protected":false},"featured_media":10049056,"comment_status":"open","ping_status":"closed","template":"","meta":[],"product_brand":[390],"product_cat":[182],"product_tag":[],"class_list":{"0":"post-10049055","1":"product","2":"type-product","3":"status-publish","4":"has-post-thumbnail","6":"product_brand-sovalab","7":"product_cat-narzedzia","9":"first","10":"instock","11":"taxable","12":"shipping-taxable","13":"purchasable","14":"product-type-simple"},"_links":{"self":[{"href":"https:\/\/sovalab.pl\/en\/wp-json\/wp\/v2\/product\/10049055","targetHints":{"allow":["GET"]}}],"collection":[{"href":"https:\/\/sovalab.pl\/en\/wp-json\/wp\/v2\/product"}],"about":[{"href":"https:\/\/sovalab.pl\/en\/wp-json\/wp\/v2\/types\/product"}],"replies":[{"embeddable":true,"href":"https:\/\/sovalab.pl\/en\/wp-json\/wp\/v2\/comments?post=10049055"}],"wp:featuredmedia":[{"embeddable":true,"href":"https:\/\/sovalab.pl\/en\/wp-json\/wp\/v2\/media\/10049056"}],"wp:attachment":[{"href":"https:\/\/sovalab.pl\/en\/wp-json\/wp\/v2\/media?parent=10049055"}],"wp:term":[{"taxonomy":"product_brand","embeddable":true,"href":"https:\/\/sovalab.pl\/en\/wp-json\/wp\/v2\/product_brand?post=10049055"},{"taxonomy":"product_cat","embeddable":true,"href":"https:\/\/sovalab.pl\/en\/wp-json\/wp\/v2\/product_cat?post=10049055"},{"taxonomy":"product_tag","embeddable":true,"href":"https:\/\/sovalab.pl\/en\/wp-json\/wp\/v2\/product_tag?post=10049055"}],"curies":[{"name":"wp","href":"https:\/\/api.w.org\/{rel}","templated":true}]}}