
{"id":10049347,"date":"2025-08-21T12:13:46","date_gmt":"2025-08-21T10:13:46","guid":{"rendered":"https:\/\/sovalab.pl\/?post_type=product&#038;p=10049347"},"modified":"2025-12-30T15:09:55","modified_gmt":"2025-12-30T14:09:55","slug":"modularny-organizer-na-krazki-scierne","status":"publish","type":"product","link":"https:\/\/sovalab.pl\/en\/modularny-organizer-na-krazki-scierne\/","title":{"rendered":"Modularny organizer na kr\u0105\u017cki \u015bcierne"},"content":{"rendered":"<h3><b>Modularny organizer na kr\u0105\u017cki \u015bcierne<\/b><\/h3>\n<p>Tw\u00f3j warsztat to miejsce, w kt\u00f3rym panuje porz\u0105dek? A mo\u017ce wr\u0119cz przeciwnie, a Ty masz ju\u017c do\u015b\u0107 wiecznego ba\u0142aganu? Ten <b>modularny organizer na kr\u0105\u017cki \u015bcierne<\/b> to idealne rozwi\u0105zanie, kt\u00f3re pozwoli Ci raz na zawsze uporz\u0105dkowa\u0107 dyski o r\u00f3\u017cnych gradacjach.<\/p>\n<p>Produkt jest wydrukowany w technologii 3D z <b>wytrzyma\u0142ego materia\u0142u PLA<\/b>, dzi\u0119ki czemu masz pewno\u015b\u0107, \u017ce pos\u0142u\u017cy Ci przez d\u0142ugie lata.<\/p>\n<p>Jeden modu\u0142 organizera pomie\u015bci kr\u0105\u017cki o \u015brednicy <b>125 mm<\/b>. o szeroko\u015bci 35 mm<\/p>\n<p>Co najlepsze, organizer jest w pe\u0142ni <b>modu\u0142owy<\/b>. Mo\u017cesz dokupi\u0107 dowoln\u0105 liczb\u0119 modu\u0142\u00f3w i \u0142\u0105czy\u0107 je ze sob\u0105, tworz\u0105c pojemnik dostosowany do Twoich potrzeb.<\/p>\n<p><b>Cena za jeden modu\u0142.<\/b><\/p>\n<p><b>G\u0142\u00f3wne cechy:<\/b><\/p>\n<ul>\n<li>Druk 3D z trwa\u0142ego materia\u0142u PLA.<\/li>\n<li>Modu\u0142owa konstrukcja \u2014 kup tyle, ile potrzebujesz.<\/li>\n<li>Przeznaczony na kr\u0105\u017cki o \u015brednicy 125 mm.<\/li>\n<\/ul>\n","protected":false},"excerpt":{"rendered":"<p>Modularny organizer na kr\u0105\u017cki \u015bcierne Tw\u00f3j warsztat to miejsce, w kt\u00f3rym panuje porz\u0105dek? A mo\u017ce wr\u0119cz przeciwnie, a Ty masz ju\u017c do\u015b\u0107 wiecznego ba\u0142aganu? Ten modularny organizer na kr\u0105\u017cki \u015bcierne to idealne rozwi\u0105zanie, kt\u00f3re pozwoli Ci raz na zawsze uporz\u0105dkowa\u0107&#8230;<\/p>\n","protected":false},"featured_media":10049430,"comment_status":"open","ping_status":"closed","template":"","meta":[],"product_brand":[],"product_cat":[182],"product_tag":[],"class_list":{"0":"post-10049347","1":"product","2":"type-product","3":"status-publish","4":"has-post-thumbnail","6":"product_cat-narzedzia","8":"first","9":"instock","10":"taxable","11":"shipping-taxable","12":"purchasable","13":"product-type-simple"},"_links":{"self":[{"href":"https:\/\/sovalab.pl\/en\/wp-json\/wp\/v2\/product\/10049347","targetHints":{"allow":["GET"]}}],"collection":[{"href":"https:\/\/sovalab.pl\/en\/wp-json\/wp\/v2\/product"}],"about":[{"href":"https:\/\/sovalab.pl\/en\/wp-json\/wp\/v2\/types\/product"}],"replies":[{"embeddable":true,"href":"https:\/\/sovalab.pl\/en\/wp-json\/wp\/v2\/comments?post=10049347"}],"wp:featuredmedia":[{"embeddable":true,"href":"https:\/\/sovalab.pl\/en\/wp-json\/wp\/v2\/media\/10049430"}],"wp:attachment":[{"href":"https:\/\/sovalab.pl\/en\/wp-json\/wp\/v2\/media?parent=10049347"}],"wp:term":[{"taxonomy":"product_brand","embeddable":true,"href":"https:\/\/sovalab.pl\/en\/wp-json\/wp\/v2\/product_brand?post=10049347"},{"taxonomy":"product_cat","embeddable":true,"href":"https:\/\/sovalab.pl\/en\/wp-json\/wp\/v2\/product_cat?post=10049347"},{"taxonomy":"product_tag","embeddable":true,"href":"https:\/\/sovalab.pl\/en\/wp-json\/wp\/v2\/product_tag?post=10049347"}],"curies":[{"name":"wp","href":"https:\/\/api.w.org\/{rel}","templated":true}]}}