
{"id":10049352,"date":"2025-08-21T16:30:04","date_gmt":"2025-08-21T14:30:04","guid":{"rendered":"https:\/\/sovalab.pl\/?post_type=product&#038;p=10049352"},"modified":"2026-05-06T17:16:52","modified_gmt":"2026-05-06T15:16:52","slug":"niewidoczna-wkladka-do-zawieszania-obrazow-zegarow-itp","status":"publish","type":"product","link":"https:\/\/sovalab.pl\/en\/niewidoczna-wkladka-do-zawieszania-obrazow-zegarow-itp\/","title":{"rendered":"Niewidoczna wk\u0142adka do zawieszania obraz\u00f3w zegar\u00f3w itp"},"content":{"rendered":"<p>Wk\u0142adka, o wymiarach 20 x 8 mm, jest przeznaczona do osadzenia w otworze o g\u0142\u0119boko\u015bci \u00a0oko\u0142o 8 mm, wykonanym za pomoc\u0105 wiert\u0142a, lub frezu i zabezpieczona klejem.<\/p>\n<p>Dzi\u0119ki rowkowanemu trzpieniowi, wk\u0142adka zapewnia pewne, mechaniczne po\u0142\u0105czenie z klejem.<\/p>\n<p>Do zawieszenia ma\u0142ej ramki wystarczy jedna wk\u0142adka, natomiast do wi\u0119kszych przedmiot\u00f3w lub w celu zapobiegania obracaniu si\u0119, mo\u017cna zastosowa\u0107 dodatkowe wk\u0142adki. Otw\u00f3r w kszta\u0142cie dziurki od klucza pasuje do standardowych \u015brub \u00a08mm<\/p>\n","protected":false},"excerpt":{"rendered":"<p>Wk\u0142adka, o wymiarach 20 x 8 mm, jest przeznaczona do osadzenia w otworze o g\u0142\u0119boko\u015bci \u00a0oko\u0142o 8 mm, wykonanym za pomoc\u0105 wiert\u0142a, lub frezu i zabezpieczona klejem. Dzi\u0119ki rowkowanemu trzpieniowi, wk\u0142adka zapewnia pewne, mechaniczne po\u0142\u0105czenie z klejem. Do zawieszenia ma\u0142ej&#8230;<\/p>\n","protected":false},"featured_media":10049353,"comment_status":"open","ping_status":"closed","template":"","meta":[],"product_brand":[],"product_cat":[260,182],"product_tag":[],"class_list":{"0":"post-10049352","1":"product","2":"type-product","3":"status-publish","4":"has-post-thumbnail","6":"product_cat-stolarka","7":"product_cat-narzedzia","9":"first","10":"instock","11":"taxable","12":"shipping-taxable","13":"purchasable","14":"product-type-simple"},"_links":{"self":[{"href":"https:\/\/sovalab.pl\/en\/wp-json\/wp\/v2\/product\/10049352","targetHints":{"allow":["GET"]}}],"collection":[{"href":"https:\/\/sovalab.pl\/en\/wp-json\/wp\/v2\/product"}],"about":[{"href":"https:\/\/sovalab.pl\/en\/wp-json\/wp\/v2\/types\/product"}],"replies":[{"embeddable":true,"href":"https:\/\/sovalab.pl\/en\/wp-json\/wp\/v2\/comments?post=10049352"}],"wp:featuredmedia":[{"embeddable":true,"href":"https:\/\/sovalab.pl\/en\/wp-json\/wp\/v2\/media\/10049353"}],"wp:attachment":[{"href":"https:\/\/sovalab.pl\/en\/wp-json\/wp\/v2\/media?parent=10049352"}],"wp:term":[{"taxonomy":"product_brand","embeddable":true,"href":"https:\/\/sovalab.pl\/en\/wp-json\/wp\/v2\/product_brand?post=10049352"},{"taxonomy":"product_cat","embeddable":true,"href":"https:\/\/sovalab.pl\/en\/wp-json\/wp\/v2\/product_cat?post=10049352"},{"taxonomy":"product_tag","embeddable":true,"href":"https:\/\/sovalab.pl\/en\/wp-json\/wp\/v2\/product_tag?post=10049352"}],"curies":[{"name":"wp","href":"https:\/\/api.w.org\/{rel}","templated":true}]}}