
{"id":10049619,"date":"2025-09-16T22:22:00","date_gmt":"2025-09-16T20:22:00","guid":{"rendered":"https:\/\/sovalab.pl\/?post_type=product&#038;p=10049619"},"modified":"2026-05-06T17:17:54","modified_gmt":"2026-05-06T15:17:54","slug":"port-odciagowy-do-frezarki-stolowej-adapter-do-weza-karcher","status":"publish","type":"product","link":"https:\/\/sovalab.pl\/en\/port-odciagowy-do-frezarki-stolowej-adapter-do-weza-karcher\/","title":{"rendered":"Port odci\u0105gowy do frezarki sto\u0142owej | Adapter do w\u0119\u017ca K\u00e4rcher"},"content":{"rendered":"<p><strong>Port odci&#261;gowy do przyk&#322;adnicy wzd&#322;u&#380;nej w frezarkach sto&#322;owych, do do w&#281;&#380;a K&auml;rcher.<\/strong><\/p>\n<p>Do stosowania np przy frezarkach sto&#322;owych.<\/p>\n<p><strong>Parametry:&nbsp;<\/strong><br \/>\n&#8211; &#347;rednica przy&#322;&#261;cza: adapter K&auml;rcher WD<\/p>\n<p><strong>&#8211; wysoko&#347;&#263;: 70 mm<\/strong><\/p>\n<p><strong>&#8211; szeroko&#347;&#263;: 130 mm;<\/strong><\/p>\n<p>&nbsp;<\/p>\n<p>Technologia druku 3D<\/p>\n","protected":false},"excerpt":{"rendered":"<p>Port odci&#261;gowy do przyk&#322;adnicy wzd&#322;u&#380;nej w frezarkach sto&#322;owych, do do w&#281;&#380;a K&auml;rcher. Do stosowania np przy frezarkach sto&#322;owych. Parametry:&nbsp; &#8211; &#347;rednica przy&#322;&#261;cza: adapter K&auml;rcher WD &#8211; wysoko&#347;&#263;: 70 mm &#8211; szeroko&#347;&#263;: 130 mm; &nbsp; Technologia druku 3D<\/p>\n","protected":false},"featured_media":10049623,"comment_status":"closed","ping_status":"closed","template":"","meta":[],"product_brand":[390],"product_cat":[196,386],"product_tag":[],"class_list":{"0":"post-10049619","1":"product","2":"type-product","3":"status-publish","4":"has-post-thumbnail","6":"product_brand-sovalab","7":"product_cat-odciagi","8":"product_cat-adaptery-redukcje","9":"product_shipping_class-male","11":"first","12":"instock","13":"taxable","14":"shipping-taxable","15":"purchasable","16":"product-type-simple"},"_links":{"self":[{"href":"https:\/\/sovalab.pl\/en\/wp-json\/wp\/v2\/product\/10049619","targetHints":{"allow":["GET"]}}],"collection":[{"href":"https:\/\/sovalab.pl\/en\/wp-json\/wp\/v2\/product"}],"about":[{"href":"https:\/\/sovalab.pl\/en\/wp-json\/wp\/v2\/types\/product"}],"replies":[{"embeddable":true,"href":"https:\/\/sovalab.pl\/en\/wp-json\/wp\/v2\/comments?post=10049619"}],"wp:featuredmedia":[{"embeddable":true,"href":"https:\/\/sovalab.pl\/en\/wp-json\/wp\/v2\/media\/10049623"}],"wp:attachment":[{"href":"https:\/\/sovalab.pl\/en\/wp-json\/wp\/v2\/media?parent=10049619"}],"wp:term":[{"taxonomy":"product_brand","embeddable":true,"href":"https:\/\/sovalab.pl\/en\/wp-json\/wp\/v2\/product_brand?post=10049619"},{"taxonomy":"product_cat","embeddable":true,"href":"https:\/\/sovalab.pl\/en\/wp-json\/wp\/v2\/product_cat?post=10049619"},{"taxonomy":"product_tag","embeddable":true,"href":"https:\/\/sovalab.pl\/en\/wp-json\/wp\/v2\/product_tag?post=10049619"}],"curies":[{"name":"wp","href":"https:\/\/api.w.org\/{rel}","templated":true}]}}