
{"id":10049724,"date":"2025-09-25T14:04:42","date_gmt":"2025-09-25T12:04:42","guid":{"rendered":"https:\/\/sovalab.pl\/?post_type=product&#038;p=10049724"},"modified":"2026-05-06T17:19:45","modified_gmt":"2026-05-06T15:19:45","slug":"adater-adapter-katowy-75-do-odciagu-wiorow-120-mm","status":"publish","type":"product","link":"https:\/\/sovalab.pl\/en\/adater-adapter-katowy-75-do-odciagu-wiorow-120-mm\/","title":{"rendered":"Adater Adapter K\u0105towy 75\u00b0 do Odci\u0105gu Wi\u00f3r\u00f3w 120 mm"},"content":{"rendered":"<p>Adapter k&#261;towy, stworzony specjalnie do optymalizacji systemu odci&#261;gu wi&oacute;r&oacute;w w Twoim warsztacie. Idealnie pasuje do maszyn stolarskich marki <b>Felder<\/b>, umo&#380;liwiaj&#261;c pod&#322;&#261;czenie standardowych rur spiro o &#347;rednicy <b>120 mm<\/b> pod ergonomicznym k&#261;tem <b>75 stopni<\/b>.<\/p>\n<hr>\n<h3><b>G&#322;&oacute;wne Cechy Produktu<\/b><\/h3>\n<ul>\n<li><b>Zoptymalizowany Przep&#322;yw:<\/b> Wewn&#281;trzna, <b>op&#322;ywowa geometria<\/b> adaptera minimalizuje turbulencje i spadki ci&#347;nienia w instalacji. Zapewnia to maksymaln&#261; wydajno&#347;&#263; odsysania py&#322;u i wi&oacute;r&oacute;w.<\/li>\n<li><b>Ergonomiczny K&#261;t 75&deg;:<\/b> Umo&#380;liwia wygodne i oszcz&#281;dzaj&#261;ce miejsce poprowadzenie rury odci&#261;gowej, szczeg&oacute;lnie w ciasnych przestrzeniach lub przy nietypowym ustawieniu maszyn.<\/li>\n<li><b>Wytrzyma&#322;a Konstrukcja:<\/b> Wykonany z trwa&#322;ego i odpornego na uszkodzenia materia&#322;u w technologii druku 3D, adapter jest gotowy na intensywn&#261; prac&#281; w warunkach warsztatowych.<\/li>\n<li><b>&#321;atwy Monta&#380;:<\/b> Prosta instalacja typu &#8220;plug and play&#8221; &ndash; wystarczy nasun&#261;&#263; adapter na kr&oacute;ciec maszyny i pod&#322;&#261;czy&#263; rur&#281; spiro.<\/li>\n<\/ul>\n<p>\n&nbsp;<\/p>\n","protected":false},"excerpt":{"rendered":"<p>Adapter k&#261;towy, stworzony specjalnie do optymalizacji systemu odci&#261;gu wi&oacute;r&oacute;w w Twoim warsztacie. Idealnie pasuje do maszyn stolarskich marki Felder, umo&#380;liwiaj&#261;c pod&#322;&#261;czenie standardowych rur spiro o &#347;rednicy 120 mm pod ergonomicznym k&#261;tem 75 stopni. G&#322;&oacute;wne Cechy Produktu Zoptymalizowany Przep&#322;yw: Wewn&#281;trzna, op&#322;ywowa&#8230;<\/p>\n","protected":false},"featured_media":10049726,"comment_status":"open","ping_status":"closed","template":"","meta":[],"product_brand":[],"product_cat":[386,196],"product_tag":[],"class_list":{"0":"post-10049724","1":"product","2":"type-product","3":"status-publish","4":"has-post-thumbnail","6":"product_cat-adaptery-redukcje","7":"product_cat-odciagi","9":"first","10":"instock","11":"taxable","12":"shipping-taxable","13":"purchasable","14":"product-type-simple"},"_links":{"self":[{"href":"https:\/\/sovalab.pl\/en\/wp-json\/wp\/v2\/product\/10049724","targetHints":{"allow":["GET"]}}],"collection":[{"href":"https:\/\/sovalab.pl\/en\/wp-json\/wp\/v2\/product"}],"about":[{"href":"https:\/\/sovalab.pl\/en\/wp-json\/wp\/v2\/types\/product"}],"replies":[{"embeddable":true,"href":"https:\/\/sovalab.pl\/en\/wp-json\/wp\/v2\/comments?post=10049724"}],"wp:featuredmedia":[{"embeddable":true,"href":"https:\/\/sovalab.pl\/en\/wp-json\/wp\/v2\/media\/10049726"}],"wp:attachment":[{"href":"https:\/\/sovalab.pl\/en\/wp-json\/wp\/v2\/media?parent=10049724"}],"wp:term":[{"taxonomy":"product_brand","embeddable":true,"href":"https:\/\/sovalab.pl\/en\/wp-json\/wp\/v2\/product_brand?post=10049724"},{"taxonomy":"product_cat","embeddable":true,"href":"https:\/\/sovalab.pl\/en\/wp-json\/wp\/v2\/product_cat?post=10049724"},{"taxonomy":"product_tag","embeddable":true,"href":"https:\/\/sovalab.pl\/en\/wp-json\/wp\/v2\/product_tag?post=10049724"}],"curies":[{"name":"wp","href":"https:\/\/api.w.org\/{rel}","templated":true}]}}