
{"id":10049945,"date":"2025-10-09T10:55:06","date_gmt":"2025-10-09T08:55:06","guid":{"rendered":"https:\/\/sovalab.pl\/?post_type=product&#038;p=10049945"},"modified":"2026-05-06T17:24:15","modified_gmt":"2026-05-06T15:24:15","slug":"magnetyczne-szybkozlacze-poart-magnetyczny","status":"publish","type":"product","link":"https:\/\/sovalab.pl\/en\/magnetyczne-szybkozlacze-poart-magnetyczny\/","title":{"rendered":"Magnetyczny port maszynowy z rozdzielaczem na os\u0142on\u0119 pi\u0142y"},"content":{"rendered":"<h2>Magnetyczny port maszynowy z rozdzielaczem na os&#322;on&#281; pi&#322;y<\/h2>\n<p>\nPrzedstawiamy <b>magnetyczny port przykr&#281;cany &nbsp;bezpo&#347;rednio do maszyny<\/b>, zaprojektowany, aby zrewolucjonizowa&#263; system odpylania w Twoim warsztacie. Produkt posiada <b>magnetyczn&#261; baz&#281; kompatybiln&#261; z systemem MagSnap<\/b> oraz zintegrowany <b>rozdzielacz<\/b>, kt&oacute;ry idealnie nadaje si&#281; do pod&#322;&#261;czenia odci&#261;gu z korpusu maszyny (np. pi&#322;y sto&#322;owej) oraz z jej <b>g&oacute;rnej os&#322;ony<\/b>.<\/p>\n<p>Wykonany w technologii druku 3D z wytrzyma&#322;ego materia&#322;u <b>PETG<\/b>, adapter gwarantuje trwa&#322;o&#347;&#263;, odporno&#347;&#263; na uderzenia oraz czynniki chemiczne. Dzi&#281;ki zastosowaniu <b>silnych magnes&oacute;w neodymowych<\/b> w standardzie MagSnap, monta&#380; jest b&#322;yskawiczny, stabilny i szczelny, bez potrzeby u&#380;ywania dodatkowych narz&#281;dzi.<\/p>\n<p>&nbsp;\n<\/p>\n<h3><b>Najwa&#380;niejsze cechy produktu:<\/b><\/h3>\n<p>\n&nbsp;<\/p>\n<p><b>Po&#322;&#261;czenie w systemie MagSnap<\/b> &ndash; Baza magnetyczna z 8 silnymi magnesami neodymowymi zapewnia idealn&#261; kompatybilno&#347;&#263;, stabilno&#347;&#263; i szczelno&#347;&#263; po&#322;&#261;czenia, maksymalizuj&#261;c wydajno&#347;&#263; systemu odpylania.<\/p>\n<p><b>Zintegrowany rozdzielacz na os&#322;on&#281; g&oacute;rn&#261;<\/b> &ndash; zaprojektowany, aby umo&#380;liwi&#263; jednoczesne pod&#322;&#261;czenie g&#322;&oacute;wnego odci&#261;gu z korpusu maszyny oraz dodatkowego, mniejszego w&#281;&#380;a z os&#322;ony tarczy pi&#322;y. To idealne rozwi&#261;zanie dla pi&#322; sto&#322;owych i ta&#347;mowych.<\/p>\n<p><b>Wytrzyma&#322;o&#347;&#263; i odporno&#347;&#263;<\/b> &ndash; Materia&#322; PETG jest odporny na uderzenia, wysok&#261; temperatur&#281; i promieniowanie UV, co gwarantuje d&#322;ug&#261; &#380;ywotno&#347;&#263; produktu.<\/p>\n<p>&nbsp;\n<\/p>\n<h3><b>Dane techniczne:<\/b><\/h3>\n<ul>\n<li><b>Baza magnetyczna:<\/b> Kompatybilna z systemem <b>MagSnap<\/b><\/li>\n<li><b>Port g&#322;&oacute;wny (do maszyny):<\/b> np. <b>&Oslash;80 mm<\/b><\/li>\n<li><b>Port boczny (na os&#322;on&#281; pi&#322;y):<\/b> np. <b>&Oslash;60 mm<\/b> (mo&#380;liwo&#347;&#263; konfiguracji r&oacute;&#380;nych &#347;rednic<\/li>\n<li><b>Materia&#322;:<\/b> PETG<\/li>\n<li><b>Jednostka sprzeda&#380;y:<\/b> 1 sztuka<\/li>\n<\/ul>\n<p>\n&nbsp;<\/p>\n","protected":false},"excerpt":{"rendered":"<p>Magnetyczny port maszynowy z rozdzielaczem na os&#322;on&#281; pi&#322;y Przedstawiamy magnetyczny port przykr&#281;cany &nbsp;bezpo&#347;rednio do maszyny, zaprojektowany, aby zrewolucjonizowa&#263; system odpylania w Twoim warsztacie. Produkt posiada magnetyczn&#261; baz&#281; kompatybiln&#261; z systemem MagSnap oraz zintegrowany rozdzielacz, kt&oacute;ry idealnie nadaje si&#281; do pod&#322;&#261;czenia&#8230;<\/p>\n","protected":false},"featured_media":10049953,"comment_status":"open","ping_status":"closed","template":"","meta":[],"product_brand":[390],"product_cat":[254,341],"product_tag":[],"class_list":{"0":"post-10049945","1":"product","2":"type-product","3":"status-publish","4":"has-post-thumbnail","6":"product_brand-sovalab","7":"product_cat-zlacza-magnetyczne","8":"product_cat-magsnap-standard","10":"first","11":"instock","12":"taxable","13":"shipping-taxable","14":"purchasable","15":"product-type-simple"},"_links":{"self":[{"href":"https:\/\/sovalab.pl\/en\/wp-json\/wp\/v2\/product\/10049945","targetHints":{"allow":["GET"]}}],"collection":[{"href":"https:\/\/sovalab.pl\/en\/wp-json\/wp\/v2\/product"}],"about":[{"href":"https:\/\/sovalab.pl\/en\/wp-json\/wp\/v2\/types\/product"}],"replies":[{"embeddable":true,"href":"https:\/\/sovalab.pl\/en\/wp-json\/wp\/v2\/comments?post=10049945"}],"wp:featuredmedia":[{"embeddable":true,"href":"https:\/\/sovalab.pl\/en\/wp-json\/wp\/v2\/media\/10049953"}],"wp:attachment":[{"href":"https:\/\/sovalab.pl\/en\/wp-json\/wp\/v2\/media?parent=10049945"}],"wp:term":[{"taxonomy":"product_brand","embeddable":true,"href":"https:\/\/sovalab.pl\/en\/wp-json\/wp\/v2\/product_brand?post=10049945"},{"taxonomy":"product_cat","embeddable":true,"href":"https:\/\/sovalab.pl\/en\/wp-json\/wp\/v2\/product_cat?post=10049945"},{"taxonomy":"product_tag","embeddable":true,"href":"https:\/\/sovalab.pl\/en\/wp-json\/wp\/v2\/product_tag?post=10049945"}],"curies":[{"name":"wp","href":"https:\/\/api.w.org\/{rel}","templated":true}]}}