
{"id":10050028,"date":"2025-10-15T08:10:56","date_gmt":"2025-10-15T06:10:56","guid":{"rendered":"https:\/\/sovalab.pl\/?post_type=product&#038;p=10050028"},"modified":"2025-12-22T23:41:41","modified_gmt":"2025-12-22T22:41:41","slug":"magnetyczne-zlacze-odciagu-trocin-port-szybkozlacze-metabo-dh-330","status":"publish","type":"product","link":"https:\/\/sovalab.pl\/en\/magnetyczne-zlacze-odciagu-trocin-port-szybkozlacze-metabo-dh-330\/","title":{"rendered":"Magnetyczne z\u0142\u0105cze odci\u0105gu trocin PORT szybkoz\u0142\u0105cze Metabo DH 330"},"content":{"rendered":"<div class=\"mpof_ki myre_zn myre_8v_l m389_6m_l\">\n<div class=\"mp4t_16_s mryx_16_s mr3m_1 mli2_1 mh85_56 mh85_0_l\">\n<div class=\"mgn2_16 _0d3bd_am0a-\">\n<p><b>MAGSNAP<\/b> to nowoczesny system z\u0142\u0105czy magnetycznych, kt\u00f3ry od 2020 roku wspiera zar\u00f3wno ma\u0142e warsztaty, jak i du\u017ce zak\u0142ady produkcyjne, usprawniaj\u0105c codzienn\u0105 prac\u0119. Umo\u017cliwia szybkie i \u0142atwe prze\u0142\u0105czanie w\u0119\u017cy mi\u0119dzy maszynami, minimalizuj\u0105c przestoje oraz redukuj\u0105c ryzyko awarii.<\/p>\n<p>Nasze z\u0142\u0105cza MAGSNAP powsta\u0142y dzi\u0119ki wieloletniemu do\u015bwiadczeniu w bran\u017cy produkcyjnej oraz dzi\u0119ki opiniom u\u017cytkownik\u00f3w, co pozwala nam oferowa\u0107 produkty idealnie dopasowane do realnych potrzeb warsztat\u00f3w stolarskich i \u015brodowisk przemys\u0142owych.<\/p>\n<p>Magnetyczne z\u0142\u0105cze, kt\u00f3re umo\u017cliwia pod\u0142\u0105czenie elastycznego w\u0119\u017ca SPIRO odci\u0105gu trocin do PORT\u00d3W stosowanych w maszynach stolarskich marek Felder Hammer, DeWalt, oraz w maszynach numerycznych &#8211; lasery, plotery cnc itp.(\u00d8 80 \u2013 150). Znajd\u0105 zastosowanie przy wszelkich maszynach zawieraj\u0105cych porty do pod\u0142\u0105czenia odci\u0105g\u00f3w.<\/p>\n<p>To z\u0142\u0105cze przeznaczone jest wy\u0142\u0105cznie do wersji <b>Standard<\/b>\u00a0i nie jest kompatybilne z wersjami\u00a0<b>MINI<\/b>ani <b>MAX<\/b> dost\u0119pnymi w naszych pozosta\u0142ych ofertach.<\/p>\n<\/div>\n<\/div>\n<div class=\"mp4t_16_s mryx_16_s mr3m_1 mli2_1 mh85_56 mh85_0_l\">\n<div class=\"mg9e_8 mj7a_8 mg9e_0_s mvrt_0_s mj7a_0_s mh36_0_s mzmg_6m munh_16_l m3h2_16_l\">\n<div class=\"mp4t_0 mryx_0 munh_56 m3h2_56\">\n<div class=\"mp7g_oh\"><\/div>\n<\/div>\n<\/div>\n<\/div>\n<\/div>\n<div class=\"mpof_ki myre_zn myre_8v_l m389_6m_l\">\n<div class=\"mp4t_16_s mryx_16_s mr3m_1 mli2_1 mh85_56 mh85_0_l\">\n<div class=\"mgn2_16 _0d3bd_am0a-\">\n<p><b>Najwa\u017cniejsze cechy produktu<\/b><\/p>\n<ul>\n<li><b>Optymalizacja przep\u0142ywu powietrza:<\/b>Konstrukcja z\u0142\u0105cza minimalizuje zakrzywienia, poprawiaj\u0105c wydajno\u015b\u0107 systemu odpylania i zmniejszaj\u0105c straty.<\/li>\n<li><b>Trwa\u0142o\u015b\u0107<\/b>: Wykonane z odpornego na uderzenia materia\u0142u PETG, kt\u00f3ry cechuje si\u0119 wysok\u0105 odporno\u015bci\u0105 termiczn\u0105, chemiczn\u0105 oraz na promieniowanie UV.<\/li>\n<li><b>\u0141atwo\u015b\u0107 instalacji<\/b>: Lekko sko\u015bne \u015bciany u\u0142atwiaj\u0105 monta\u017c przewod\u00f3w i innych element\u00f3w systemu.<\/li>\n<li><b>Modularno\u015b\u0107<\/b>: Niezale\u017cnie od wybranej \u015brednicy (np. 80 mm lub 50 mm), baza magnetyczna pozostaje taka sama, co umo\u017cliwia \u0142atwe prze\u0142\u0105czanie pomi\u0119dzy r\u00f3\u017cnymi \u015brednicami port\u00f3w. Czyli istnieje mo\u017cliwo\u015b\u0107 stosowania jednego w\u0119\u017ca do maszyn zawieraj\u0105cych r\u00f3\u017cne \u015brednice port\u00f3w pod\u0142\u0105czeniowych.<\/li>\n<\/ul>\n<\/div>\n<\/div>\n<\/div>\n","protected":false},"excerpt":{"rendered":"<p>MAGSNAP to nowoczesny system z\u0142\u0105czy magnetycznych, kt\u00f3ry od 2020 roku wspiera zar\u00f3wno ma\u0142e warsztaty, jak i du\u017ce zak\u0142ady produkcyjne, usprawniaj\u0105c codzienn\u0105 prac\u0119. Umo\u017cliwia szybkie i \u0142atwe prze\u0142\u0105czanie w\u0119\u017cy mi\u0119dzy maszynami, minimalizuj\u0105c przestoje oraz redukuj\u0105c ryzyko awarii. Nasze z\u0142\u0105cza MAGSNAP powsta\u0142y&#8230;<\/p>\n","protected":false},"featured_media":10050029,"comment_status":"open","ping_status":"closed","template":"","meta":[],"product_brand":[],"product_cat":[254,341],"product_tag":[],"class_list":{"0":"post-10050028","1":"product","2":"type-product","3":"status-publish","4":"has-post-thumbnail","6":"product_cat-zlacza-magnetyczne","7":"product_cat-magsnap-standard","9":"first","10":"instock","11":"taxable","12":"shipping-taxable","13":"purchasable","14":"product-type-simple"},"_links":{"self":[{"href":"https:\/\/sovalab.pl\/en\/wp-json\/wp\/v2\/product\/10050028","targetHints":{"allow":["GET"]}}],"collection":[{"href":"https:\/\/sovalab.pl\/en\/wp-json\/wp\/v2\/product"}],"about":[{"href":"https:\/\/sovalab.pl\/en\/wp-json\/wp\/v2\/types\/product"}],"replies":[{"embeddable":true,"href":"https:\/\/sovalab.pl\/en\/wp-json\/wp\/v2\/comments?post=10050028"}],"wp:featuredmedia":[{"embeddable":true,"href":"https:\/\/sovalab.pl\/en\/wp-json\/wp\/v2\/media\/10050029"}],"wp:attachment":[{"href":"https:\/\/sovalab.pl\/en\/wp-json\/wp\/v2\/media?parent=10050028"}],"wp:term":[{"taxonomy":"product_brand","embeddable":true,"href":"https:\/\/sovalab.pl\/en\/wp-json\/wp\/v2\/product_brand?post=10050028"},{"taxonomy":"product_cat","embeddable":true,"href":"https:\/\/sovalab.pl\/en\/wp-json\/wp\/v2\/product_cat?post=10050028"},{"taxonomy":"product_tag","embeddable":true,"href":"https:\/\/sovalab.pl\/en\/wp-json\/wp\/v2\/product_tag?post=10050028"}],"curies":[{"name":"wp","href":"https:\/\/api.w.org\/{rel}","templated":true}]}}