
{"id":10050257,"date":"2025-03-29T09:10:19","date_gmt":"2025-03-29T08:10:19","guid":{"rendered":"https:\/\/sovalab.pl\/?post_type=product&#038;p=10050257"},"modified":"2025-10-29T09:17:20","modified_gmt":"2025-10-29T08:17:20","slug":"maskownica-wentylacyjna-hex-dekoracyjna-rozeta-do-szafek-i-mebli-kolor-czarny-warianty","status":"publish","type":"product","link":"https:\/\/sovalab.pl\/en\/maskownica-wentylacyjna-hex-dekoracyjna-rozeta-do-szafek-i-mebli-kolor-czarny-warianty\/","title":{"rendered":"Maskownica wentylacyjna HEX \u2013 dekoracyjna rozeta do szafek i mebli. Kolor czarny, warianty"},"content":{"rendered":"<p data-start=\"197\" data-end=\"572\">Dekoracyjna maskownica wentylacyjna <strong data-start=\"254\" data-end=\"268\">HEX <\/strong>to nowoczesne i funkcjonalne rozwi\u0105zanie przeznaczone do szafek, zabud\u00f3w meblowych i front\u00f3w wykonanych z p\u0142yty 18 mm. Dzi\u0119ki eleganckiemu wzorowi <strong data-start=\"416\" data-end=\"430\">heksagon\u00f3w<\/strong>(plastra miodu) \u0142\u0105czy <strong data-start=\"453\" data-end=\"498\">estetyk\u0119 z efektywn\u0105 cyrkulacj\u0105 powietrza<\/strong>, zapewniaj\u0105c trwa\u0142o\u015b\u0107 i perfekcyjne dopasowanie do nowoczesnych wn\u0119trz.<\/p>\n<hr data-start=\"574\" data-end=\"577\" \/>\n<h3 data-start=\"579\" data-end=\"607\">\u00a0<strong data-start=\"585\" data-end=\"605\">Dane techniczne:<\/strong><\/h3>\n<ul data-start=\"608\" data-end=\"973\">\n<li data-start=\"608\" data-end=\"638\">\n<p data-start=\"610\" data-end=\"638\"><strong data-start=\"610\" data-end=\"629\">D\u0142ugo\u015b\u0107:<\/strong> 200-320 mm<\/p>\n<\/li>\n<li data-start=\"639\" data-end=\"677\">\n<p data-start=\"641\" data-end=\"677\"><strong data-start=\"641\" data-end=\"669\">Szeroko\u015b\u0107 otworu (frez):<\/strong> 16 mm<\/p>\n<\/li>\n<li data-start=\"678\" data-end=\"711\">\n<p data-start=\"680\" data-end=\"711\"><strong data-start=\"680\" data-end=\"701\">G\u0142\u0119boko\u015b\u0107 otworu:<\/strong> 18.1 mm<\/p>\n<\/li>\n<li data-start=\"712\" data-end=\"735\">\n<p data-start=\"714\" data-end=\"735\"><strong data-start=\"714\" data-end=\"727\">Prze\u015bwit:<\/strong> 12 mm<\/p>\n<\/li>\n<li data-start=\"736\" data-end=\"774\">\n<p data-start=\"738\" data-end=\"774\"><strong data-start=\"738\" data-end=\"751\">Ko\u0142nierz:<\/strong> 3 mm z ka\u017cdej strony<\/p>\n<\/li>\n<li data-start=\"775\" data-end=\"806\">\n<p data-start=\"777\" data-end=\"806\"><strong data-start=\"777\" data-end=\"795\">Grubo\u015b\u0107 p\u0142yty:<\/strong> do 18 mm<\/p>\n<\/li>\n<li data-start=\"807\" data-end=\"893\">\n<p data-start=\"809\" data-end=\"893\"><strong data-start=\"809\" data-end=\"820\">Monta\u017c:<\/strong> rozeta posiada <strong data-start=\"836\" data-end=\"853\">rowek na klej<\/strong> dooko\u0142a wpustu \u2013 <strong data-start=\"871\" data-end=\"891\">nale\u017cy j\u0105 wklei\u0107<\/strong><\/p>\n<\/li>\n<\/ul>\n<hr data-start=\"975\" data-end=\"978\" \/>\n<h3 data-start=\"980\" data-end=\"1015\">\ud83d\udca8 <strong data-start=\"987\" data-end=\"1013\">Zalety i zastosowanie:<\/strong><\/h3>\n<ul data-start=\"1016\" data-end=\"1437\">\n<li data-start=\"1016\" data-end=\"1148\">\n<p data-start=\"1018\" data-end=\"1148\">Zapewnia <strong data-start=\"1027\" data-end=\"1051\">efektywn\u0105 wentylacj\u0119<\/strong> w zamkni\u0119tych przestrzeniach \u2013 idealna do szafek kuchennych, RTV, \u0142azienkowych i technicznych.<\/p>\n<\/li>\n<li data-start=\"1149\" data-end=\"1219\">\n<p data-start=\"1151\" data-end=\"1219\">Chroni sprz\u0119t przed <strong data-start=\"1171\" data-end=\"1189\">przegrzewaniem<\/strong> i gromadzeniem si\u0119 wilgoci.<\/p>\n<\/li>\n<li data-start=\"1220\" data-end=\"1297\">\n<p data-start=\"1222\" data-end=\"1297\">Nowoczesny <strong data-start=\"1233\" data-end=\"1254\">wz\u00f3r heksagonalny<\/strong> nadaje meblom <strong data-start=\"1269\" data-end=\"1294\">dekoracyjny charakter<\/strong>.<\/p>\n<\/li>\n<li data-start=\"1298\" data-end=\"1363\">\n<p data-start=\"1300\" data-end=\"1363\">Precyzyjne dopasowanie do standardowego <strong data-start=\"1340\" data-end=\"1360\">frezowania 16 mm<\/strong>.<\/p>\n<\/li>\n<li data-start=\"1364\" data-end=\"1437\">\n<p data-start=\"1366\" data-end=\"1437\">Estetyczne wyko\u0144czenie otwor\u00f3w wentylacyjnych bez widocznych mocowa\u0144.<\/p>\n<\/li>\n<\/ul>\n<hr data-start=\"1439\" data-end=\"1442\" \/>\n<h3 data-start=\"1444\" data-end=\"1470\">\u2699\ufe0f <strong data-start=\"1451\" data-end=\"1468\">Zastosowanie:<\/strong><\/h3>\n<ul data-start=\"1471\" data-end=\"1601\">\n<li data-start=\"1471\" data-end=\"1486\">\n<p data-start=\"1473\" data-end=\"1486\">szafki RTV,<\/p>\n<\/li>\n<li data-start=\"1487\" data-end=\"1522\">\n<p data-start=\"1489\" data-end=\"1522\">zabudowy kuchenne i \u0142azienkowe,<\/p>\n<\/li>\n<li data-start=\"1523\" data-end=\"1555\">\n<p data-start=\"1525\" data-end=\"1555\">szafy techniczne, serwerowe,<\/p>\n<\/li>\n<li data-start=\"1556\" data-end=\"1601\">\n<p data-start=\"1558\" data-end=\"1601\">meble warsztatowe, biurowe i dekoracyjne.<\/p>\n<\/li>\n<\/ul>\n<p>&nbsp;<\/p>\n<p data-start=\"1647\" data-end=\"1939\">Ka\u017cda maskownica powstaje w technologii druku 3D, dzi\u0119ki czemu mo\u017cliwe jest <strong data-start=\"1723\" data-end=\"1764\">dopasowanie wymiaru, koloru lub wzoru<\/strong> do indywidualnych projekt\u00f3w.<br data-start=\"1793\" data-end=\"1796\" \/>W razie pyta\u0144 lub potrzeby wykonania <strong data-start=\"1833\" data-end=\"1862\">innej d\u0142ugo\u015bci lub koloru<\/strong>, skontaktuj si\u0119 z nami \u2013 przygotujemy ofert\u0119 dopasowan\u0105 do Twoich potrzeb.<\/p>\n","protected":false},"excerpt":{"rendered":"<p>Dekoracyjna maskownica wentylacyjna HEX to nowoczesne i funkcjonalne rozwi\u0105zanie przeznaczone do szafek, zabud\u00f3w meblowych i front\u00f3w wykonanych z p\u0142yty 18 mm. Dzi\u0119ki eleganckiemu wzorowi heksagon\u00f3w(plastra miodu) \u0142\u0105czy estetyk\u0119 z efektywn\u0105 cyrkulacj\u0105 powietrza, zapewniaj\u0105c trwa\u0142o\u015b\u0107 i perfekcyjne dopasowanie do nowoczesnych wn\u0119trz&#8230;.<\/p>\n","protected":false},"featured_media":10050263,"comment_status":"open","ping_status":"closed","template":"","meta":[],"product_brand":[390],"product_cat":[518,260],"product_tag":[],"class_list":{"0":"post-10050257","1":"product","2":"type-product","3":"status-publish","4":"has-post-thumbnail","6":"product_brand-sovalab","7":"product_cat-akcesoria-meblowe","8":"product_cat-stolarka","10":"first","11":"instock","12":"taxable","13":"shipping-taxable","14":"purchasable","15":"product-type-variable"},"_links":{"self":[{"href":"https:\/\/sovalab.pl\/en\/wp-json\/wp\/v2\/product\/10050257","targetHints":{"allow":["GET"]}}],"collection":[{"href":"https:\/\/sovalab.pl\/en\/wp-json\/wp\/v2\/product"}],"about":[{"href":"https:\/\/sovalab.pl\/en\/wp-json\/wp\/v2\/types\/product"}],"replies":[{"embeddable":true,"href":"https:\/\/sovalab.pl\/en\/wp-json\/wp\/v2\/comments?post=10050257"}],"wp:featuredmedia":[{"embeddable":true,"href":"https:\/\/sovalab.pl\/en\/wp-json\/wp\/v2\/media\/10050263"}],"wp:attachment":[{"href":"https:\/\/sovalab.pl\/en\/wp-json\/wp\/v2\/media?parent=10050257"}],"wp:term":[{"taxonomy":"product_brand","embeddable":true,"href":"https:\/\/sovalab.pl\/en\/wp-json\/wp\/v2\/product_brand?post=10050257"},{"taxonomy":"product_cat","embeddable":true,"href":"https:\/\/sovalab.pl\/en\/wp-json\/wp\/v2\/product_cat?post=10050257"},{"taxonomy":"product_tag","embeddable":true,"href":"https:\/\/sovalab.pl\/en\/wp-json\/wp\/v2\/product_tag?post=10050257"}],"curies":[{"name":"wp","href":"https:\/\/api.w.org\/{rel}","templated":true}]}}