
{"id":10050444,"date":"2025-11-09T19:30:33","date_gmt":"2025-11-09T18:30:33","guid":{"rendered":"https:\/\/sovalab.pl\/?post_type=product&#038;p=10050444"},"modified":"2026-02-01T23:00:42","modified_gmt":"2026-02-01T22:00:42","slug":"kolowrotek-na-wloczke-yarn-spinner-for-crochet-knitting-earth-brown-army-beige","status":"publish","type":"product","link":"https:\/\/sovalab.pl\/en\/kolowrotek-na-wloczke-yarn-spinner-for-crochet-knitting-earth-brown-army-beige\/","title":{"rendered":"Ko\u0142owrotek na w\u0142\u00f3czk\u0119 | Yarn spinner for Crochet \/ Knitting &#8211; Earth brown \u2013 Army Beige"},"content":{"rendered":"<p>Czy zdarza Ci si\u0119, \u017ce w\u0142\u00f3czka ucieka lub pl\u0105cze podczas szyde\u0142kowania?<\/p>\n<p>Mamy dla Ciebie idealne rozwi\u0105zanie \u2013 spinner do w\u0142\u00f3czki! Wystarczy na\u0142o\u017cy\u0107 motek na trzpie\u0144, a w\u0142\u00f3czka nie tylko przestaje ucieka\u0107, ale te\u017c p\u0142ynnie obraca si\u0119 w rytm Twojego szyde\u0142kowania.<\/p>\n<p>Obrotowa baza na \u0142o\u017cysku zapewnia bezproblemowe, p\u0142ynne rozwijanie. <strong>A dodatkowe metalowe wype\u0142nienie sprawia ze ko\u0142owrotek jest stabilny, i nie \u015blizga si\u0119 po pod\u0142o\u017cu.<\/strong><\/p>\n<p>To niezwyk\u0142e u\u0142atwienie dla ka\u017cdego, kto dzierga. Produkt wykonany z dba\u0142o\u015bci\u0105 o detale, stworzony w technologii druku 3D. Kszta\u0142t inspirowany kwiatem dodaje uroku i cieszy oko podczas pracy.<\/p>\n<p><strong>\u015awietny pomys\u0142 na prezent! <\/strong><\/p>\n<p><strong>Podaruj sobie lub bliskim!<\/strong><\/p>\n<p><strong>Oferta dotyczy tylko ko\u0142owrotka (bez w\u0142\u00f3czki).<\/strong><\/p>\n<p>Kolor:<strong>Earth brown \u2013 Army Beige<\/strong><\/p>\n<p>&nbsp;<\/p>\n<p>&nbsp;<\/p>\n<p>&nbsp;<\/p>\n<blockquote class=\"instagram-media\" style=\"background: #FFF;border: 0;border-radius: 3px;margin: 1px;max-width: 540px;min-width: 326px;padding: 0;width: calc(100% - 2px)\" data-instgrm-captioned=\"\" data-instgrm-permalink=\"https:\/\/www.instagram.com\/p\/DELOlhQo9ym\/?amp;utm_campaign=loading\" data-instgrm-version=\"14\">\n<div style=\"padding: 16px\">\n<p>&nbsp;<\/p>\n<div style=\"flex-direction: row;align-items: center\">\n<div style=\"background-color: #f4f4f4;border-radius: 50%;flex-grow: 0;height: 40px;margin-right: 14px;width: 40px\"><\/div>\n<div style=\"flex-direction: column;flex-grow: 1;justify-content: center\">\n<div style=\"background-color: #f4f4f4;border-radius: 4px;flex-grow: 0;height: 14px;margin-bottom: 6px;width: 100px\"><\/div>\n<div style=\"background-color: #f4f4f4;border-radius: 4px;flex-grow: 0;height: 14px;width: 60px\"><\/div>\n<\/div>\n<\/div>\n<div style=\"padding: 19% 0\"><\/div>\n<div style=\"height: 50px;margin: 0 auto 12px;width: 50px\"><\/div>\n<div style=\"padding-top: 8px\">\n<div style=\"color: #3897f0;font-family: Arial,sans-serif;font-size: 14px;font-style: normal;font-weight: 550;line-height: 18px\">Wy\u015bwietl ten post na Instagramie<\/div>\n<\/div>\n<div style=\"padding: 12.5% 0\"><\/div>\n<div style=\"flex-direction: row;margin-bottom: 14px;align-items: center\">\n<div>\n<div style=\"background-color: #f4f4f4;border-radius: 50%;height: 12.5px;width: 12.5px\"><\/div>\n<div style=\"background-color: #f4f4f4;height: 12.5px;width: 12.5px;flex-grow: 0;margin-right: 14px;margin-left: 2px\"><\/div>\n<div style=\"background-color: #f4f4f4;border-radius: 50%;height: 12.5px;width: 12.5px\"><\/div>\n<\/div>\n<div style=\"margin-left: 8px\">\n<div style=\"background-color: #f4f4f4;border-radius: 50%;flex-grow: 0;height: 20px;width: 20px\"><\/div>\n<div style=\"width: 0;height: 0;border-top: 2px solid transparent;border-left: 6px solid #f4f4f4;border-bottom: 2px solid transparent\"><\/div>\n<\/div>\n<div style=\"margin-left: auto\">\n<div style=\"width: 0px;border-top: 8px solid #F4F4F4;border-right: 8px solid transparent\"><\/div>\n<div style=\"background-color: #f4f4f4;flex-grow: 0;height: 12px;width: 16px\"><\/div>\n<div style=\"width: 0;height: 0;border-top: 8px solid #F4F4F4;border-left: 8px solid transparent\"><\/div>\n<\/div>\n<\/div>\n<div style=\"flex-direction: column;flex-grow: 1;justify-content: center;margin-bottom: 24px\">\n<div style=\"background-color: #f4f4f4;border-radius: 4px;flex-grow: 0;height: 14px;margin-bottom: 6px;width: 224px\"><\/div>\n<div style=\"background-color: #f4f4f4;border-radius: 4px;flex-grow: 0;height: 14px;width: 144px\"><\/div>\n<\/div>\n<p>&nbsp;<\/p>\n<p style=\"color: #c9c8cd;font-family: Arial,sans-serif;font-size: 14px;line-height: 17px;margin-bottom: 0;margin-top: 8px;overflow: hidden;padding: 8px 0 7px;text-align: center;white-space: nowrap\"><a style=\"color: #c9c8cd;font-family: Arial,sans-serif;font-size: 14px;font-style: normal;font-weight: normal;line-height: 17px;text-decoration: none\" href=\"https:\/\/www.instagram.com\/p\/DELOlhQo9ym\/?amp;utm_campaign=loading\" target=\"_blank\" rel=\"noopener\">Post udost\u0119pniony przez s o v a l a b DRUK 3D (@sovalab.pl)<\/a><\/p>\n<\/div>\n<\/blockquote>\n","protected":false},"excerpt":{"rendered":"<p><strong>Podstawa spinnera wyposa\u017cona \u00a0jest w metalowe wype\u0142nienie, kt\u00f3re zosta\u0142o osadzone podczas procesu drukowania, co zapewnia mu doci\u0105\u017cenie, stabilno\u015b\u0107 oraz zapobiega przesuwaniu si\u0119 na \u015bliskiej powierzchni.<\/strong><\/p>\n","protected":false},"featured_media":10044785,"comment_status":"open","ping_status":"closed","template":"","meta":[],"product_brand":[390],"product_cat":[434],"product_tag":[],"class_list":{"0":"post-10050444","1":"product","2":"type-product","3":"status-publish","4":"has-post-thumbnail","6":"product_brand-sovalab","7":"product_cat-stojaki-na-wloczke","8":"product_shipping_class-male","10":"first","11":"instock","12":"taxable","13":"shipping-taxable","14":"purchasable","15":"product-type-simple"},"_links":{"self":[{"href":"https:\/\/sovalab.pl\/en\/wp-json\/wp\/v2\/product\/10050444","targetHints":{"allow":["GET"]}}],"collection":[{"href":"https:\/\/sovalab.pl\/en\/wp-json\/wp\/v2\/product"}],"about":[{"href":"https:\/\/sovalab.pl\/en\/wp-json\/wp\/v2\/types\/product"}],"replies":[{"embeddable":true,"href":"https:\/\/sovalab.pl\/en\/wp-json\/wp\/v2\/comments?post=10050444"}],"wp:featuredmedia":[{"embeddable":true,"href":"https:\/\/sovalab.pl\/en\/wp-json\/wp\/v2\/media\/10044785"}],"wp:attachment":[{"href":"https:\/\/sovalab.pl\/en\/wp-json\/wp\/v2\/media?parent=10050444"}],"wp:term":[{"taxonomy":"product_brand","embeddable":true,"href":"https:\/\/sovalab.pl\/en\/wp-json\/wp\/v2\/product_brand?post=10050444"},{"taxonomy":"product_cat","embeddable":true,"href":"https:\/\/sovalab.pl\/en\/wp-json\/wp\/v2\/product_cat?post=10050444"},{"taxonomy":"product_tag","embeddable":true,"href":"https:\/\/sovalab.pl\/en\/wp-json\/wp\/v2\/product_tag?post=10050444"}],"curies":[{"name":"wp","href":"https:\/\/api.w.org\/{rel}","templated":true}]}}