
{"id":10050617,"date":"2025-11-20T10:09:48","date_gmt":"2025-11-20T09:09:48","guid":{"rendered":"https:\/\/sovalab.pl\/?post_type=product&#038;p=10050617"},"modified":"2026-05-06T17:29:33","modified_gmt":"2026-05-06T15:29:33","slug":"katowy-uchwyt-stolarski-narozny-90-do-skrecania-montazu-korpusow-18mm-zielony","status":"publish","type":"product","link":"https:\/\/sovalab.pl\/en\/katowy-uchwyt-stolarski-narozny-90-do-skrecania-montazu-korpusow-18mm-zielony\/","title":{"rendered":"K\u0105towy uchwyt stolarski naro\u017cny 90\u00b0 do skr\u0119cania monta\u017cu korpus\u00f3w 18mm | Zielony"},"content":{"rendered":"<div class=\"mpof_ki myre_zn myre_8v_l m389_6m_l\">\n<div class=\"mp4t_16_s mryx_16_s mr3m_1 mli2_1 mh85_56 mh85_0_l\">\n<div class=\"mgn2_16 _0d3bd_am0a-\">\n<p>Odkryj <b>nowoczesne i niezawodne uchwyty stolarskie k&#261;towe 90&deg;<\/b> &#8211; niezb&#281;dne narz&#281;dzie dla ka&#380;dego stolarza, majsterkowicza i montera mebli. Te zaciski, cz&#281;sto nazywane <b>&#8220;trzeci&#261; r&#281;k&#261;&#8221;<\/b>, usprawniaj&#261; monta&#380; korpus&oacute;w szafek i innych konstrukcji skrzyniowych.<\/p>\n<p><b>Zaprojektowane i wykonane w technologii druku 3D (FDM)<\/b> z wytrzyma&#322;ego tworzywa technicznego, uchwyty te gwarantuj&#261; <b>precyzj&#281;, stabilno&#347;&#263; i szybko&#347;&#263;<\/b> pracy, jakiej do tej pory nie zna&#322;e&#347;. Dost&#281;pne w efektownych kolorach &ndash; <b>klasycznym czarnym<\/b> oraz <b>wyrazistym zielonym<\/b>.<\/p>\n<p data-path-to-node=\"3,0\"><b>Precyzyjne Centrowanie Po&#322;&#261;cze&#324; &#346;rubowych:<\/b><\/p>\n<p data-path-to-node=\"3,1\">Konstrukcja k&#261;townika uwzgl&#281;dnia specjalne <b>naci&#281;cie referencyjne<\/b>, kt&oacute;rego kluczow&#261; funkcj&#261; jest <b>precyzyjne wyznaczenie osi wzd&#322;u&#380;nej formatki meblowej<\/b>. Dzi&#281;ki tej funkcji u&#380;ytkownik mo&#380;e w spos&oacute;b szybki i bezb&#322;&#281;dny <b>ustali&#263; &#347;rodek szeroko&#347;ci p&#322;yty<\/b> (np. 9 mm od kraw&#281;dzi dla standardowej p&#322;yty 18 mm) i <b>dok&#322;adnie wycentrowa&#263; miejsce wkr&#281;cania wkr&#281;tu<\/b>. To rozwi&#261;zanie nie tylko przyspiesza proces monta&#380;u, ale przede wszystkim gwarantuje optymalne osiowe po&#322;o&#380;enie element&oacute;w z&#322;&#261;cznych, co jest krytyczne dla <b>trwa&#322;o&#347;ci i estetyki<\/b> po&#322;&#261;czenia korpusowego.<\/p>\n<p>Idealnie dopasowane do najpopularniejszej grubo&#347;ci materia&#322;&oacute;w: <b>p&#322;yt meblowych 18 mm<\/b>.<\/p>\n<p>Kolor: <b>CIEMNY ZIELONY.<\/b><\/p>\n<p><b>Ilo&#347;&#263;: 1 sztuka<\/b><\/p>\n<p><b>Inne kolory i wersje dost&#281;pne na pozosta&#322;ych naszych ofertach.<\/b><\/p>\n<\/div>\n<\/div>\n<\/div>\n<div class=\"mpof_ki myre_zn myre_8v_l m389_6m_l\">\n<div class=\"mp4t_16_s mryx_16_s mr3m_1 mli2_1 mh85_56 mh85_0_l\">\n<div class=\"mgn2_16 _0d3bd_am0a-\">\n<p><b>Dodatkowe Atuty:<\/b><\/p>\n<ul>\n<li><b>Antypo&#347;lizgowy Grip:<\/b> Unikalna, teksturowana powierzchnia chwytna gwarantuje <b>wyj&#261;tkow&#261; kontrol&#281; i pewne trzymanie<\/b> &ndash; jest to kluczowe zw&#322;aszcza podczas pracy w r&#281;kawiczkach. Niezale&#380;nie od po&#347;piechu czy u&#380;ytej si&#322;y, ten dopracowany uchwyt zapobiega &#347;lizganiu si&#281; narz&#281;dzia, co przek&#322;ada si&#281; na lepsz&#261; stabilno&#347;&#263; przy skr&#281;caniu korpus&oacute;w.<\/li>\n<li><b>&#321;atwo&#347;&#263; U&#380;ytkowania:<\/b>&nbsp;konstrukcja umo&#380;liwia <b>b&#322;yskawiczny monta&#380; i demonta&#380;<\/b>uchwytu bez konieczno&#347;ci u&#380;ywania dodatkowych narz&#281;dzi.<\/li>\n<li><b>Wszechstronno&#347;&#263;:<\/b> Niezast&#261;pione zar&oacute;wno w profesjonalnym warsztacie stolarskim, jak i podczas amatorskich prac remontowych czy majsterkowania.<\/li>\n<\/ul>\n<\/div>\n<\/div>\n<\/div>\n","protected":false},"excerpt":{"rendered":"<p>Odkryj nowoczesne i niezawodne uchwyty stolarskie k&#261;towe 90&deg; &#8211; niezb&#281;dne narz&#281;dzie dla ka&#380;dego stolarza, majsterkowicza i montera mebli. Te zaciski, cz&#281;sto nazywane &#8220;trzeci&#261; r&#281;k&#261;&#8221;, usprawniaj&#261; monta&#380; korpus&oacute;w szafek i innych konstrukcji skrzyniowych. Zaprojektowane i wykonane w technologii druku 3D (FDM)&#8230;<\/p>\n","protected":false},"featured_media":10050618,"comment_status":"open","ping_status":"closed","template":"","meta":[],"product_brand":[390],"product_cat":[182],"product_tag":[],"class_list":{"0":"post-10050617","1":"product","2":"type-product","3":"status-publish","4":"has-post-thumbnail","6":"product_brand-sovalab","7":"product_cat-narzedzia","9":"first","10":"instock","11":"taxable","12":"shipping-taxable","13":"purchasable","14":"product-type-simple"},"_links":{"self":[{"href":"https:\/\/sovalab.pl\/en\/wp-json\/wp\/v2\/product\/10050617","targetHints":{"allow":["GET"]}}],"collection":[{"href":"https:\/\/sovalab.pl\/en\/wp-json\/wp\/v2\/product"}],"about":[{"href":"https:\/\/sovalab.pl\/en\/wp-json\/wp\/v2\/types\/product"}],"replies":[{"embeddable":true,"href":"https:\/\/sovalab.pl\/en\/wp-json\/wp\/v2\/comments?post=10050617"}],"wp:featuredmedia":[{"embeddable":true,"href":"https:\/\/sovalab.pl\/en\/wp-json\/wp\/v2\/media\/10050618"}],"wp:attachment":[{"href":"https:\/\/sovalab.pl\/en\/wp-json\/wp\/v2\/media?parent=10050617"}],"wp:term":[{"taxonomy":"product_brand","embeddable":true,"href":"https:\/\/sovalab.pl\/en\/wp-json\/wp\/v2\/product_brand?post=10050617"},{"taxonomy":"product_cat","embeddable":true,"href":"https:\/\/sovalab.pl\/en\/wp-json\/wp\/v2\/product_cat?post=10050617"},{"taxonomy":"product_tag","embeddable":true,"href":"https:\/\/sovalab.pl\/en\/wp-json\/wp\/v2\/product_tag?post=10050617"}],"curies":[{"name":"wp","href":"https:\/\/api.w.org\/{rel}","templated":true}]}}