
{"id":10050676,"date":"2025-11-25T22:27:01","date_gmt":"2025-11-25T21:27:01","guid":{"rendered":"https:\/\/sovalab.pl\/?post_type=product&#038;p=10050676"},"modified":"2026-01-15T08:43:45","modified_gmt":"2026-01-15T07:43:45","slug":"przenosny-uchwyt-na-wloczke-dusty-pink","status":"publish","type":"product","link":"https:\/\/sovalab.pl\/en\/przenosny-uchwyt-na-wloczke-dusty-pink\/","title":{"rendered":"Przeno\u015bny uchwyt na w\u0142\u00f3czk\u0119 &#8211; Dusty Pink"},"content":{"rendered":"<h2><b>Ujarzmij sw\u00f3j motek i szyde\u0142kuj lub dziergaj gdziekolwiek jeste\u015b!<\/b><b><\/b><\/h2>\n<p>&nbsp;<\/p>\n<p>Zapomnij o uciekaj\u0105cym motku i spl\u0105tanej w\u0142\u00f3czce. Nasz, <b>przeno\u015bny uchwyt na w\u0142\u00f3czk\u0119 <\/b>to niezb\u0119dny gad\u017cet dla ka\u017cdej pasjonatki dziergania i szyde\u0142kowania, kt\u00f3ra ceni sobie mobilno\u015b\u0107 i wygod\u0119. To idealne rozwi\u0105zanie, by dzierga\u0107 w parku, w kolejce, w poci\u0105gu, samolocie, czy nawet spaceruj\u0105c po domu.<\/p>\n<h3><b><br \/>\nCo wyr\u00f3\u017cnia nasz uchwyt na w\u0142\u00f3czk\u0119?<\/b><b><\/b><\/h3>\n<ul>\n<li>to co\u015b wi\u0119cej ni\u017c zwyk\u0142y uchwyt. Nasz uchwyt zosta\u0142 zaprojektowany z my\u015bl\u0105 o \u0142atwym przenoszeniu i przechowywaniu. Dzi\u0119ki wbudowanym magnesom, <b>trzpie\u0144 i podstawa sk\u0142adaj\u0105 si\u0119 w jeden, p\u0142aski i kompaktowy zestaw<\/b>. Po sko\u0144czonej pracy po prostu &#8220;klikasz&#8221; elementy do siebie, nic si\u0119 nie gubi, a ca\u0142o\u015b\u0107 zajmuje minimum miejsca.<\/li>\n<li>uchwyt wyposa\u017cony jest w wytrzyma\u0142\u0105 smyczk\u0119 z <b>paracordu<\/b> w stylowym kolorze. Dzi\u0119ki zastosowaniu <b>przesuwnego regulatora<\/b>, z \u0142atwo\u015bci\u0105 dopasujesz d\u0142ugo\u015b\u0107 p\u0119tli do swojego nadgarstka, dzierganie w ruchu nigdy nie by\u0142o tak proste!<\/li>\n<li>wykonany w technologii druku 3D, uchwyt charakteryzuje si\u0119 nie tylko \u015bwietn\u0105 wytrzyma\u0142o\u015bci\u0105, ale i unikaln\u0105, a\u017curow\u0105 faktur\u0105 podstawy oraz stylowym wygl\u0105dem.<\/li>\n<\/ul>\n<h3><b><br \/>\nKluczowe cechy:<\/b><b><\/b><\/h3>\n<p><b>\u2022\u00a0 <\/b><strong>Magnetyczne sk\u0142adanie<\/strong> do transportu (elementy trzymaj\u0105 si\u0119 razem jako jeden zestaw).<br \/>\n<b>\u2022\u00a0 Mocowanie:<\/b> Regulowany pasek z paracordu z solidnym karabi\u0144czykiem.<br \/>\n<b>\u2022\u00a0 Kompatybilno\u015b\u0107:<\/b> Idealny do standardowych motk\u00f3w, oraz grubszych w\u0142\u00f3czek pluszowych.<\/p>\n<p><strong><br \/>\nKolor: Dusty pink<\/strong><\/p>\n<h3><strong><br \/>\nNasz uchwyt na w\u0142\u00f3czk\u0119 jest lekki, nowoczesny i wyj\u0105tkowo przyjemny w u\u017cytkowaniu \u2014 idealny dla os\u00f3b, kt\u00f3re lubi\u0105 mie\u0107 pod r\u0119k\u0105 akcesoria r\u00f3wnie praktyczne, co estetyczne. Wystarczy za\u0142o\u017cy\u0107 go na r\u0119k\u0119, przypi\u0105\u0107 do plecaka lub torby, a motek zawsze pozostanie tam, gdzie powinien.<\/strong><\/h3>\n<p>&nbsp;<\/p>\n<p class=\"p1\"><strong>Wyst\u0119puje w o\u015bmiu wersjach kolorystycznych.<\/strong><\/p>\n<div class=\"mceTemp\"><a href=\"https:\/\/sovalab.pl\/wp-content\/uploads\/2025\/11\/kolory_kolowrotek_na_wloczke_SOVALAB-min-1-scaled.png\"><img loading=\"lazy\" decoding=\"async\" class=\"wp-image-10051009 size-large\" src=\"https:\/\/sovalab.pl\/wp-content\/uploads\/2025\/11\/kolory_kolowrotek_na_wloczke_SOVALAB-min-1-1024x463.png\" alt=\"Uchwyt na w\u0142\u00f3czk\u0119\" width=\"1024\" height=\"463\" title=\"\" srcset=\"https:\/\/sovalab.pl\/wp-content\/uploads\/2025\/11\/kolory_kolowrotek_na_wloczke_SOVALAB-min-1-1024x463.png 1024w, https:\/\/sovalab.pl\/wp-content\/uploads\/2025\/11\/kolory_kolowrotek_na_wloczke_SOVALAB-min-1-300x136.png 300w, https:\/\/sovalab.pl\/wp-content\/uploads\/2025\/11\/kolory_kolowrotek_na_wloczke_SOVALAB-min-1-768x347.png 768w, https:\/\/sovalab.pl\/wp-content\/uploads\/2025\/11\/kolory_kolowrotek_na_wloczke_SOVALAB-min-1-1536x695.png 1536w\" sizes=\"auto, (max-width: 1024px) 100vw, 1024px\" \/><\/a><strong><br \/>\n<\/strong>Staramy si\u0119, aby zdj\u0119cia naszych produkt\u00f3w wiernie oddawa\u0142y rzeczywisty kolor przedmiotu. Jednak\u017ce, ze wzgl\u0119du na r\u00f3\u017cnice w ustawieniach monitor\u00f3w i innych urz\u0105dze\u0144 (jasno\u015b\u0107, kontrast, nasycenie, itp.) mo\u017ce wyst\u0105pi\u0107 niewielka r\u00f3\u017cnica w kolorze mi\u0119dzy tym, co jest pokazane na stronie, a produktem fizycznym.<\/div>\n","protected":false},"excerpt":{"rendered":"<p>Ujarzmij sw\u00f3j motek i szyde\u0142kuj lub dziergaj gdziekolwiek jeste\u015b! &nbsp; Zapomnij o uciekaj\u0105cym motku i spl\u0105tanej w\u0142\u00f3czce. Nasz, przeno\u015bny uchwyt na w\u0142\u00f3czk\u0119 to niezb\u0119dny gad\u017cet dla ka\u017cdej pasjonatki dziergania i szyde\u0142kowania, kt\u00f3ra ceni sobie mobilno\u015b\u0107 i wygod\u0119. To idealne rozwi\u0105zanie,&#8230;<\/p>\n","protected":false},"featured_media":10050786,"comment_status":"open","ping_status":"closed","template":"","meta":[],"product_brand":[390],"product_cat":[434,541],"product_tag":[],"class_list":{"0":"post-10050676","1":"product","2":"type-product","3":"status-publish","4":"has-post-thumbnail","6":"product_brand-sovalab","7":"product_cat-stojaki-na-wloczke","8":"product_cat-przenosne","10":"first","11":"instock","12":"taxable","13":"shipping-taxable","14":"purchasable","15":"product-type-simple"},"_links":{"self":[{"href":"https:\/\/sovalab.pl\/en\/wp-json\/wp\/v2\/product\/10050676","targetHints":{"allow":["GET"]}}],"collection":[{"href":"https:\/\/sovalab.pl\/en\/wp-json\/wp\/v2\/product"}],"about":[{"href":"https:\/\/sovalab.pl\/en\/wp-json\/wp\/v2\/types\/product"}],"replies":[{"embeddable":true,"href":"https:\/\/sovalab.pl\/en\/wp-json\/wp\/v2\/comments?post=10050676"}],"wp:featuredmedia":[{"embeddable":true,"href":"https:\/\/sovalab.pl\/en\/wp-json\/wp\/v2\/media\/10050786"}],"wp:attachment":[{"href":"https:\/\/sovalab.pl\/en\/wp-json\/wp\/v2\/media?parent=10050676"}],"wp:term":[{"taxonomy":"product_brand","embeddable":true,"href":"https:\/\/sovalab.pl\/en\/wp-json\/wp\/v2\/product_brand?post=10050676"},{"taxonomy":"product_cat","embeddable":true,"href":"https:\/\/sovalab.pl\/en\/wp-json\/wp\/v2\/product_cat?post=10050676"},{"taxonomy":"product_tag","embeddable":true,"href":"https:\/\/sovalab.pl\/en\/wp-json\/wp\/v2\/product_tag?post=10050676"}],"curies":[{"name":"wp","href":"https:\/\/api.w.org\/{rel}","templated":true}]}}