
{"id":10051476,"date":"2025-12-15T16:24:51","date_gmt":"2025-12-15T15:24:51","guid":{"rendered":"https:\/\/sovalab.pl\/?post_type=product&#038;p=10051476"},"modified":"2026-05-06T17:51:59","modified_gmt":"2026-05-06T15:51:59","slug":"magnetyczne-pionki-do-poziomowania-szafek-blatow-mebli-z-obciazeniem-10szt","status":"publish","type":"product","link":"https:\/\/sovalab.pl\/en\/magnetyczne-pionki-do-poziomowania-szafek-blatow-mebli-z-obciazeniem-10szt\/","title":{"rendered":"Magnetyczne pionki do poziomowania szafek blat\u00f3w mebli z obci\u0105\u017ceniem 10szt."},"content":{"rendered":"<div class=\"mpof_ki myre_zn myre_8v_l m389_6m_l\">\n<div class=\"mp4t_16_s mryx_16_s mr3m_1 mli2_1 mh85_56 mh85_0_l\">\n<div class=\"mgn2_16 _0d3bd_am0a-\">\n<p>Ka&#380;dy, kto cho&#263; raz montowa&#322; kuchni&#281;, wie jedno: <b>nawet milimetr r&oacute;&#380;nicy potrafi zepsu&#263; ca&#322;&#261; zabudow&#281;<\/b>. Dlatego profesjonali&#347;ci nie polegaj&#261; na &bdquo;na oko&rdquo;, tylko na systemach, kt&oacute;re gwarantuj&#261; powtarzalno&#347;&#263;, precyzj&#281; i spok&oacute;j ducha. Ten zestaw pionk&oacute;w w&#322;a&#347;nie taki jest: <b>prosty jak genialne narz&#281;dzie, skuteczny jak do&#347;wiadczenie dobrego stolarza.<\/b><\/p>\n<p><b>Profesjonalny zestaw pionk&oacute;w do poziomowania korpus&oacute;w mebli kuchennych, blat&oacute;w i modu&#322;&oacute;w meblowych, gotowy do monta&#380;u z wykorzystaniem 1 mm kontrastowego paska, kt&oacute;ry znacz&#261;co u&#322;atwia dok&#322;adne, czarno-bia&#322;e oznaczenie wysoko&#347;&#263;.<\/b><\/p>\n<p><b>Pionki s&#261; wyposa&#380;one jest w mocne magnesy, dzi&#281;ki czemu mo&#380;esz u&#380;ywa&#263; ich nie tylko do poziomowania blat&oacute;w i szafek, ale tak&#380;e do ustawiania pion&oacute;w konstrukcyjnych, metalowych profili, stela&#380;y podwieszanych sufit&oacute;w, p&#322;yt GK czy modu&#322;owych zabud&oacute;w. P<\/b><b>ionek trzyma si&#281; stabilnie nawet na pionowych elementach. To sprawia, &#380;e zestaw staje si&#281; narz&#281;dziem wielozadaniowym &#8211; idealnym wsz&#281;dzie tam, gdzie liczy si&#281; szybkie i precyzyjne ustawienie geometryczne.<\/b><\/p>\n<\/div>\n<\/div>\n<\/div>\n<div class=\"mpof_ki myre_zn myre_8v_l m389_6m_l\">\n<div class=\"mp4t_16_s mryx_16_s mr3m_1 mli2_1 mh85_56 mh85_0_l\">\n<div class=\"mgn2_16 _0d3bd_am0a-\">\n<ul>\n<li><b>Idealnie wsp&oacute;&#322;pracuj&#261; ze znacznikami laserowymi<\/b> &#8211; jedna linia laserowa i wiesz dok&#322;adnie, gdzie ustawi&#263; ka&#380;dy korpus. Pionki idealnie &ldquo;&#322;api&#261;&rdquo; poziom, dzi&#281;ki czemu praca idzie szybciej, a efekt jest perfekcyjny.<\/li>\n<li><b>Kontrastowy pasek 1 mm (czarno-bia&#322;y)<\/b>&nbsp;&#8211; daje natychmiastowy, czytelny punkt odniesienia. Widzisz r&oacute;&#380;nic&#281; od razu, bez schylania i nerw&oacute;w.<\/li>\n<li><b>Nadrukowane wysoko&#347;ci 3 rozmiar&oacute;w<\/b>&nbsp;&#8211; nie musisz mierzy&#263;, zgadywa&#263; ani opisywa&#263; markerem.<b>12 mm<\/b> &#8211; pod cienkie p&#322;yty HPL i lekkie modu&#322;y.<b>20 mm<\/b> &#8211;&nbsp;<b>standard<\/b> do wi&#281;kszo&#347;ci szafek i korpus&oacute;w.<b>38 mm<\/b> &#8211; gdy w gr&#281; wchodz&#261; <b>blaty, ci&#281;&#380;sze elementy i du&#380;e zabudowy<\/b>.<\/li>\n<\/ul>\n<p>Ka&#380;dy rozmiar wyra&#378;nie oznaczony, <b>pionki gotowe <\/b>do pracy od razu po wyj&#281;ciu z paczki.<\/p>\n<\/div>\n<\/div>\n<div class=\"mp4t_16_s mryx_16_s mr3m_1 mli2_1 mh85_56 mh85_0_l\">\n<div class=\"mg9e_8 mj7a_8 mg9e_0_s mvrt_0_s mj7a_0_s mh36_0_s mzmg_6m munh_16_l m3h2_16_l\">\n<div class=\"mp4t_0 mryx_0 munh_56 m3h2_56\">\n<div class=\"mp7g_oh\"><\/div>\n<\/div>\n<\/div>\n<\/div>\n<\/div>\n<div class=\"mpof_ki myre_zn myre_8v_l m389_6m_l\">\n<div class=\"mp4t_16_s mryx_16_s mr3m_1 mli2_1 mh85_56 mh85_0_l\">\n<div class=\"mgn2_16 _0d3bd_am0a-\">\n<p><b>Co zyskujesz?<\/b><\/p>\n<ul>\n<li><b>Perfekcyjne wypoziomowanie<\/b> &#8211; bez naci&#261;gania, bez klin&oacute;w, bez improwizacji.<\/li>\n<li><b>Szybszy monta&#380;<\/b> &#8211; bo ustawiasz meble pod laser, k&#322;adziesz pionki i gotowe.<\/li>\n<li><b>Maksymaln&#261; stabilno&#347;&#263;<\/b> &#8211; pionki wytrzymuj&#261; du&#380;e obci&#261;&#380;enia, nie odkszta&#322;caj&#261; si&#281; i nie &bdquo;siadaj&#261;&rdquo; z czasem<\/li>\n<\/ul>\n<\/div>\n<\/div>\n<\/div>\n<div class=\"mpof_ki myre_zn myre_8v_l m389_6m_l\">\n<div class=\"mp4t_16_s mryx_16_s mr3m_1 mli2_1 mh85_56 mh85_0_l\">\n<div class=\"mg9e_8 mj7a_8 mg9e_0_s mvrt_0_s mj7a_0_s mh36_0_s mzmg_6m munh_16_l m3h2_16_l\"><\/div>\n<\/div>\n<div class=\"mp4t_16_s mryx_16_s mr3m_1 mli2_1 mh85_56 mh85_0_l\">\n<div class=\"mg9e_8 mj7a_8 mg9e_0_s mvrt_0_s mj7a_0_s mh36_0_s mzmg_6m munh_16_l m3h2_16_l\">\n<div class=\"mp4t_0 mryx_0 munh_56 m3h2_56\">\n<div class=\"mp7g_oh\"><\/div>\n<\/div>\n<\/div>\n<\/div>\n<\/div>\n","protected":false},"excerpt":{"rendered":"<p>Ka&#380;dy, kto cho&#263; raz montowa&#322; kuchni&#281;, wie jedno: nawet milimetr r&oacute;&#380;nicy potrafi zepsu&#263; ca&#322;&#261; zabudow&#281;. Dlatego profesjonali&#347;ci nie polegaj&#261; na &bdquo;na oko&rdquo;, tylko na systemach, kt&oacute;re gwarantuj&#261; powtarzalno&#347;&#263;, precyzj&#281; i spok&oacute;j ducha. Ten zestaw pionk&oacute;w w&#322;a&#347;nie taki jest: prosty jak&#8230;<\/p>\n","protected":false},"featured_media":10051034,"comment_status":"open","ping_status":"closed","template":"","meta":[],"product_brand":[390],"product_cat":[182],"product_tag":[],"class_list":{"0":"post-10051476","1":"product","2":"type-product","3":"status-publish","4":"has-post-thumbnail","6":"product_brand-sovalab","7":"product_cat-narzedzia","9":"first","10":"instock","11":"taxable","12":"shipping-taxable","13":"purchasable","14":"product-type-simple"},"_links":{"self":[{"href":"https:\/\/sovalab.pl\/en\/wp-json\/wp\/v2\/product\/10051476","targetHints":{"allow":["GET"]}}],"collection":[{"href":"https:\/\/sovalab.pl\/en\/wp-json\/wp\/v2\/product"}],"about":[{"href":"https:\/\/sovalab.pl\/en\/wp-json\/wp\/v2\/types\/product"}],"replies":[{"embeddable":true,"href":"https:\/\/sovalab.pl\/en\/wp-json\/wp\/v2\/comments?post=10051476"}],"wp:featuredmedia":[{"embeddable":true,"href":"https:\/\/sovalab.pl\/en\/wp-json\/wp\/v2\/media\/10051034"}],"wp:attachment":[{"href":"https:\/\/sovalab.pl\/en\/wp-json\/wp\/v2\/media?parent=10051476"}],"wp:term":[{"taxonomy":"product_brand","embeddable":true,"href":"https:\/\/sovalab.pl\/en\/wp-json\/wp\/v2\/product_brand?post=10051476"},{"taxonomy":"product_cat","embeddable":true,"href":"https:\/\/sovalab.pl\/en\/wp-json\/wp\/v2\/product_cat?post=10051476"},{"taxonomy":"product_tag","embeddable":true,"href":"https:\/\/sovalab.pl\/en\/wp-json\/wp\/v2\/product_tag?post=10051476"}],"curies":[{"name":"wp","href":"https:\/\/api.w.org\/{rel}","templated":true}]}}