
{"id":10052037,"date":"2026-01-17T00:09:46","date_gmt":"2026-01-16T23:09:46","guid":{"rendered":"https:\/\/sovalab.pl\/?post_type=product&#038;p=10052037"},"modified":"2026-01-17T00:50:28","modified_gmt":"2026-01-16T23:50:28","slug":"kolowrotek-na-wloczke-yarn-spinner-for-crochet-knitting-deep-gray","status":"publish","type":"product","link":"https:\/\/sovalab.pl\/en\/kolowrotek-na-wloczke-yarn-spinner-for-crochet-knitting-deep-gray\/","title":{"rendered":"Ko\u0142owrotek na w\u0142\u00f3czk\u0119 | Yarn spinner for Crochet \/ Knitting &#8211; Deep Gray"},"content":{"rendered":"<h1><b>Koniec z uciekaj\u0105c\u0105 i pl\u0105cz\u0105cym si\u0119 motkiem odkryj ten stylowy ko\u0142owrotek na w\u0142\u00f3czk\u0119!<\/b><\/h1>\n<p>&nbsp;<\/p>\n<h4 class=\"p1\">Czy podczas szyde\u0142kowania zdarza si\u0119, \u017ce w\u0142\u00f3czka ucieka, pl\u0105cze si\u0119 lub przeszkadza w pracy?Ten problem znika dzi\u0119ki temu pinnerowi do w\u0142\u00f3czki.<\/h4>\n<h4><\/h4>\n<h4 class=\"p1\"><strong>KOLOR: DEEP GRAY<\/strong><\/h4>\n<h3><\/h3>\n<h3><\/h3>\n<h3><b>P\u0142ynne rozwijanie bez szarpania<\/b><\/h3>\n<p class=\"p1\">Wystarczy na\u0142o\u017cy\u0107 motek na trzpie\u0144, aby w\u0142\u00f3czka rozwija\u0142a si\u0119 r\u00f3wnomiernie i p\u0142ynnie, dok\u0142adnie w rytmie Twojego dziergania. Obrotowa baza osadzona na \u0142o\u017cysku zapewnia cich\u0105, lekk\u0105 prac\u0119 bez zaci\u0119\u0107.<\/p>\n<h3><\/h3>\n<h3><\/h3>\n<h3><b>Stabilno\u015b\u0107 i komfort u\u017cytkowania<\/b><\/h3>\n<p class=\"p1\">Dodatkowe metalowe wype\u0142nienie zwi\u0119ksza stabilno\u015b\u0107 ko\u0142owrotka, dzi\u0119ki czemu pewnie stoi na pod\u0142o\u017cu i nie przesuwa si\u0119 podczas pracy. To realne u\u0142atwienie, kt\u00f3re szybko doceni ka\u017cda osoba szyde\u0142kuj\u0105ca lub robi\u0105ca na drutach.<\/p>\n<h3><\/h3>\n<h3><\/h3>\n<h3><b>D<\/b><b>esign, kt\u00f3ry cieszy oko <\/b><b>\ud83c\udf38<\/b><\/h3>\n<p class=\"p3\">Spinner zosta\u0142 wykonany z dba\u0142o\u015bci\u0105 o detale w technologii druku 3D. Forma inspirowana kszta\u0142tem kwiatu nadaje mu dekoracyjny charakter i sprawia, \u017ce \u015bwietnie prezentuje si\u0119 w ka\u017cdej przestrzeni tw\u00f3rczej.<\/p>\n<h3><\/h3>\n<h3><\/h3>\n<h3><b>Idealny pomys\u0142 na prezent <\/b><b>\ud83c\udf81<\/b><\/h3>\n<p class=\"p3\">Praktyczny, estetyczny i uniwersalny \u2014 doskona\u0142y wyb\u00f3r na prezent dla Mamy, Babci, Cioci &#8211; ka\u017cdej mi\u0142o\u015bniczki i mi\u0142o\u015bnika dziergania lub szyde\u0142kowania.<\/p>\n<p>&nbsp;<\/p>\n<p><strong>O<\/strong><strong>ferta dotyczy tylko ko\u0142owrotka (bez w\u0142\u00f3czki).<\/strong><\/p>\n<p>Staramy si\u0119, aby zdj\u0119cia naszych produkt\u00f3w wiernie oddawa\u0142y rzeczywisty kolor przedmiotu. Jednak\u017ce, ze wzgl\u0119du na r\u00f3\u017cnice w ustawieniach monitor\u00f3w i innych urz\u0105dze\u0144 (jasno\u015b\u0107, kontrast, nasycenie, itp.) mo\u017ce wyst\u0105pi\u0107 niewielka r\u00f3\u017cnica w kolorze mi\u0119dzy tym, co jest pokazane na stronie, a produktem fizycznym.<\/p>\n<p>&nbsp;<\/p>\n<p>&nbsp;<\/p>\n<blockquote class=\"instagram-media\" style=\"background: #FFF; border: 0; border-radius: 3px; box-shadow: 0 0 1px 0 rgba(0,0,0,0.5),0 1px 10px 0 rgba(0,0,0,0.15); margin: 1px; max-width: 540px; min-width: 326px; padding: 0; width: calc(100% - 2px);\" data-instgrm-captioned=\"\" data-instgrm-permalink=\"https:\/\/www.instagram.com\/p\/DELOlhQo9ym\/?amp;utm_campaign=loading\" data-instgrm-version=\"14\">\n<div style=\"padding: 16px;\">\n<p>&nbsp;<\/p>\n<div style=\"display: flex; flex-direction: row; align-items: center;\">\n<div style=\"background-color: #f4f4f4; border-radius: 50%; flex-grow: 0; height: 40px; margin-right: 14px; width: 40px;\"><\/div>\n<div style=\"display: flex; flex-direction: column; flex-grow: 1; justify-content: center;\">\n<div style=\"background-color: #f4f4f4; border-radius: 4px; flex-grow: 0; height: 14px; margin-bottom: 6px; width: 100px;\"><\/div>\n<div style=\"background-color: #f4f4f4; border-radius: 4px; flex-grow: 0; height: 14px; width: 60px;\"><\/div>\n<\/div>\n<\/div>\n<div style=\"padding: 19% 0;\"><\/div>\n<div style=\"display: block; height: 50px; margin: 0 auto 12px; width: 50px;\"><\/div>\n<div style=\"padding-top: 8px;\">\n<div style=\"color: #3897f0; font-family: Arial,sans-serif; font-size: 14px; font-style: normal; font-weight: 550; line-height: 18px;\">Wy\u015bwietl ten post na Instagramie<\/div>\n<\/div>\n<div style=\"padding: 12.5% 0;\"><\/div>\n<div style=\"display: flex; flex-direction: row; margin-bottom: 14px; align-items: center;\">\n<div>\n<div style=\"background-color: #f4f4f4; border-radius: 50%; height: 12.5px; width: 12.5px; transform: translateX(0px) translateY(7px);\"><\/div>\n<div style=\"background-color: #f4f4f4; height: 12.5px; transform: rotate(-45deg) translateX(3px) translateY(1px); width: 12.5px; flex-grow: 0; margin-right: 14px; margin-left: 2px;\"><\/div>\n<div style=\"background-color: #f4f4f4; border-radius: 50%; height: 12.5px; width: 12.5px; transform: translateX(9px) translateY(-18px);\"><\/div>\n<\/div>\n<div style=\"margin-left: 8px;\">\n<div style=\"background-color: #f4f4f4; border-radius: 50%; flex-grow: 0; height: 20px; width: 20px;\"><\/div>\n<div style=\"width: 0; height: 0; border-top: 2px solid transparent; border-left: 6px solid #f4f4f4; border-bottom: 2px solid transparent; transform: translateX(16px) translateY(-4px) rotate(30deg);\"><\/div>\n<\/div>\n<div style=\"margin-left: auto;\">\n<div style=\"width: 0px; border-top: 8px solid #F4F4F4; border-right: 8px solid transparent; transform: translateY(16px);\"><\/div>\n<div style=\"background-color: #f4f4f4; flex-grow: 0; height: 12px; width: 16px; transform: translateY(-4px);\"><\/div>\n<div style=\"width: 0; height: 0; border-top: 8px solid #F4F4F4; border-left: 8px solid transparent; transform: translateY(-4px) translateX(8px);\"><\/div>\n<\/div>\n<\/div>\n<div style=\"display: flex; flex-direction: column; flex-grow: 1; justify-content: center; margin-bottom: 24px;\">\n<div style=\"background-color: #f4f4f4; border-radius: 4px; flex-grow: 0; height: 14px; margin-bottom: 6px; width: 224px;\"><\/div>\n<div style=\"background-color: #f4f4f4; border-radius: 4px; flex-grow: 0; height: 14px; width: 144px;\"><\/div>\n<\/div>\n<p>&nbsp;<\/p>\n<p style=\"color: #c9c8cd; font-family: Arial,sans-serif; font-size: 14px; line-height: 17px; margin-bottom: 0; margin-top: 8px; overflow: hidden; padding: 8px 0 7px; text-align: center; text-overflow: ellipsis; white-space: nowrap;\"><a style=\"color: #c9c8cd; font-family: Arial,sans-serif; font-size: 14px; font-style: normal; font-weight: normal; line-height: 17px; text-decoration: none;\" href=\"https:\/\/www.instagram.com\/reel\/C_iePujoHA7\/?utm_source=ig_web_copy_link&amp;igsh=MzRlODBiNWFlZA==\" target=\"_blank\" rel=\"noopener\">Post udost\u0119pniony przez s o v a l a b DRUK 3D (@sovalab.pl)<\/a><\/p>\n<\/div>\n<\/blockquote>\n<p><script src=\"\/\/www.instagram.com\/embed.js\" async=\"\"><\/script><\/p>\n","protected":false},"excerpt":{"rendered":"<h3><span class=\"s1\"><b>Spinner do w\u0142\u00f3czki<\/b><\/span> u\u0142atwia szyde\u0142kowanie i dzierganie, zapobiegaj\u0105c pl\u0105taniu i uciekaniu motka. Obrotowa baza na \u0142o\u017cysku zapewnia p\u0142ynne rozwijanie w\u0142\u00f3czki.<\/h3>\n","protected":false},"featured_media":10052048,"comment_status":"open","ping_status":"closed","template":"","meta":[],"product_brand":[390],"product_cat":[434],"product_tag":[],"class_list":{"0":"post-10052037","1":"product","2":"type-product","3":"status-publish","4":"has-post-thumbnail","6":"product_brand-sovalab","7":"product_cat-stojaki-na-wloczke","8":"product_shipping_class-male","10":"first","11":"instock","12":"taxable","13":"shipping-taxable","14":"purchasable","15":"product-type-simple"},"_links":{"self":[{"href":"https:\/\/sovalab.pl\/en\/wp-json\/wp\/v2\/product\/10052037","targetHints":{"allow":["GET"]}}],"collection":[{"href":"https:\/\/sovalab.pl\/en\/wp-json\/wp\/v2\/product"}],"about":[{"href":"https:\/\/sovalab.pl\/en\/wp-json\/wp\/v2\/types\/product"}],"replies":[{"embeddable":true,"href":"https:\/\/sovalab.pl\/en\/wp-json\/wp\/v2\/comments?post=10052037"}],"wp:featuredmedia":[{"embeddable":true,"href":"https:\/\/sovalab.pl\/en\/wp-json\/wp\/v2\/media\/10052048"}],"wp:attachment":[{"href":"https:\/\/sovalab.pl\/en\/wp-json\/wp\/v2\/media?parent=10052037"}],"wp:term":[{"taxonomy":"product_brand","embeddable":true,"href":"https:\/\/sovalab.pl\/en\/wp-json\/wp\/v2\/product_brand?post=10052037"},{"taxonomy":"product_cat","embeddable":true,"href":"https:\/\/sovalab.pl\/en\/wp-json\/wp\/v2\/product_cat?post=10052037"},{"taxonomy":"product_tag","embeddable":true,"href":"https:\/\/sovalab.pl\/en\/wp-json\/wp\/v2\/product_tag?post=10052037"}],"curies":[{"name":"wp","href":"https:\/\/api.w.org\/{rel}","templated":true}]}}