
{"id":10052614,"date":"2026-02-12T17:26:45","date_gmt":"2026-02-12T16:26:45","guid":{"rendered":"https:\/\/sovalab.pl\/?post_type=product&#038;p=10052614"},"modified":"2026-02-12T17:29:41","modified_gmt":"2026-02-12T16:29:41","slug":"adapter-festool-cleantec-do-hikoki-m8v2","status":"publish","type":"product","link":"https:\/\/sovalab.pl\/en\/adapter-festool-cleantec-do-hikoki-m8v2\/","title":{"rendered":"Adapter Festool Cleantec do Hikoki M8V2"},"content":{"rendered":"<h3 data-start=\"137\" data-end=\"182\">Adapter Festool Cleantec do Hikoki M8V2<\/h3>\n<p data-start=\"137\" data-end=\"182\">Adapter umo\u017cliwiaj\u0105cy pod\u0142\u0105czenie w\u0119\u017ca <strong data-start=\"39\" data-end=\"59\">Festool Cleantec<\/strong> do<strong>\u00a0Hikoki M8V2<\/strong><\/p>\n<p data-start=\"137\" data-end=\"182\">Wykonany w technologii druku 3D z wytrzyma\u0142ego materia\u0142u w kolorze czarnym, zapewnia precyzyjne dopasowanie, szczelne po\u0142\u0105czenie i stabiln\u0105 prac\u0119 bez luz\u00f3w.<\/p>\n<p data-start=\"137\" data-end=\"182\">\n","protected":false},"excerpt":{"rendered":"<p>Adapter Festool Cleantec do Hikoki M8V2 Adapter umo\u017cliwiaj\u0105cy pod\u0142\u0105czenie w\u0119\u017ca Festool Cleantec do\u00a0Hikoki M8V2 Wykonany w technologii druku 3D z wytrzyma\u0142ego materia\u0142u w kolorze czarnym, zapewnia precyzyjne dopasowanie, szczelne po\u0142\u0105czenie i stabiln\u0105 prac\u0119 bez luz\u00f3w.<\/p>\n","protected":false},"featured_media":10052615,"comment_status":"open","ping_status":"closed","template":"","meta":[],"product_brand":[390],"product_cat":[196,431,386],"product_tag":[],"class_list":{"0":"post-10052614","1":"product","2":"type-product","3":"status-publish","4":"has-post-thumbnail","6":"product_brand-sovalab","7":"product_cat-odciagi","8":"product_cat-adapter-dewalt","9":"product_cat-adaptery-redukcje","10":"product_shipping_class-male","12":"first","13":"instock","14":"taxable","15":"shipping-taxable","16":"purchasable","17":"product-type-simple"},"_links":{"self":[{"href":"https:\/\/sovalab.pl\/en\/wp-json\/wp\/v2\/product\/10052614","targetHints":{"allow":["GET"]}}],"collection":[{"href":"https:\/\/sovalab.pl\/en\/wp-json\/wp\/v2\/product"}],"about":[{"href":"https:\/\/sovalab.pl\/en\/wp-json\/wp\/v2\/types\/product"}],"replies":[{"embeddable":true,"href":"https:\/\/sovalab.pl\/en\/wp-json\/wp\/v2\/comments?post=10052614"}],"wp:featuredmedia":[{"embeddable":true,"href":"https:\/\/sovalab.pl\/en\/wp-json\/wp\/v2\/media\/10052615"}],"wp:attachment":[{"href":"https:\/\/sovalab.pl\/en\/wp-json\/wp\/v2\/media?parent=10052614"}],"wp:term":[{"taxonomy":"product_brand","embeddable":true,"href":"https:\/\/sovalab.pl\/en\/wp-json\/wp\/v2\/product_brand?post=10052614"},{"taxonomy":"product_cat","embeddable":true,"href":"https:\/\/sovalab.pl\/en\/wp-json\/wp\/v2\/product_cat?post=10052614"},{"taxonomy":"product_tag","embeddable":true,"href":"https:\/\/sovalab.pl\/en\/wp-json\/wp\/v2\/product_tag?post=10052614"}],"curies":[{"name":"wp","href":"https:\/\/api.w.org\/{rel}","templated":true}]}}