
{"id":10053266,"date":"2026-03-20T16:02:53","date_gmt":"2026-03-20T15:02:53","guid":{"rendered":"https:\/\/sovalab.pl\/?post_type=product&#038;p=10053266"},"modified":"2026-03-20T16:03:59","modified_gmt":"2026-03-20T15:03:59","slug":"adapter-festool-ct-odkurzacz-stanley","status":"publish","type":"product","link":"https:\/\/sovalab.pl\/en\/adapter-festool-ct-odkurzacz-stanley\/","title":{"rendered":"Adapter Festool CT &#8211; Odkurzacz Stanley"},"content":{"rendered":"<p>Adapter Festool CT \u2013 Odkurzacz Stanley umo\u017cliwia szybkie i pewne pod\u0142\u0105czenie w\u0119\u017ca Festool do odkurzaczy marki Stanley. Wykonany w technologii druku 3D, zapewnia dobre dopasowanie i trwa\u0142o\u015b\u0107 w codziennym u\u017cytkowaniu. Produkt w kolorze czarnym, estetyczny i praktyczny do warsztatu.<\/p>\n","protected":false},"excerpt":{"rendered":"<p>Adapter Festool CT \u2013 Odkurzacz Stanley umo\u017cliwia szybkie i pewne pod\u0142\u0105czenie w\u0119\u017ca Festool do odkurzaczy marki Stanley. Wykonany w technologii druku 3D, zapewnia dobre dopasowanie i trwa\u0142o\u015b\u0107 w codziennym u\u017cytkowaniu. Produkt w kolorze czarnym, estetyczny i praktyczny do warsztatu.<\/p>\n","protected":false},"featured_media":10053267,"comment_status":"open","ping_status":"closed","template":"","meta":[],"product_brand":[],"product_cat":[196,432],"product_tag":[],"class_list":{"0":"post-10053266","1":"product","2":"type-product","3":"status-publish","4":"has-post-thumbnail","6":"product_cat-odciagi","7":"product_cat-adapter-festool","9":"first","10":"instock","11":"taxable","12":"shipping-taxable","13":"purchasable","14":"product-type-simple"},"_links":{"self":[{"href":"https:\/\/sovalab.pl\/en\/wp-json\/wp\/v2\/product\/10053266","targetHints":{"allow":["GET"]}}],"collection":[{"href":"https:\/\/sovalab.pl\/en\/wp-json\/wp\/v2\/product"}],"about":[{"href":"https:\/\/sovalab.pl\/en\/wp-json\/wp\/v2\/types\/product"}],"replies":[{"embeddable":true,"href":"https:\/\/sovalab.pl\/en\/wp-json\/wp\/v2\/comments?post=10053266"}],"wp:featuredmedia":[{"embeddable":true,"href":"https:\/\/sovalab.pl\/en\/wp-json\/wp\/v2\/media\/10053267"}],"wp:attachment":[{"href":"https:\/\/sovalab.pl\/en\/wp-json\/wp\/v2\/media?parent=10053266"}],"wp:term":[{"taxonomy":"product_brand","embeddable":true,"href":"https:\/\/sovalab.pl\/en\/wp-json\/wp\/v2\/product_brand?post=10053266"},{"taxonomy":"product_cat","embeddable":true,"href":"https:\/\/sovalab.pl\/en\/wp-json\/wp\/v2\/product_cat?post=10053266"},{"taxonomy":"product_tag","embeddable":true,"href":"https:\/\/sovalab.pl\/en\/wp-json\/wp\/v2\/product_tag?post=10053266"}],"curies":[{"name":"wp","href":"https:\/\/api.w.org\/{rel}","templated":true}]}}