
{"id":10053591,"date":"2026-04-10T10:10:01","date_gmt":"2026-04-10T08:10:01","guid":{"rendered":"https:\/\/sovalab.pl\/?post_type=product&#038;p=10053591"},"modified":"2026-04-10T10:10:58","modified_gmt":"2026-04-10T08:10:58","slug":"mini-magnetyczne-zlacze-port-do-odkurzacza-starmix","status":"publish","type":"product","link":"https:\/\/sovalab.pl\/en\/mini-magnetyczne-zlacze-port-do-odkurzacza-starmix\/","title":{"rendered":"MINI Magnetyczne Z\u0142\u0105cze PORT do odkurzacza STARMIX"},"content":{"rendered":"<p><b>MAGSNAP MINI \u2013 szybkoz\u0142\u0105cze do w\u0119\u017ca odkurzacza Starmix<\/b><\/p>\n<p><b>Szybkie i szczelne po\u0142\u0105czenie \u2013 bez opasek, bez kombinowania<\/b><\/p>\n<p>Masz do\u015b\u0107 si\u0142owania si\u0119 z w\u0119\u017cem odkurzacza?<\/p>\n<p>Z systemem MAGSNAP MINI pod\u0142\u0105czysz go jednym ruchem \u2013 szybko, pewnie i bez zb\u0119dnych element\u00f3w.<\/p>\n<p>Magnetyczne szybkoz\u0142\u0105cze zosta\u0142o zaprojektowane specjalnie pod odkurzacze <b>Starmix<\/b>, zapewniaj\u0105c wygodne i stabilne po\u0142\u0105czenie bez u\u017cycia opasek zaciskowych.<\/p>\n<p>To z\u0142\u0105cze przeznaczone jest wy\u0142\u0105cznie do wersji <b>MINI<\/b> (\u00d8 27\u2013100 mm) i nie jest kompatybilne z wersjami <b>STANDARD<\/b>ani <b>MAX<\/b> dost\u0119pnymi w naszych pozosta\u0142ych ofertach.<\/p>\n<p>\u015arednica wewn\u0119trzna z\u0142\u0105cza<b>: KOMPATYBILNA Z DYSZ\u0104 STARMIX<br \/>\n<\/b><\/p>\n<p><b>Dlaczego warto?<\/b><\/p>\n<ul>\n<li>Dedykowane do pod\u0142\u0105czenia odkurzaczy\u00a0<b>Starmixdo systemu MAGSNAP<\/b><\/li>\n<li>Mocne i szczelne po\u0142\u0105czenie \u2013 dzi\u0119ki magnesom neodymowym<\/li>\n<li>Solidna konstrukcja FDM \u2013 odporna na warunki warsztatowe<\/li>\n<li>System modu\u0142owy \u2013 mo\u017cliwo\u015b\u0107 rozbudowy o inne elementy MAGSNAP MINI<\/li>\n<li>Wygoda pracy \u2013 jedno klikni\u0119cie zamiast kombinowania<b>Dlaczego warto wybra\u0107 nasze z\u0142\u0105cze?<\/b>\n<ul>\n<li>Magnetyczne po\u0142\u0105czenie: Silne magnesy neodymowe eliminuj\u0105 konieczno\u015b\u0107 u\u017cycia narz\u0119dzi czy dodatkowych mocowa\u0144.<\/li>\n<li>Uniwersalno\u015b\u0107: Idealne do maszyn CNC, system\u00f3w SPIRO oraz innych urz\u0105dze\u0144 generuj\u0105cych trociny i wi\u00f3ry, kurz.<\/li>\n<li>Personalizacja: Mo\u017cliwo\u015b\u0107 wykonania z\u0142\u0105cza o niestandardowych rozmiarach, dopasowanego do indywidualnych potrzeb.<\/li>\n<\/ul>\n<p>Wa\u017cne informacje o u\u017cytkowaniu: Z uwagi na r\u00f3\u017cnorodno\u015b\u0107 system\u00f3w odpylania, produkt sprzedawany jest pojedynczo, co pozwala klientom elastycznie dopasowa\u0107 zam\u00f3wienie do swoich potrzeb.<\/p>\n<p>Zalecenia: Aby z\u0142\u0105cza dzia\u0142a\u0142y prawid\u0142owo, konieczne jest zam\u00f3wienie co najmniej dw\u00f3ch sztuk. Oto przyk\u0142adowe konfiguracje:<\/p>\n<p>Mo\u017cliwo\u015b\u0107 dostosowania: Na \u017cyczenie wykonujemy z\u0142\u0105cza o niestandardowych wymiarach, idealnie dopasowane do Twojego systemu odpylania.<\/p>\n<p>Produkty wykonywane s\u0105 na indywidualne zam\u00f3wienie, co oznacza \u017ce nie s\u0105 to produkty kt\u00f3re le\u017c\u0105 na p\u00f3\u0142ce. Tworzone s\u0105 na podstawie przes\u0142anych wytycznych. Dlatego przy takich zam\u00f3wieniach bardzo istotne jest dok\u0142adne podawanie wymiar\u00f3w, gdy\u017c nie ma mo\u017cliwo\u015bci wymiany \/ zwrotu. W zale\u017cno\u015bci od dok\u0142adno\u015bci pomiaru \u2013 z\u0142\u0105cze b\u0119dzie pasowa\u0107 idealnie, lub w skrajnych przypadkach mo\u017ce by\u0107 za ciasne\/za lu\u017ane. Prosz\u0119 nie wbija\u0107 na si\u0142\u0119. Niewielkie rozbie\u017cno\u015bci w wymiarach mo\u017cna poprawi\u0107 zanurzaj\u0105c we wrz\u0105tku \u2013 materia\u0142 stanie si\u0119 podatny na rozci\u0105ganie, ale nie b\u0119dzie elastyczny. Je\u017celi chcesz zaadoptowa\u0107 nasze <b>z\u0142\u0105cza<\/b> do niestandardowych rozwi\u0105za\u0144 zastosowanych w Twoim warsztacie &#8211; <b>poinformuj nas aby\u015bmy mogli dostosowa\u0107 nasze z\u0142\u0105cza magnetyczne.<\/b><\/li>\n<\/ul>\n<p>&nbsp;<\/p>\n","protected":false},"excerpt":{"rendered":"<p>MAGSNAP MINI \u2013 szybkoz\u0142\u0105cze do w\u0119\u017ca odkurzacza Starmix Szybkie i szczelne po\u0142\u0105czenie \u2013 bez opasek, bez kombinowania Masz do\u015b\u0107 si\u0142owania si\u0119 z w\u0119\u017cem odkurzacza? Z systemem MAGSNAP MINI pod\u0142\u0105czysz go jednym ruchem \u2013 szybko, pewnie i bez zb\u0119dnych element\u00f3w. Magnetyczne&#8230;<\/p>\n","protected":false},"featured_media":10053595,"comment_status":"open","ping_status":"closed","template":"","meta":[],"product_brand":[],"product_cat":[15],"product_tag":[],"class_list":{"0":"post-10053591","1":"product","2":"type-product","3":"status-publish","4":"has-post-thumbnail","6":"product_cat-bez-kategorii","8":"first","9":"instock","10":"taxable","11":"shipping-taxable","12":"purchasable","13":"product-type-simple"},"_links":{"self":[{"href":"https:\/\/sovalab.pl\/en\/wp-json\/wp\/v2\/product\/10053591","targetHints":{"allow":["GET"]}}],"collection":[{"href":"https:\/\/sovalab.pl\/en\/wp-json\/wp\/v2\/product"}],"about":[{"href":"https:\/\/sovalab.pl\/en\/wp-json\/wp\/v2\/types\/product"}],"replies":[{"embeddable":true,"href":"https:\/\/sovalab.pl\/en\/wp-json\/wp\/v2\/comments?post=10053591"}],"wp:featuredmedia":[{"embeddable":true,"href":"https:\/\/sovalab.pl\/en\/wp-json\/wp\/v2\/media\/10053595"}],"wp:attachment":[{"href":"https:\/\/sovalab.pl\/en\/wp-json\/wp\/v2\/media?parent=10053591"}],"wp:term":[{"taxonomy":"product_brand","embeddable":true,"href":"https:\/\/sovalab.pl\/en\/wp-json\/wp\/v2\/product_brand?post=10053591"},{"taxonomy":"product_cat","embeddable":true,"href":"https:\/\/sovalab.pl\/en\/wp-json\/wp\/v2\/product_cat?post=10053591"},{"taxonomy":"product_tag","embeddable":true,"href":"https:\/\/sovalab.pl\/en\/wp-json\/wp\/v2\/product_tag?post=10053591"}],"curies":[{"name":"wp","href":"https:\/\/api.w.org\/{rel}","templated":true}]}}