
{"id":10053940,"date":"2026-05-05T22:03:46","date_gmt":"2026-05-05T20:03:46","guid":{"rendered":"https:\/\/sovalab.pl\/?post_type=product&#038;p=10053940"},"modified":"2026-05-05T22:19:20","modified_gmt":"2026-05-05T20:19:20","slug":"skladany-kolowrotek-stojak-na-wloczke-yarn-spinner-sunflower","status":"publish","type":"product","link":"https:\/\/sovalab.pl\/en\/skladany-kolowrotek-stojak-na-wloczke-yarn-spinner-sunflower\/","title":{"rendered":"Sk\u0142adany ko\u0142owrotek &#8211; stojak na w\u0142\u00f3czk\u0119 | Yarn spinner &#8211; SUNFLOWER"},"content":{"rendered":"<h1>Sk\u0142adany ko\u0142owrotek &#8211; spinner na w\u0142\u00f3czk\u0119<\/h1>\n<h1>SUNFLOWER wersja w kszta\u0142cie s\u0142onecznika<\/h1>\n<p class=\"p1\">Czy podczas dziergania zdarza Ci si\u0119, \u017ce w\u0142\u00f3czka pl\u0105cze si\u0119, motek ucieka lub rozwija nier\u00f3wnomiernie?<\/p>\n<p class=\"p1\"><strong>SUNFLOWER<\/strong> to sk\u0142adany i magnetyczny stojak na w\u0142\u00f3czk\u0119 inspirowany form\u0105 s\u0142onecznika &#8211; z wyra\u017anym, promienistym uk\u0142adem wygl\u0105daj\u0105cym jak p\u0142atki kwiatu. Zaprojektowany z my\u015bl\u0105 o p\u0142ynnej, spokojnej pracy i pe\u0142nym komforcie tworzenia. Dzi\u0119ki obrotowej podstawie i przemy\u015blanej konstrukcji ko\u0142owrotek umo\u017cliwia swobodne rozwijanie w\u0142\u00f3czki &#8211; bez przerywania rob\u00f3tki i bez rozpraszania uwagi.<\/p>\n<h3>Zadbaj o komfort podczas dziergania dzi\u0119ki praktycznemu stojakowi, kt\u00f3ry umo\u017cliwia swobodne rozwijanie w\u0142\u00f3czki bez pl\u0105tania, turlania si\u0119 motka czy konieczno\u015bci ci\u0105g\u0142ego poprawiania go r\u0119cznie. Sk\u0142adany ko\u0142owrotek na w\u0142\u00f3czk\u0119, to funkcjonalny gad\u017cet usprawni ka\u017cd\u0105 rob\u00f3tk\u0119 r\u0119czn\u0105, pozwalaj\u0105c Ci skupi\u0107 si\u0119 wy\u0142\u0105cznie na tworzeniu.<\/h3>\n<h3><\/h3>\n<h3><b>Co wyr\u00f3\u017cnia magnetyczny spinner na w\u0142\u00f3czk\u0119 SUNFLOWER<\/b><b>?<\/b><\/h3>\n<ul>\n<li>\n<p class=\"p1\"><b>Obrotowa podstawa z \u0142o\u017cyskiem mechanicznym<\/b><b><\/b><\/p>\n<p class=\"p2\">Motek obraca si\u0119 p\u0142ynnie, w naturalnym rytmie pracy \u2013 bez oporu, szarpania i blokowania w\u0142\u00f3czki.<\/p>\n<\/li>\n<li>\n<p class=\"p1\"><b>Szybki system monta\u017cu \u2013 magnetyczny trzpie\u0144<\/b><b><\/b><\/p>\n<p class=\"p2\">Zak\u0142adanie i zdejmowanie w\u0142\u00f3czki odbywa si\u0119 jednym ruchem, bez rozkr\u0119cania element\u00f3w.<\/p>\n<\/li>\n<li>\n<p class=\"p1\"><b>Zabezpieczenie przed uszkodzeniem<\/b><b><\/b><\/p>\n<p class=\"p2\">W przypadku nag\u0142ego szarpni\u0119cia mechanizm samoczynnie si\u0119 roz\u0142\u0105cza, chroni\u0105c stojak i w\u0142\u00f3czk\u0119.<\/p>\n<\/li>\n<li>\n<p class=\"p1\"><b>Kompaktowa, magnetyczna, sk\u0142adana konstrukcja<\/b><b><\/b><\/p>\n<p class=\"p2\">Stojak mo\u017cna \u0142atwo z\u0142o\u017cy\u0107 i zabra\u0107 ze sob\u0105 \u2013 idealny do domu, na warsztaty, wyjazdy i podr\u00f3\u017ce.<\/p>\n<\/li>\n<li>\n<p class=\"p1\"><b>Stabilno\u015b\u0107 na ka\u017cdej powierzchni<\/b><b><\/b><\/p>\n<p class=\"p2\">Antypo\u015blizgowe stopki zapobiegaj\u0105 przesuwaniu si\u0119 ko\u0142owrotka podczas pracy.<\/p>\n<\/li>\n<li>\n<p class=\"p1\"><b>Teksturowana powierzchnia<\/b><b><\/b><\/p>\n<p class=\"p2\">Subtelna faktura nadaje stojakowi estetyczny wygl\u0105d.<\/p>\n<\/li>\n<\/ul>\n<p class=\"p1\">Stojak na w\u0142\u00f3czk\u0119 <strong>SUNFLOWER<\/strong><\/p>\n<p class=\"p1\">\u0141\u0105czy ciekaw\u0105 i dekoracyjn\u0105 form\u0119 z funkcjonalno\u015bci\u0105. Starannie wykonany, zaprojektowany z my\u015bl\u0105 o spokoju pracy i ergonomii, stanowi idealne uzupe\u0142nienie ka\u017cdego zestawu dziewiarskiego.<\/p>\n<p>&nbsp;<\/p>\n<p><strong>IDEALNY NA PREZENT DLA BLISKIEJ OSOBY.<\/strong><\/p>\n<h3><strong>Rozmiar:<\/strong><\/h3>\n<h3><strong>Baza: 125 x 125mm x 25mm | Trzpie\u0144: 140 mm\u00a0<\/strong><\/h3>\n<p>Staramy si\u0119, aby zdj\u0119cia naszych produkt\u00f3w wiernie oddawa\u0142y rzeczywisty kolor przedmiotu. Jednak\u017ce, ze wzgl\u0119du na r\u00f3\u017cnice w ustawieniach monitor\u00f3w i urz\u0105dze\u0144 (jasno\u015b\u0107, kontrast, nasycenie, itp.) mo\u017ce wyst\u0105pi\u0107 niewielka r\u00f3\u017cnica w kolorze mi\u0119dzy tym, co jest pokazane na stronie, a produktem finalnym. Je\u015bli potrzebujesz dok\u0142adnego dopasowania koloru, skontaktuj si\u0119 z nami, aby\u015bmy mogli przygotowa\u0107 pr\u00f3bk\u0119 koloru, kt\u00f3ry chcesz dopasowa\u0107.<\/p>\n<blockquote class=\"instagram-media\" style=\"background: #FFF; border: 0; border-radius: 3px; box-shadow: 0 0 1px 0 rgba(0,0,0,0.5),0 1px 10px 0 rgba(0,0,0,0.15); margin: 1px; max-width: 540px; min-width: 326px; padding: 0; width: calc(100% - 2px);\" data-instgrm-captioned=\"\" data-instgrm-permalink=\"https:\/\/www.instagram.com\/reel\/DIt8a5aoGFJ\/?utm_source=ig_embed&#038;utm_campaign=loading\" data-instgrm-version=\"14\">\n<div style=\"padding: 16px;\">\n<p>&nbsp;<\/p>\n<div style=\"display: flex; flex-direction: row; align-items: center;\">\n<div style=\"background-color: #f4f4f4; border-radius: 50%; flex-grow: 0; height: 40px; margin-right: 14px; width: 40px;\"><\/div>\n<div style=\"display: flex; flex-direction: column; flex-grow: 1; justify-content: center;\">\n<div style=\"background-color: #f4f4f4; border-radius: 4px; flex-grow: 0; height: 14px; margin-bottom: 6px; width: 100px;\"><\/div>\n<div style=\"background-color: #f4f4f4; border-radius: 4px; flex-grow: 0; height: 14px; width: 60px;\"><\/div>\n<\/div>\n<\/div>\n<div style=\"padding: 19% 0;\"><\/div>\n<div style=\"display: block; height: 50px; margin: 0 auto 12px; width: 50px;\"><\/div>\n<div style=\"padding-top: 8px;\">\n<div style=\"color: #3897f0; font-family: Arial,sans-serif; font-size: 14px; font-style: normal; font-weight: 550; line-height: 18px;\">Wy\u015bwietl ten post na Instagramie<\/div>\n<\/div>\n<div style=\"padding: 12.5% 0;\"><\/div>\n<div style=\"display: flex; flex-direction: row; margin-bottom: 14px; align-items: center;\">\n<div>\n<div style=\"background-color: #f4f4f4; border-radius: 50%; height: 12.5px; width: 12.5px; transform: translateX(0px) translateY(7px);\"><\/div>\n<div style=\"background-color: #f4f4f4; height: 12.5px; transform: rotate(-45deg) translateX(3px) translateY(1px); width: 12.5px; flex-grow: 0; margin-right: 14px; margin-left: 2px;\"><\/div>\n<div style=\"background-color: #f4f4f4; border-radius: 50%; height: 12.5px; width: 12.5px; transform: translateX(9px) translateY(-18px);\"><\/div>\n<\/div>\n<div style=\"margin-left: 8px;\">\n<div style=\"background-color: #f4f4f4; border-radius: 50%; flex-grow: 0; height: 20px; width: 20px;\"><\/div>\n<div style=\"width: 0; height: 0; border-top: 2px solid transparent; border-left: 6px solid #f4f4f4; border-bottom: 2px solid transparent; transform: translateX(16px) translateY(-4px) rotate(30deg);\"><\/div>\n<\/div>\n<div style=\"margin-left: auto;\">\n<div style=\"width: 0px; border-top: 8px solid #F4F4F4; border-right: 8px solid transparent; transform: translateY(16px);\"><\/div>\n<div style=\"background-color: #f4f4f4; flex-grow: 0; height: 12px; width: 16px; transform: translateY(-4px);\"><\/div>\n<div style=\"width: 0; height: 0; border-top: 8px solid #F4F4F4; border-left: 8px solid transparent; transform: translateY(-4px) translateX(8px);\"><\/div>\n<\/div>\n<\/div>\n<div style=\"display: flex; flex-direction: column; flex-grow: 1; justify-content: center; margin-bottom: 24px;\">\n<div style=\"background-color: #f4f4f4; border-radius: 4px; flex-grow: 0; height: 14px; margin-bottom: 6px; width: 224px;\"><\/div>\n<div style=\"background-color: #f4f4f4; border-radius: 4px; flex-grow: 0; height: 14px; width: 144px;\"><\/div>\n<\/div>\n<p>&nbsp;<\/p>\n<p style=\"color: #c9c8cd; font-family: Arial,sans-serif; font-size: 14px; line-height: 17px; margin-bottom: 0; margin-top: 8px; overflow: hidden; padding: 8px 0 7px; text-align: center; text-overflow: ellipsis; white-space: nowrap;\"><a style=\"color: #c9c8cd; font-family: Arial,sans-serif; font-size: 14px; font-style: normal; font-weight: normal; line-height: 17px; text-decoration: none;\" href=\"https:\/\/www.instagram.com\/reel\/DIt8a5aoGFJ\/?utm_source=ig_embed&amp;utm_campaign=loading\" target=\"_blank\" rel=\"noopener\">Post udost\u0119pniony przez s o v a l a b DRUK 3D (@sovalab.pl)<\/a><\/p>\n<\/div>\n<\/blockquote>\n<p><script async src=\"\/\/www.instagram.com\/embed.js\"><\/script><\/p>\n<p>&nbsp;<\/p>\n","protected":false},"excerpt":{"rendered":"<p><strong>SUNFLOWER<\/strong> to sk\u0142adany i magnetyczny spinner na w\u0142\u00f3czk\u0119 inspirowany form\u0105 s\u0142onecznika \u2013 z wyra\u017anym, promienistym uk\u0142adem wygl\u0105daj\u0105cym jak p\u0142atki kwiatu.<\/p>\n","protected":false},"featured_media":10053941,"comment_status":"open","ping_status":"closed","template":"","meta":[],"product_brand":[390],"product_cat":[434],"product_tag":[515,514,516],"class_list":{"0":"post-10053940","1":"product","2":"type-product","3":"status-publish","4":"has-post-thumbnail","6":"product_brand-sovalab","7":"product_cat-stojaki-na-wloczke","8":"product_tag-kolowrotek","9":"product_tag-stojak","10":"product_tag-wloczka","11":"product_shipping_class-male","13":"first","14":"instock","15":"taxable","16":"shipping-taxable","17":"purchasable","18":"product-type-simple"},"_links":{"self":[{"href":"https:\/\/sovalab.pl\/en\/wp-json\/wp\/v2\/product\/10053940","targetHints":{"allow":["GET"]}}],"collection":[{"href":"https:\/\/sovalab.pl\/en\/wp-json\/wp\/v2\/product"}],"about":[{"href":"https:\/\/sovalab.pl\/en\/wp-json\/wp\/v2\/types\/product"}],"replies":[{"embeddable":true,"href":"https:\/\/sovalab.pl\/en\/wp-json\/wp\/v2\/comments?post=10053940"}],"wp:featuredmedia":[{"embeddable":true,"href":"https:\/\/sovalab.pl\/en\/wp-json\/wp\/v2\/media\/10053941"}],"wp:attachment":[{"href":"https:\/\/sovalab.pl\/en\/wp-json\/wp\/v2\/media?parent=10053940"}],"wp:term":[{"taxonomy":"product_brand","embeddable":true,"href":"https:\/\/sovalab.pl\/en\/wp-json\/wp\/v2\/product_brand?post=10053940"},{"taxonomy":"product_cat","embeddable":true,"href":"https:\/\/sovalab.pl\/en\/wp-json\/wp\/v2\/product_cat?post=10053940"},{"taxonomy":"product_tag","embeddable":true,"href":"https:\/\/sovalab.pl\/en\/wp-json\/wp\/v2\/product_tag?post=10053940"}],"curies":[{"name":"wp","href":"https:\/\/api.w.org\/{rel}","templated":true}]}}